{"id":176967,"date":"2022-10-20T02:12:39","date_gmt":"2022-10-20T00:12:39","guid":{"rendered":"http:\/\/dev.claret.cat\/producte\/josep-tarradellas-president-de-la-generalitat-1977-1980\/"},"modified":"2023-01-28T12:49:03","modified_gmt":"2023-01-28T11:49:03","slug":"josep-tarradellas-president-de-la-generalitat-19771980-9788494476594","status":"publish","type":"product","link":"https:\/\/www.claret.cat\/es\/libro\/josep-tarradellas-president-de-la-generalitat-19771980-9788494476594\/","title":{"rendered":"JOSEP TARRADELLAS. PRESIDENT DE LA GENERALITAT (1977-1980)"},"content":{"rendered":"<p>Aquest volum de la col\u00b7lecci\u00f3 que publiquem sobre Josep Tarradellas compr\u00e8n els anys que van de 1977 a 1980. Es tracta d&#8217;un moment clau que posa \u00e8mfasi en el reconeixement de la Generalitat com a instituci\u00f3 del poble catal\u00e0 abans de l&#8217;aprovaci\u00f3 de la Constituci\u00f3 espanyola. S&#8217;inclouen documents sobre l&#8217;Estatut del 1979, la Diputaci\u00f3 de Barcelona, notes personals, cartes amb tota mena de l\u00edders i documents oficials. El llibre inclou fotografies, mapes, cronologia i \u00edndex de noms.<\/p>\n","protected":false},"excerpt":{"rendered":"<p>PUJOL, ENRIC<\/p>\n","protected":false},"featured_media":176968,"template":"","meta":{"_acf_changed":false,"om_disable_all_campaigns":false,"rs_blank_template":"","rs_page_bg_color":"","slide_template_v7":"","inline_featured_image":false,"_monsterinsights_skip_tracking":false,"_monsterinsights_sitenote_active":false,"_monsterinsights_sitenote_note":"","_monsterinsights_sitenote_category":0},"product_brand":[],"product_cat":[99],"product_tag":[],"class_list":{"0":"post-176967","1":"product","2":"type-product","3":"status-publish","4":"has-post-thumbnail","6":"product_cat-biografies","8":"first","9":"instock","10":"taxable","11":"shipping-taxable","12":"purchasable","13":"product-type-simple"},"acf":{"autor":"PUJOL, ENRIC","codart":"849447659","libros-coleccion":"FUERA DE COLECCI\u00d3N","ediciones":"1","encuadernacion":"Carton\u00e9","fecha_de_publicacion":"01\/09\/2018","novedad":"1","paginas":"554","subtitulo":"","orden":"0","portada":"0","idioma":"cat","autores-libros":[{"ID":155125,"post_author":"3","post_date":"2022-10-14 15:10:22","post_date_gmt":"2022-10-14 13:10:22","post_content":"","post_title":"ENRIC PUJOL","post_excerpt":"","post_status":"publish","comment_status":"closed","ping_status":"closed","post_password":"","post_name":"enric-pujol","to_ping":"","pinged":"","post_modified":"2022-10-14 15:10:22","post_modified_gmt":"2022-10-14 13:10:22","post_content_filtered":"","post_parent":0,"guid":"http:\/\/dev.claret.cat\/autor\/enric-pujol\/","menu_order":0,"post_type":"autor","post_mime_type":"","comment_count":"0","filter":"raw"}]},"aioseo_notices":[],"_links":{"self":[{"href":"https:\/\/www.claret.cat\/es\/wp-json\/wp\/v2\/product\/176967","targetHints":{"allow":["GET"]}}],"collection":[{"href":"https:\/\/www.claret.cat\/es\/wp-json\/wp\/v2\/product"}],"about":[{"href":"https:\/\/www.claret.cat\/es\/wp-json\/wp\/v2\/types\/product"}],"wp:featuredmedia":[{"embeddable":true,"href":"https:\/\/www.claret.cat\/es\/wp-json\/wp\/v2\/media\/176968"}],"wp:attachment":[{"href":"https:\/\/www.claret.cat\/es\/wp-json\/wp\/v2\/media?parent=176967"}],"wp:term":[{"taxonomy":"product_brand","embeddable":true,"href":"https:\/\/www.claret.cat\/es\/wp-json\/wp\/v2\/product_brand?post=176967"},{"taxonomy":"product_cat","embeddable":true,"href":"https:\/\/www.claret.cat\/es\/wp-json\/wp\/v2\/product_cat?post=176967"},{"taxonomy":"product_tag","embeddable":true,"href":"https:\/\/www.claret.cat\/es\/wp-json\/wp\/v2\/product_tag?post=176967"}],"curies":[{"name":"wp","href":"https:\/\/api.w.org\/{rel}","templated":true}]}}