{"id":177081,"date":"2022-10-20T02:14:54","date_gmt":"2022-10-20T00:14:54","guid":{"rendered":"http:\/\/dev.claret.cat\/producte\/evangelios-dominicales-del-ciclo-c-para-ninos-as-de-8-a-12-anos\/"},"modified":"2023-01-28T13:51:17","modified_gmt":"2023-01-28T12:51:17","slug":"evangelios-dominicales-del-ciclo-c-para-ninosas-de-8-a-12-anos-9788417398101","status":"publish","type":"product","link":"https:\/\/www.claret.cat\/es\/libro\/evangelios-dominicales-del-ciclo-c-para-ninosas-de-8-a-12-anos-9788417398101\/","title":{"rendered":"EVANGELIOS DOMINICALES DEL CICLO C PARA NI\u00d1OS\/AS DE 8 A 12 A\u00d1OS"},"content":{"rendered":"<p>Este libro quiere acercar la Palabra de Dios a la comprensi\u00f3n de los ni\u00f1os y las ni\u00f1as, mediante actividades, comentarios, propuestas de compromiso y de oraci\u00f3n para que puedan interiorizar, vivir y poner en pr\u00e1ctica, a lo largo de la semana, el Evangelio de cada domingo del a\u00f1o.<\/p>\n","protected":false},"excerpt":{"rendered":"<p>REAL NAVARRO, JOS\u00c9<\/p>\n","protected":false},"featured_media":177082,"template":"","meta":{"_acf_changed":false,"om_disable_all_campaigns":false,"rs_blank_template":"","rs_page_bg_color":"","slide_template_v7":"","inline_featured_image":false,"_monsterinsights_skip_tracking":false,"_monsterinsights_sitenote_active":false,"_monsterinsights_sitenote_note":"","_monsterinsights_sitenote_category":0},"product_brand":[],"product_cat":[77,86,80],"product_tag":[],"class_list":{"0":"post-177081","1":"product","2":"type-product","3":"status-publish","4":"has-post-thumbnail","6":"product_cat-catequesi","7":"product_cat-infantil","8":"product_cat-liturgia","10":"first","11":"instock","12":"taxable","13":"shipping-taxable","14":"purchasable","15":"product-type-simple"},"acf":{"autor":"REAL NAVARRO, JOS\u00c9","codart":"841739810","libros-coleccion":"Arcoiris","ediciones":"1","encuadernacion":"R\u00fastica","fecha_de_publicacion":"01\/09\/2018","novedad":"1","paginas":"277","subtitulo":"ACTIVIDADES, COMENTARIOS, PROPUESTAS DE COMPROMISO Y ORACI\u00d3N PARA VIVIR Y CELEBR","orden":"0","portada":"0","idioma":"spa","editorial":[{"ID":148016,"post_author":"3","post_date":"2022-10-14 11:54:59","post_date_gmt":"2022-10-14 09:54:59","post_content":"","post_title":"Editorial Paulinas","post_excerpt":"","post_status":"publish","comment_status":"closed","ping_status":"closed","post_password":"","post_name":"editorial-paulinas","to_ping":"","pinged":"","post_modified":"2022-10-14 11:54:59","post_modified_gmt":"2022-10-14 09:54:59","post_content_filtered":"","post_parent":0,"guid":"http:\/\/dev.claret.cat\/editorial\/editorial-paulinas\/","menu_order":0,"post_type":"editorial","post_mime_type":"","comment_count":"0","filter":"raw"}],"autores-libros":[{"ID":160569,"post_author":"3","post_date":"2022-10-14 15:54:08","post_date_gmt":"2022-10-14 13:54:08","post_content":"","post_title":"JOSE REAL NAVARRO","post_excerpt":"","post_status":"publish","comment_status":"closed","ping_status":"closed","post_password":"","post_name":"jose-real-navarro","to_ping":"","pinged":"","post_modified":"2022-10-14 15:54:08","post_modified_gmt":"2022-10-14 13:54:08","post_content_filtered":"","post_parent":0,"guid":"http:\/\/dev.claret.cat\/autor\/jose-real-navarro\/","menu_order":0,"post_type":"autor","post_mime_type":"","comment_count":"0","filter":"raw"}]},"aioseo_notices":[],"_links":{"self":[{"href":"https:\/\/www.claret.cat\/es\/wp-json\/wp\/v2\/product\/177081","targetHints":{"allow":["GET"]}}],"collection":[{"href":"https:\/\/www.claret.cat\/es\/wp-json\/wp\/v2\/product"}],"about":[{"href":"https:\/\/www.claret.cat\/es\/wp-json\/wp\/v2\/types\/product"}],"wp:featuredmedia":[{"embeddable":true,"href":"https:\/\/www.claret.cat\/es\/wp-json\/wp\/v2\/media\/177082"}],"wp:attachment":[{"href":"https:\/\/www.claret.cat\/es\/wp-json\/wp\/v2\/media?parent=177081"}],"wp:term":[{"taxonomy":"product_brand","embeddable":true,"href":"https:\/\/www.claret.cat\/es\/wp-json\/wp\/v2\/product_brand?post=177081"},{"taxonomy":"product_cat","embeddable":true,"href":"https:\/\/www.claret.cat\/es\/wp-json\/wp\/v2\/product_cat?post=177081"},{"taxonomy":"product_tag","embeddable":true,"href":"https:\/\/www.claret.cat\/es\/wp-json\/wp\/v2\/product_tag?post=177081"}],"curies":[{"name":"wp","href":"https:\/\/api.w.org\/{rel}","templated":true}]}}