{"id":177093,"date":"2022-10-20T02:15:09","date_gmt":"2022-10-20T00:15:09","guid":{"rendered":"http:\/\/dev.claret.cat\/producte\/calendario-superlopez-2019\/"},"modified":"2023-01-28T16:06:57","modified_gmt":"2023-01-28T15:06:57","slug":"calendario-superlopez-2019-9788402421463","status":"publish","type":"product","link":"https:\/\/www.claret.cat\/es\/libro\/calendario-superlopez-2019-9788402421463\/","title":{"rendered":"CALENDARIO SUPERL\u00d3PEZ 2019"},"content":{"rendered":"<p>\u00bfQuieres tener un S\u00faper a\u00f1o? Con el calendario de Superl\u00f3pez, todos los d\u00edas ser\u00e1n superiores.     Haz de cada d\u00eda algo especial con el calendario de pared de Superl\u00f3pez.<br \/>Contiene divertidas ilustraciones a gran tama\u00f1o para cada mes del a\u00f1o.<\/p>\n","protected":false},"excerpt":{"rendered":"<p>JAN,<\/p>\n","protected":false},"featured_media":177094,"template":"","meta":{"_acf_changed":false,"om_disable_all_campaigns":false,"rs_blank_template":"","rs_page_bg_color":"","slide_template_v7":"","inline_featured_image":false,"_monsterinsights_skip_tracking":false,"_monsterinsights_sitenote_active":false,"_monsterinsights_sitenote_note":"","_monsterinsights_sitenote_category":0},"product_brand":[],"product_cat":[102],"product_tag":[],"class_list":{"0":"post-177093","1":"product","2":"type-product","3":"status-publish","4":"has-post-thumbnail","6":"product_cat-calendaris-i-agendes","8":"first","9":"instock","10":"taxable","11":"shipping-taxable","12":"purchasable","13":"product-type-simple"},"acf":{"autor":"JAN,","codart":"840242146","libros-coleccion":"Bruguera Cl\u00e1sica","ediciones":"1","encuadernacion":"R\u00fastica","fecha_de_publicacion":"01\/09\/2018","novedad":"1","paginas":"1","subtitulo":"","orden":"0","portada":"0","idioma":"spa","editorial":[{"ID":147571,"post_author":"3","post_date":"2022-10-14 11:51:35","post_date_gmt":"2022-10-14 09:51:35","post_content":"","post_title":"Bruguera (Ediciones B)","post_excerpt":"","post_status":"publish","comment_status":"closed","ping_status":"closed","post_password":"","post_name":"bruguera-ediciones-b","to_ping":"","pinged":"","post_modified":"2022-10-14 11:51:35","post_modified_gmt":"2022-10-14 09:51:35","post_content_filtered":"","post_parent":0,"guid":"http:\/\/dev.claret.cat\/editorial\/bruguera-ediciones-b\/","menu_order":0,"post_type":"editorial","post_mime_type":"","comment_count":"0","filter":"raw"}],"autores-libros":[{"ID":158452,"post_author":"3","post_date":"2022-10-14 15:36:58","post_date_gmt":"2022-10-14 13:36:58","post_content":"","post_title":"JAN","post_excerpt":"","post_status":"publish","comment_status":"closed","ping_status":"closed","post_password":"","post_name":"jan","to_ping":"","pinged":"","post_modified":"2022-10-14 15:36:58","post_modified_gmt":"2022-10-14 13:36:58","post_content_filtered":"","post_parent":0,"guid":"http:\/\/dev.claret.cat\/autor\/jan\/","menu_order":0,"post_type":"autor","post_mime_type":"","comment_count":"0","filter":"raw"}]},"aioseo_notices":[],"_links":{"self":[{"href":"https:\/\/www.claret.cat\/es\/wp-json\/wp\/v2\/product\/177093","targetHints":{"allow":["GET"]}}],"collection":[{"href":"https:\/\/www.claret.cat\/es\/wp-json\/wp\/v2\/product"}],"about":[{"href":"https:\/\/www.claret.cat\/es\/wp-json\/wp\/v2\/types\/product"}],"wp:featuredmedia":[{"embeddable":true,"href":"https:\/\/www.claret.cat\/es\/wp-json\/wp\/v2\/media\/177094"}],"wp:attachment":[{"href":"https:\/\/www.claret.cat\/es\/wp-json\/wp\/v2\/media?parent=177093"}],"wp:term":[{"taxonomy":"product_brand","embeddable":true,"href":"https:\/\/www.claret.cat\/es\/wp-json\/wp\/v2\/product_brand?post=177093"},{"taxonomy":"product_cat","embeddable":true,"href":"https:\/\/www.claret.cat\/es\/wp-json\/wp\/v2\/product_cat?post=177093"},{"taxonomy":"product_tag","embeddable":true,"href":"https:\/\/www.claret.cat\/es\/wp-json\/wp\/v2\/product_tag?post=177093"}],"curies":[{"name":"wp","href":"https:\/\/api.w.org\/{rel}","templated":true}]}}