{"id":177150,"date":"2022-10-20T02:16:14","date_gmt":"2022-10-20T00:16:14","guid":{"rendered":"http:\/\/dev.claret.cat\/producte\/los-cerditos-de-camprodon-periplo-bulgaro-la-banda-del-dragon-despeinado-h\/"},"modified":"2023-01-28T10:20:31","modified_gmt":"2023-01-28T09:20:31","slug":"los-cerditos-de-camprodon-periplo-bulgaro-la-banda-del-dragon-despeinado-h-9788402421616","status":"publish","type":"product","link":"https:\/\/www.claret.cat\/es\/libro\/los-cerditos-de-camprodon-periplo-bulgaro-la-banda-del-dragon-despeinado-h-9788402421616\/","title":{"rendered":"LOS CERDITOS DE CAMPROD\u00d3N | PERIPLO B\u00daLGARO | LA BANDA DEL DRAG\u00d3N DESPEINADO | H"},"content":{"rendered":"<p>N\u00famero 4 de la colecci\u00f3n \u00abS\u00faper Humor\u00bb de Superl\u00f3pez. \u00a1Varias aventuras de Superl\u00f3pez recogidas en un solo volumen!  Los cerditos de Camprod\u00f3n: Superl\u00f3pez va detr\u00e1s de un joven  relacionado con Al Trapone porque sospecha que transporta un temible  virus. En su persecuci\u00f3n arrastrar\u00e1 a Jaime y a Luisa a trav\u00e9s de las carreteras y poblaciones de Catalu\u00f1a. Periplo B\u00falgaro: El Jefe se ha vuelto verde por culpa de una  mala pasada de Al Trapone y Escariano Avieso. El problema es que el  ant\u00eddoto se lo llevado Luisa sin saberlo y se ha ido con Jaime de viaje  a Bulgaria. Superl\u00f3pez deber\u00e1 ir tras ellos para tratar de recuperarlo. La banda del drag\u00f3n despeinado: una aventura ambientada en  Jap\u00f3n en la que Superl\u00f3pez se enfrenta a la peligrosa mafia Yakuza. Hotel p\u00e1nico: Superl\u00f3pez, Luisa y Jaime est\u00e1n de vacaciones  en un tenebroso hotel en el que pasan cosas extra\u00f1as.  Superl\u00f3pez  investigar\u00e1 para descubrir que no es m\u00e1s que un montaje de los due\u00f1os para atraer a gente \u00e1vida de nuevas sensaciones. Un camello subi\u00f3 al tranv\u00eda en Grenoble y el tranv\u00eda le est\u00e1 mordiendo la pierna: \u00abEsponja\u00bb Humitsed mete de nuevo en l\u00edos a su  sobrino Chico haci\u00e9ndole ir a Grenoble. All\u00ed coincidir\u00e1 con Martha, que  ha ido al Sal\u00f3n del C\u00f3mic, y con Superl\u00f3pez, que persigue a Al Trapone. Sobre la colecci\u00f3n:<br \/>La colecci\u00f3n \u00abS\u00faper Humor\u00bb empez\u00f3 a publicarse en la editorial Bruguera en el a\u00f1o 1975. Sus n\u00fameros recopilaban aventuras  aparecidas anteriormente en la colecci\u00f3n \u00abOl\u00e9!\u00bb, mezclando diversos  personajes de la casa en un mismo \u00e1lbum, aunque siempre priorizando los  de Ib\u00e1\u00f1ez y Escobar. Posteriormente, en 1987, Ediciones B recuper\u00f3 la colecci\u00f3n manteniendo su formato original hasta 1992, momento en  el que seempez\u00f3 a hacer distinci\u00f3n por personajes, pudiendo encontrar \u00abS\u00faper Humor\u00bb seriados de Mortadelo y Filem\u00f3n, Superl\u00f3pez, Zipi y Zape, etc. En la actualidad se publica un \u00fanico n\u00famero de \u00abS\u00faper Humor\u00bb al a\u00f1o con las \u00faltimas novedades de las series de Mortadelo y Filem\u00f3n ySuperl\u00f3pez.<\/p>\n","protected":false},"excerpt":{"rendered":"<p>JAN,<\/p>\n","protected":false},"featured_media":177151,"template":"","meta":{"_acf_changed":false,"om_disable_all_campaigns":false,"rs_blank_template":"","rs_page_bg_color":"","slide_template_v7":"","inline_featured_image":false,"_monsterinsights_skip_tracking":false,"_monsterinsights_sitenote_active":false,"_monsterinsights_sitenote_note":"","_monsterinsights_sitenote_category":0},"product_brand":[],"product_cat":[108],"product_tag":[],"class_list":{"0":"post-177150","1":"product","2":"type-product","3":"status-publish","4":"has-post-thumbnail","6":"product_cat-comic","8":"first","9":"instock","10":"taxable","11":"shipping-taxable","12":"purchasable","13":"product-type-simple"},"acf":{"autor":"JAN,","codart":"840242161","libros-coleccion":"Bruguera Cl\u00e1sica","ediciones":"1","encuadernacion":"Carton\u00e9","fecha_de_publicacion":"01\/09\/2018","novedad":"1","paginas":"91","subtitulo":"","orden":"0","portada":"0","idioma":"spa","editorial":[{"ID":147571,"post_author":"3","post_date":"2022-10-14 11:51:35","post_date_gmt":"2022-10-14 09:51:35","post_content":"","post_title":"Bruguera (Ediciones B)","post_excerpt":"","post_status":"publish","comment_status":"closed","ping_status":"closed","post_password":"","post_name":"bruguera-ediciones-b","to_ping":"","pinged":"","post_modified":"2022-10-14 11:51:35","post_modified_gmt":"2022-10-14 09:51:35","post_content_filtered":"","post_parent":0,"guid":"http:\/\/dev.claret.cat\/editorial\/bruguera-ediciones-b\/","menu_order":0,"post_type":"editorial","post_mime_type":"","comment_count":"0","filter":"raw"}],"autores-libros":[{"ID":158452,"post_author":"3","post_date":"2022-10-14 15:36:58","post_date_gmt":"2022-10-14 13:36:58","post_content":"","post_title":"JAN","post_excerpt":"","post_status":"publish","comment_status":"closed","ping_status":"closed","post_password":"","post_name":"jan","to_ping":"","pinged":"","post_modified":"2022-10-14 15:36:58","post_modified_gmt":"2022-10-14 13:36:58","post_content_filtered":"","post_parent":0,"guid":"http:\/\/dev.claret.cat\/autor\/jan\/","menu_order":0,"post_type":"autor","post_mime_type":"","comment_count":"0","filter":"raw"}]},"aioseo_notices":[],"_links":{"self":[{"href":"https:\/\/www.claret.cat\/es\/wp-json\/wp\/v2\/product\/177150","targetHints":{"allow":["GET"]}}],"collection":[{"href":"https:\/\/www.claret.cat\/es\/wp-json\/wp\/v2\/product"}],"about":[{"href":"https:\/\/www.claret.cat\/es\/wp-json\/wp\/v2\/types\/product"}],"wp:featuredmedia":[{"embeddable":true,"href":"https:\/\/www.claret.cat\/es\/wp-json\/wp\/v2\/media\/177151"}],"wp:attachment":[{"href":"https:\/\/www.claret.cat\/es\/wp-json\/wp\/v2\/media?parent=177150"}],"wp:term":[{"taxonomy":"product_brand","embeddable":true,"href":"https:\/\/www.claret.cat\/es\/wp-json\/wp\/v2\/product_brand?post=177150"},{"taxonomy":"product_cat","embeddable":true,"href":"https:\/\/www.claret.cat\/es\/wp-json\/wp\/v2\/product_cat?post=177150"},{"taxonomy":"product_tag","embeddable":true,"href":"https:\/\/www.claret.cat\/es\/wp-json\/wp\/v2\/product_tag?post=177150"}],"curies":[{"name":"wp","href":"https:\/\/api.w.org\/{rel}","templated":true}]}}