{"id":177234,"date":"2022-10-20T02:17:50","date_gmt":"2022-10-20T00:17:50","guid":{"rendered":"http:\/\/dev.claret.cat\/producte\/ajdar\/"},"modified":"2023-01-28T01:42:34","modified_gmt":"2023-01-28T00:42:34","slug":"ajdar-9788467932027","status":"publish","type":"product","link":"https:\/\/www.claret.cat\/es\/libro\/ajdar-9788467932027\/","title":{"rendered":"AJDAR"},"content":{"rendered":"<p>Un \u00e1lbum lleno de sabidur\u00eda sobre la responsabilidad de los hombres en la Tierra.<br \/>Tras un inesperado terremoto, todo se vuelve del rev\u00e9s en el pa\u00eds de Matilde, que deber\u00e1 ir al centro de la tierra para comprender la c\u00f3lera del drag\u00f3n Ajdar, responsable del se\u00edsmo.<br \/>Marjane Satrapi nace el 22 de noviembre de 1969 en Rasht (Ir\u00e1n), en el seno de una familia acomodada y de ideolog\u00eda progresista. Tras la dif\u00edcil situaci\u00f3n pol\u00edtica imperante en su pa\u00eds en los a\u00f1os posteriores a la revoluci\u00f3n de 1980, es enviada a Viena a proseguir sus estudios secundarios. De regreso a Ir\u00e1n, se matricula en Bellas Artes en la Universidad de Teher\u00e1n, obteniendo un m\u00e1ster en Comunicaci\u00f3n Visual. En 1994 se traslada a Francia, pa\u00eds en el que a\u00fan reside en la actualidad.<br \/>Satrapi es la autora de Pers\u00e9polis, un retrato de sus recuerdos de infancia y adolescencia, con el que ha ganado una multitud de premios y ha sido un gran \u00e9xito de ventas en todo el mundo. Tambi\u00e9n ha publicado Bordados (2003) donde presenta una serie de reflexiones sobre la condici\u00f3n femenina, mientras que Pollo con ciruelas (2004) es una historia ambientada en su Ir\u00e1n natal y protagonizada por un hombre que ha perdido la ilusi\u00f3n de vivir.<\/p>\n","protected":false},"excerpt":{"rendered":"<p>SATRAPI,MARJANE<\/p>\n","protected":false},"featured_media":177235,"template":"","meta":{"_acf_changed":false,"om_disable_all_campaigns":false,"rs_blank_template":"","rs_page_bg_color":"","slide_template_v7":"","inline_featured_image":false,"_monsterinsights_skip_tracking":false,"_monsterinsights_sitenote_active":false,"_monsterinsights_sitenote_note":"","_monsterinsights_sitenote_category":0},"product_brand":[],"product_cat":[86],"product_tag":[],"class_list":{"0":"post-177234","1":"product","2":"type-product","3":"status-publish","4":"has-post-thumbnail","6":"product_cat-infantil","8":"first","9":"instock","10":"taxable","11":"shipping-taxable","12":"purchasable","13":"product-type-simple"},"acf":{"autor":"SATRAPI,MARJANE","codart":"846793202","libros-coleccion":"","ediciones":"1","encuadernacion":"Carton\u00e9","fecha_de_publicacion":"01\/09\/2018","novedad":"1","paginas":"32","subtitulo":"","orden":"0","portada":"0","idioma":"spa","editorial":[{"ID":147494,"post_author":"3","post_date":"2022-10-14 11:51:01","post_date_gmt":"2022-10-14 09:51:01","post_content":"","post_title":"ASTRONAVE","post_excerpt":"","post_status":"publish","comment_status":"closed","ping_status":"closed","post_password":"","post_name":"astronave","to_ping":"","pinged":"","post_modified":"2022-10-14 11:51:01","post_modified_gmt":"2022-10-14 09:51:01","post_content_filtered":"","post_parent":0,"guid":"http:\/\/dev.claret.cat\/editorial\/astronave\/","menu_order":0,"post_type":"editorial","post_mime_type":"","comment_count":"0","filter":"raw"}],"autores-libros":[{"ID":164054,"post_author":"3","post_date":"2022-10-14 17:43:59","post_date_gmt":"2022-10-14 15:43:59","post_content":"","post_title":"MARJANE SATRAPI","post_excerpt":"","post_status":"publish","comment_status":"closed","ping_status":"closed","post_password":"","post_name":"marjane-satrapi","to_ping":"","pinged":"","post_modified":"2022-10-14 17:43:59","post_modified_gmt":"2022-10-14 15:43:59","post_content_filtered":"","post_parent":0,"guid":"http:\/\/dev.claret.cat\/autor\/marjane-satrapi\/","menu_order":0,"post_type":"autor","post_mime_type":"","comment_count":"0","filter":"raw"}]},"aioseo_notices":[],"_links":{"self":[{"href":"https:\/\/www.claret.cat\/es\/wp-json\/wp\/v2\/product\/177234","targetHints":{"allow":["GET"]}}],"collection":[{"href":"https:\/\/www.claret.cat\/es\/wp-json\/wp\/v2\/product"}],"about":[{"href":"https:\/\/www.claret.cat\/es\/wp-json\/wp\/v2\/types\/product"}],"wp:featuredmedia":[{"embeddable":true,"href":"https:\/\/www.claret.cat\/es\/wp-json\/wp\/v2\/media\/177235"}],"wp:attachment":[{"href":"https:\/\/www.claret.cat\/es\/wp-json\/wp\/v2\/media?parent=177234"}],"wp:term":[{"taxonomy":"product_brand","embeddable":true,"href":"https:\/\/www.claret.cat\/es\/wp-json\/wp\/v2\/product_brand?post=177234"},{"taxonomy":"product_cat","embeddable":true,"href":"https:\/\/www.claret.cat\/es\/wp-json\/wp\/v2\/product_cat?post=177234"},{"taxonomy":"product_tag","embeddable":true,"href":"https:\/\/www.claret.cat\/es\/wp-json\/wp\/v2\/product_tag?post=177234"}],"curies":[{"name":"wp","href":"https:\/\/api.w.org\/{rel}","templated":true}]}}