{"id":177426,"date":"2022-10-20T02:21:21","date_gmt":"2022-10-20T00:21:21","guid":{"rendered":"http:\/\/dev.claret.cat\/producte\/la-huida-serie-john-puller-3\/"},"modified":"2023-01-28T20:28:51","modified_gmt":"2023-01-28T19:28:51","slug":"la-huida-serie-john-puller-3-9788466663922","status":"publish","type":"product","link":"https:\/\/www.claret.cat\/es\/libro\/la-huida-serie-john-puller-3-9788466663922\/","title":{"rendered":"LA HU\u00cdDA (SERIE JOHN PULLER 3)"},"content":{"rendered":"<p>Despu\u00e9s de D\u00eda cero y Los olvidados, llega el mejor Baldacci con su tercer  thriller protagonizado por John Puller, su  h\u00e9roe m\u00e1s emblem\u00e1tico, ante la misi\u00f3n m\u00e1s dif\u00edcil de su carrera. Es una c\u00e1rcel inexpugnable. Sus sistemas de seguridad son los m\u00e1s  sofisticados del mundo y hay tantas c\u00e1maras de vigilancia que no hay un  solo mil\u00edmetro que no quede bajo control. Ninguno de los reclusos sue\u00f1a con escapar porque saben que es imposible. Hasta ahora. Robert, el hermano mayor de John Puller, fue condenado por alta traici\u00f3n  y cr\u00edmenes contra la seguridad nacional. Su inexplicable huida de la  principal prisi\u00f3n militar de los Estados Unidos le ha convertido en el  criminal m\u00e1s buscado del pa\u00eds. En el gobierno, algunos creen que la  mejor opci\u00f3n para capturar a Robert vivo es John Puller, el hombre  siempre necesario para investigar los cr\u00edmenes m\u00e1s duros que su pa\u00eds debe afrontar. John Puller acepta la misi\u00f3n m\u00e1s dif\u00edcil de su carrera, pero muy pronto  descubrir\u00e1 que los mismos que han logrado condenar a su hermano, le prefieren muerto. Y no solo a \u00e9l. Puede que ni su habilidad  extraordinaria como investigador, ni su fortaleza, ni su experiencia sean suficientes para salvar la vida de ambos. Un trepidante thriller al m\u00e1s puro estilo David Baldacci donde  las conspiraciones y los giros de la trama conducen al lector hasta un final completamente inesperado. La cr\u00edtica ha dicho&#8230;<br \/>\u00abUna lectura estupenda, como siempre con Baldacci. No se la pierda.\u00bb<br \/>BookLoons.com \u00abBaldacci maneja la compleja trama con consumada facilidad mientras Puller va de sorpresa en sorpresa.\u00bb<br \/>Publishers Weekly \u00abBaldacci construye el suspense como pocos.\u00bb<br \/>San Antonio Express-News \u00abDavid Baldacci nunca ha estado mejor que en La huida.\u00bb<br \/>Providence Journal<\/p>\n","protected":false},"excerpt":{"rendered":"<p>BALDACCI, DAVID<\/p>\n","protected":false},"featured_media":177427,"template":"","meta":{"_acf_changed":false,"om_disable_all_campaigns":false,"rs_blank_template":"","rs_page_bg_color":"","slide_template_v7":"","inline_featured_image":false,"_monsterinsights_skip_tracking":false,"_monsterinsights_sitenote_active":false,"_monsterinsights_sitenote_note":"","_monsterinsights_sitenote_category":0},"product_brand":[],"product_cat":[87],"product_tag":[],"class_list":{"0":"post-177426","1":"product","2":"type-product","3":"status-publish","4":"has-post-thumbnail","6":"product_cat-literatura","8":"first","9":"instock","10":"taxable","11":"shipping-taxable","12":"purchasable","13":"product-type-simple"},"acf":{"autor":"BALDACCI, DAVID","codart":"846666392","libros-coleccion":"LA TRAMA","ediciones":"1","encuadernacion":"R\u00fastica","fecha_de_publicacion":"01\/09\/2018","novedad":"1","paginas":"558","subtitulo":"","orden":"0","portada":"0","idioma":"spa","editorial":[{"ID":6200,"post_author":"3","post_date":"2022-07-28 17:47:00","post_date_gmt":"2022-07-28 15:47:00","post_content":"","post_title":"EDICIONES B","post_excerpt":"","post_status":"publish","comment_status":"closed","ping_status":"closed","post_password":"","post_name":"ediciones-b","to_ping":"","pinged":"","post_modified":"2022-07-28 17:47:00","post_modified_gmt":"2022-07-28 15:47:00","post_content_filtered":"","post_parent":0,"guid":"http:\/\/dev.claret.cat\/editorial\/ediciones-b\/","menu_order":0,"post_type":"editorial","post_mime_type":"","comment_count":"0","filter":"raw"}],"autores-libros":[{"ID":153747,"post_author":"3","post_date":"2022-10-14 14:59:12","post_date_gmt":"2022-10-14 12:59:12","post_content":"","post_title":"DAVID BALDACCI","post_excerpt":"","post_status":"publish","comment_status":"closed","ping_status":"closed","post_password":"","post_name":"david-baldacci","to_ping":"","pinged":"","post_modified":"2022-10-14 14:59:12","post_modified_gmt":"2022-10-14 12:59:12","post_content_filtered":"","post_parent":0,"guid":"http:\/\/dev.claret.cat\/autor\/david-baldacci\/","menu_order":0,"post_type":"autor","post_mime_type":"","comment_count":"0","filter":"raw"}]},"aioseo_notices":[],"_links":{"self":[{"href":"https:\/\/www.claret.cat\/es\/wp-json\/wp\/v2\/product\/177426","targetHints":{"allow":["GET"]}}],"collection":[{"href":"https:\/\/www.claret.cat\/es\/wp-json\/wp\/v2\/product"}],"about":[{"href":"https:\/\/www.claret.cat\/es\/wp-json\/wp\/v2\/types\/product"}],"wp:featuredmedia":[{"embeddable":true,"href":"https:\/\/www.claret.cat\/es\/wp-json\/wp\/v2\/media\/177427"}],"wp:attachment":[{"href":"https:\/\/www.claret.cat\/es\/wp-json\/wp\/v2\/media?parent=177426"}],"wp:term":[{"taxonomy":"product_brand","embeddable":true,"href":"https:\/\/www.claret.cat\/es\/wp-json\/wp\/v2\/product_brand?post=177426"},{"taxonomy":"product_cat","embeddable":true,"href":"https:\/\/www.claret.cat\/es\/wp-json\/wp\/v2\/product_cat?post=177426"},{"taxonomy":"product_tag","embeddable":true,"href":"https:\/\/www.claret.cat\/es\/wp-json\/wp\/v2\/product_tag?post=177426"}],"curies":[{"name":"wp","href":"https:\/\/api.w.org\/{rel}","templated":true}]}}