{"id":17747,"date":"2022-10-01T23:34:02","date_gmt":"2022-10-01T21:34:02","guid":{"rendered":"http:\/\/dev.claret.cat\/producte\/como-defender-la-fe-sin-levantar-la-voz\/"},"modified":"2023-01-28T22:36:16","modified_gmt":"2023-01-28T21:36:16","slug":"como-defender-la-fe-sin-levantar-la-voz-9788490617977","status":"publish","type":"product","link":"https:\/\/www.claret.cat\/es\/libro\/como-defender-la-fe-sin-levantar-la-voz-9788490617977\/","title":{"rendered":"C\u00d3MO DEFENDER LA FE SIN LEVANTAR LA VOZ"},"content":{"rendered":"<p>Cuando los focos de la controversia se centren en ti, no los apagues ni te escondas. T\u00f3malo como una oportunidad. Cuando la Iglesia sale en las noticias, unos se asombran, otros se indignan y no faltan quienes se escandalizan. No busques un escondrijo: prep\u00e1rate.<br \/> Publicado ya en siete lenguas, esta octava edici\u00f3n de C\u00f3mo defender la fe sin levantar la voz, con dos cap\u00edtulos nuevos y datos actualizados, responde, entre otras, a estas nuevas preguntas desafiantes de total actualidad.<br \/> El libro desarrolla c\u00f3mo salir del marco negativo en el que con frecuencia se encasilla a quien habla como cat\u00f3lico o representa a la Iglesia, y proporciona las claves para hablar de temas calientes, esos puntos en los que la Iglesia y la sociedad contempor\u00e1nea parecen chocar de frente.<br \/> &#8216;Animo a los laicos a que, despu\u00e9s de haberse preparado adecuadamente, sean testigos de la esperanza en los medios de comunicaci\u00f3n de nuestro pa\u00eds. Sus razonamientos y sobre todo su actitud abierta, dialogante, constructiva, ser\u00e1n un motivo de curiosidad, que atraer\u00e1 a muchos a preguntarse por la fe y por la Iglesia&#8217;.<br \/> Mons. Carlos Osoro +Cardenal Arzobispo de Madrid<br \/> \u00bfPor qu\u00e9 la Iglesia contin\u00faa en el lado equivocado de la historia, rechazando los derechos igualitarios de los colectivos LGTB?<br \/> Jes\u00fas no conden\u00f3 a nadie. \u00bfPor qu\u00e9 la Iglesia rechaza aceptar como normal lo que libremente decide cada uno?<br \/> \u00bfC\u00f3mo es posible que los cat\u00f3licos piensen que el Papa es infalible, y que lo elige el Esp\u00edritu Santo?<br \/> El Dr. Austen Ivereigh es escritor y periodista brit\u00e1nico, vaticanista y autor de la biograf\u00eda del Papa Francisco, El Gran Reformador. Fund\u00f3 con Jack Valero el proyecto Catholic Voices.<br \/> Yago de la Cierva (gallego nacido en Madrid) es profesor de comunicaci\u00f3n corporativa en el IESE. Ense\u00f1a Comunicaci\u00f3n preventiva y gesti\u00f3n de crisis y Comunicaci\u00f3n de eventos eclesiales en la Universidad Pontificia de la Santa Cruz en Roma. Fund\u00f3 y dirigi\u00f3 la agencia ROMEreports (2003-2008) y fue director ejecutivo de la JMJ Madrid 2011.<br \/> Jack Valero es Director de Comunicaci\u00f3n del Opus Dei en Gran Breta\u00f1a y experto en comunicaci\u00f3n de la Iglesia. En 2010 fund\u00f3 en Londres con Austen Ivereigh el proyecto Catholic Voices para entrenar a cat\u00f3licos laicos a hablar en los medios de temas pol\u00e9micos relacionados con la Iglesia y el Papa. Desde entonces el proyecto se ha establecido en m\u00e1s de 20 pa\u00edses en diferentes continentes.<\/p>\n","protected":false},"excerpt":{"rendered":"<p>IVEREIGH, AUSTEN \/ CIERVA, YAGO DE LA \/ VALERO, JACK<\/p>\n","protected":false},"featured_media":68568,"template":"","meta":{"_acf_changed":false,"om_disable_all_campaigns":false,"rs_blank_template":"","rs_page_bg_color":"","slide_template_v7":"","inline_featured_image":false,"_monsterinsights_skip_tracking":false,"_monsterinsights_sitenote_active":false,"_monsterinsights_sitenote_note":"","_monsterinsights_sitenote_category":0},"product_brand":[],"product_cat":[16],"product_tag":[],"class_list":{"0":"post-17747","1":"product","2":"type-product","3":"status-publish","4":"has-post-thumbnail","6":"product_cat-sense-categoria","8":"first","9":"instock","10":"taxable","11":"shipping-taxable","12":"purchasable","13":"product-type-simple"},"acf":{"autor":"IVEREIGH, AUSTEN \/ CIERVA, YAGO DE LA \/ VALERO, JACK","codart":"849061797","libros-coleccion":"Palabra hoy","ediciones":"1","encuadernacion":"R\u00fastica","fecha_de_publicacion":"01\/02\/2019","novedad":"1","paginas":"580","subtitulo":"M\u00c1S RESPUESTAS A LAS PREGUNTAS DESAFIANTES DE HOY","orden":"0","portada":"0","idioma":"spa","editorial":[{"ID":148621,"post_author":"3","post_date":"2022-10-14 11:59:41","post_date_gmt":"2022-10-14 09:59:41","post_content":"","post_title":"PALABRA","post_excerpt":"","post_status":"publish","comment_status":"closed","ping_status":"closed","post_password":"","post_name":"palabra","to_ping":"","pinged":"","post_modified":"2022-10-14 11:59:41","post_modified_gmt":"2022-10-14 09:59:41","post_content_filtered":"","post_parent":0,"guid":"http:\/\/dev.claret.cat\/editorial\/palabra\/","menu_order":0,"post_type":"editorial","post_mime_type":"","comment_count":"0","filter":"raw"}],"autores-libros":[{"ID":171542,"post_author":"3","post_date":"2022-10-14 22:44:14","post_date_gmt":"2022-10-14 20:44:14","post_content":"","post_title":"YAGO DE LA CIERVA","post_excerpt":"","post_status":"publish","comment_status":"closed","ping_status":"closed","post_password":"","post_name":"yago-de-la-cierva","to_ping":"","pinged":"","post_modified":"2022-10-14 22:44:14","post_modified_gmt":"2022-10-14 20:44:14","post_content_filtered":"","post_parent":0,"guid":"http:\/\/dev.claret.cat\/autor\/yago-de-la-cierva\/","menu_order":0,"post_type":"autor","post_mime_type":"","comment_count":"0","filter":"raw"},{"ID":158294,"post_author":"3","post_date":"2022-10-14 15:35:42","post_date_gmt":"2022-10-14 13:35:42","post_content":"","post_title":"JACK VALERO","post_excerpt":"","post_status":"publish","comment_status":"closed","ping_status":"closed","post_password":"","post_name":"jack-valero","to_ping":"","pinged":"","post_modified":"2022-10-14 15:35:42","post_modified_gmt":"2022-10-14 13:35:42","post_content_filtered":"","post_parent":0,"guid":"http:\/\/dev.claret.cat\/autor\/jack-valero\/","menu_order":0,"post_type":"autor","post_mime_type":"","comment_count":"0","filter":"raw"},{"ID":151265,"post_author":"3","post_date":"2022-10-14 14:39:30","post_date_gmt":"2022-10-14 12:39:30","post_content":"","post_title":"AUSTEN IVEREIGH","post_excerpt":"","post_status":"publish","comment_status":"closed","ping_status":"closed","post_password":"","post_name":"austen-ivereigh","to_ping":"","pinged":"","post_modified":"2022-10-14 14:39:30","post_modified_gmt":"2022-10-14 12:39:30","post_content_filtered":"","post_parent":0,"guid":"http:\/\/dev.claret.cat\/autor\/austen-ivereigh\/","menu_order":0,"post_type":"autor","post_mime_type":"","comment_count":"0","filter":"raw"}]},"aioseo_notices":[],"_links":{"self":[{"href":"https:\/\/www.claret.cat\/es\/wp-json\/wp\/v2\/product\/17747","targetHints":{"allow":["GET"]}}],"collection":[{"href":"https:\/\/www.claret.cat\/es\/wp-json\/wp\/v2\/product"}],"about":[{"href":"https:\/\/www.claret.cat\/es\/wp-json\/wp\/v2\/types\/product"}],"wp:featuredmedia":[{"embeddable":true,"href":"https:\/\/www.claret.cat\/es\/wp-json\/wp\/v2\/media\/68568"}],"wp:attachment":[{"href":"https:\/\/www.claret.cat\/es\/wp-json\/wp\/v2\/media?parent=17747"}],"wp:term":[{"taxonomy":"product_brand","embeddable":true,"href":"https:\/\/www.claret.cat\/es\/wp-json\/wp\/v2\/product_brand?post=17747"},{"taxonomy":"product_cat","embeddable":true,"href":"https:\/\/www.claret.cat\/es\/wp-json\/wp\/v2\/product_cat?post=17747"},{"taxonomy":"product_tag","embeddable":true,"href":"https:\/\/www.claret.cat\/es\/wp-json\/wp\/v2\/product_tag?post=17747"}],"curies":[{"name":"wp","href":"https:\/\/api.w.org\/{rel}","templated":true}]}}