{"id":17753,"date":"2022-10-01T23:34:07","date_gmt":"2022-10-01T21:34:07","guid":{"rendered":"http:\/\/dev.claret.cat\/producte\/un-padre-fiel-a-sus-promesas\/"},"modified":"2024-10-24T16:50:26","modified_gmt":"2024-10-24T14:50:26","slug":"un-padre-fiel-a-sus-promesas-9788490618042","status":"publish","type":"product","link":"https:\/\/www.claret.cat\/es\/libro\/un-padre-fiel-a-sus-promesas-9788490618042\/","title":{"rendered":"UN PADRE FIEL A SUS PROMESAS"},"content":{"rendered":"<p>Las ense\u00f1anzas de Scott Hahn han conducido a innumerables cristianos cat\u00f3licos a una expresi\u00f3n m\u00e1s vital de su fe. En Un padre fiel a sus promesas, el reconocido apologista cat\u00f3lico explora el pacto que Dios nos revela en las Escrituras, y explica c\u00f3mo Dios nos ayuda pacientemente, a pesar de nuestros errores, para restablecer la relaci\u00f3n con su divina familia. De la mano de Hahn sigue la gran aventura del plan de \u00c9l empezando con Ad\u00e1n y Eva y continuando a trav\u00e9s de las generaciones hasta la venida de Jesucristo y el nacimiento de la Iglesia. Descubrir\u00e1s que el amor paciente del Padre revelado en la Biblia es el mismo amor persistente que \u00e9l tiene para ti. Esta obra ayudar\u00e1 a los lectores a entender el intenso amor personal que Dios tiene para su gente y el plan que tiene para llevarlos a una relaci\u00f3n familiar \u00edntima. &#8216;No se me ocurre otra cosa que valga m\u00e1s la pena que compartir la historia b\u00edblica del amor de alianza de Dios en la historia de la salvaci\u00f3n&#8230;, sobre todo en los personajes y acontecimientos m\u00e1s importantes: en los relatos que constituyen el eje narrativo de la Biblia&#8230;&#8217; Tengo tambi\u00e9n la esperanza de mostrar cu\u00e1nta sabidur\u00eda pr\u00e1ctica contiene la Biblia para los creyentes de a pie, y en particular para los cat\u00f3licos &#8216;de tropa&#8217;. Esa es una de las razones que me llevan a hacer hincapi\u00e9 en el doble tema de la alianza y la familia, que afectan de lleno a nuestras vidas. La otra raz\u00f3n de que me centre en estos temas tan estrechamente relacionados es que la Biblia tambi\u00e9n lo hace&#8217;. Scott Hahn, de la introducci\u00f3n del libro.<\/p>\n","protected":false},"excerpt":{"rendered":"<p>HAHN, SCOTT<\/p>\n","protected":false},"featured_media":68940,"template":"","meta":{"_acf_changed":false,"om_disable_all_campaigns":false,"rs_blank_template":"","rs_page_bg_color":"","slide_template_v7":"","inline_featured_image":false,"_monsterinsights_skip_tracking":false,"_monsterinsights_sitenote_active":false,"_monsterinsights_sitenote_note":"","_monsterinsights_sitenote_category":0},"product_brand":[],"product_cat":[75,341,342,76],"product_tag":[],"class_list":{"0":"post-17753","1":"product","2":"type-product","3":"status-publish","4":"has-post-thumbnail","6":"product_cat-biblia","7":"product_cat-biblia-es","8":"product_cat-teologia-1_espiritualidad","9":"product_cat-teologia","11":"first","12":"instock","13":"taxable","14":"shipping-taxable","15":"purchasable","16":"product-type-simple"},"acf":{"autor":"HAHN, SCOTT","codart":"849061804","libros-coleccion":"Mundo y Cristianismo","ediciones":"1","encuadernacion":"Carpeta","fecha_de_publicacion":"01\/01\/2019","novedad":"1","paginas":"0","subtitulo":"EL AMOR DE ALIANZA DE DIOS EN LAS ESCRITURAS","orden":"0","portada":"0","idioma":"spa","editorial":[{"ID":148621,"post_author":"3","post_date":"2022-10-14 11:59:41","post_date_gmt":"2022-10-14 09:59:41","post_content":"","post_title":"PALABRA","post_excerpt":"","post_status":"publish","comment_status":"closed","ping_status":"closed","post_password":"","post_name":"palabra","to_ping":"","pinged":"","post_modified":"2022-10-14 11:59:41","post_modified_gmt":"2022-10-14 09:59:41","post_content_filtered":"","post_parent":0,"guid":"http:\/\/dev.claret.cat\/editorial\/palabra\/","menu_order":0,"post_type":"editorial","post_mime_type":"","comment_count":"0","filter":"raw"}],"autores-libros":[{"ID":169213,"post_author":"3","post_date":"2022-10-14 22:25:24","post_date_gmt":"2022-10-14 20:25:24","post_content":"","post_title":"SCOTT HAHN","post_excerpt":"","post_status":"publish","comment_status":"closed","ping_status":"closed","post_password":"","post_name":"scott-hahn","to_ping":"","pinged":"","post_modified":"2022-10-14 22:25:24","post_modified_gmt":"2022-10-14 20:25:24","post_content_filtered":"","post_parent":0,"guid":"http:\/\/dev.claret.cat\/autor\/scott-hahn\/","menu_order":0,"post_type":"autor","post_mime_type":"","comment_count":"0","filter":"raw"}]},"aioseo_notices":[],"_links":{"self":[{"href":"https:\/\/www.claret.cat\/es\/wp-json\/wp\/v2\/product\/17753","targetHints":{"allow":["GET"]}}],"collection":[{"href":"https:\/\/www.claret.cat\/es\/wp-json\/wp\/v2\/product"}],"about":[{"href":"https:\/\/www.claret.cat\/es\/wp-json\/wp\/v2\/types\/product"}],"wp:featuredmedia":[{"embeddable":true,"href":"https:\/\/www.claret.cat\/es\/wp-json\/wp\/v2\/media\/68940"}],"wp:attachment":[{"href":"https:\/\/www.claret.cat\/es\/wp-json\/wp\/v2\/media?parent=17753"}],"wp:term":[{"taxonomy":"product_brand","embeddable":true,"href":"https:\/\/www.claret.cat\/es\/wp-json\/wp\/v2\/product_brand?post=17753"},{"taxonomy":"product_cat","embeddable":true,"href":"https:\/\/www.claret.cat\/es\/wp-json\/wp\/v2\/product_cat?post=17753"},{"taxonomy":"product_tag","embeddable":true,"href":"https:\/\/www.claret.cat\/es\/wp-json\/wp\/v2\/product_tag?post=17753"}],"curies":[{"name":"wp","href":"https:\/\/api.w.org\/{rel}","templated":true}]}}