{"id":177540,"date":"2022-10-20T02:23:35","date_gmt":"2022-10-20T00:23:35","guid":{"rendered":"http:\/\/dev.claret.cat\/producte\/tratado-general-de-derecho-canonico-2018\/"},"modified":"2025-09-03T12:45:51","modified_gmt":"2025-09-03T10:45:51","slug":"tratado-general-de-derecho-canonico-2018-9788417466206","status":"publish","type":"product","link":"https:\/\/www.claret.cat\/es\/libro\/tratado-general-de-derecho-canonico-2018-9788417466206\/","title":{"rendered":"TRATADO GENERAL DE DERECHO CAN\u00d3NICO 2018"},"content":{"rendered":"<p>El presente Tratado ofrece un detallada y documentada descripci\u00f3n y an\u00e1lisis del Derecho can\u00f3nico, el ordenamiento jur\u00eddico cl\u00e1sico y actual de la Iglesia Cat\u00f3lica, teniendo especialmente en cuenta todos aquellos aspectos que han marcado m\u00e1s profundamente la cultura jur\u00eddica occidental.<\/p>\n","protected":false},"excerpt":{"rendered":"<p>BUENO SALINAS, SANTIAGO<\/p>\n","protected":false},"featured_media":372128,"template":"","meta":{"_acf_changed":false,"om_disable_all_campaigns":false,"rs_blank_template":"","rs_page_bg_color":"","slide_template_v7":"","inline_featured_image":false,"_monsterinsights_skip_tracking":false,"_monsterinsights_sitenote_active":false,"_monsterinsights_sitenote_note":"","_monsterinsights_sitenote_category":0},"product_brand":[],"product_cat":[518,292],"product_tag":[],"class_list":{"0":"post-177540","1":"product","2":"type-product","3":"status-publish","4":"has-post-thumbnail","6":"product_cat-derecho-canonico-en-general","7":"product_cat-dret-canonic-en-general","9":"first","10":"instock","11":"taxable","12":"shipping-taxable","13":"purchasable","14":"product-type-simple"},"acf":{"autor":"BUENO SALINAS, SANTIAGO","codart":"841746620","libros-coleccion":"","ediciones":"1","encuadernacion":"Carpeta","fecha_de_publicacion":"01\/09\/2018","novedad":"1","paginas":"0","subtitulo":"","orden":"0","portada":"0","idioma":"spa","editorial":[{"ID":147496,"post_author":"3","post_date":"2022-10-14 11:51:02","post_date_gmt":"2022-10-14 09:51:02","post_content":"","post_title":"Atelier Libros","post_excerpt":"","post_status":"publish","comment_status":"closed","ping_status":"closed","post_password":"","post_name":"atelier-libros","to_ping":"","pinged":"","post_modified":"2022-10-14 11:51:02","post_modified_gmt":"2022-10-14 09:51:02","post_content_filtered":"","post_parent":0,"guid":"http:\/\/dev.claret.cat\/editorial\/atelier-libros\/","menu_order":0,"post_type":"editorial","post_mime_type":"","comment_count":"0","filter":"raw"}],"autores-libros":[{"ID":169037,"post_author":"3","post_date":"2022-10-14 22:23:58","post_date_gmt":"2022-10-14 20:23:58","post_content":"","post_title":"SANTIAGO BUENO SALINAS","post_excerpt":"","post_status":"publish","comment_status":"closed","ping_status":"closed","post_password":"","post_name":"santiago-bueno-salinas","to_ping":"","pinged":"","post_modified":"2022-10-14 22:23:58","post_modified_gmt":"2022-10-14 20:23:58","post_content_filtered":"","post_parent":0,"guid":"http:\/\/dev.claret.cat\/autor\/santiago-bueno-salinas\/","menu_order":0,"post_type":"autor","post_mime_type":"","comment_count":"0","filter":"raw"}],"booktrailer":"","resenas":""},"aioseo_notices":[],"_links":{"self":[{"href":"https:\/\/www.claret.cat\/es\/wp-json\/wp\/v2\/product\/177540","targetHints":{"allow":["GET"]}}],"collection":[{"href":"https:\/\/www.claret.cat\/es\/wp-json\/wp\/v2\/product"}],"about":[{"href":"https:\/\/www.claret.cat\/es\/wp-json\/wp\/v2\/types\/product"}],"wp:featuredmedia":[{"embeddable":true,"href":"https:\/\/www.claret.cat\/es\/wp-json\/wp\/v2\/media\/372128"}],"wp:attachment":[{"href":"https:\/\/www.claret.cat\/es\/wp-json\/wp\/v2\/media?parent=177540"}],"wp:term":[{"taxonomy":"product_brand","embeddable":true,"href":"https:\/\/www.claret.cat\/es\/wp-json\/wp\/v2\/product_brand?post=177540"},{"taxonomy":"product_cat","embeddable":true,"href":"https:\/\/www.claret.cat\/es\/wp-json\/wp\/v2\/product_cat?post=177540"},{"taxonomy":"product_tag","embeddable":true,"href":"https:\/\/www.claret.cat\/es\/wp-json\/wp\/v2\/product_tag?post=177540"}],"curies":[{"name":"wp","href":"https:\/\/api.w.org\/{rel}","templated":true}]}}