{"id":177606,"date":"2022-10-20T02:24:53","date_gmt":"2022-10-20T00:24:53","guid":{"rendered":"http:\/\/dev.claret.cat\/producte\/el-caso-del-marques-desaparecido-enola-holmes-1\/"},"modified":"2025-04-07T12:30:28","modified_gmt":"2025-04-07T10:30:28","slug":"el-caso-del-marques-desaparecido-enola-holmes-1-9788427214613","status":"publish","type":"product","link":"https:\/\/www.claret.cat\/es\/libro\/el-caso-del-marques-desaparecido-enola-holmes-1-9788427214613\/","title":{"rendered":"EL CASO DEL MARQU\u00c9S DESAPARECIDO (ENOLA HOLMES 1)"},"content":{"rendered":"<p>Enola Holmes, hermana peque\u00f1a del famoso detective Sherlock Holmes, decide viajar hasta Londres dispuesta a encontrar alguna pista que la conduzca hasta su madre, desaparecida recientemente. Sin embargo, nadie puede prepararla para lo que la espera all\u00ed. Al pisar el asfalto de la ciudad, se ver\u00e1 envuelta en el secuestro de un joven marqu\u00e9s y deber\u00e1 sortear a toda costa a sus inteligentes hermanos mayores, que pretenden llevarla a un internado. \u00bfPodr\u00e1 Enola descifrar los enigmas que le ha dejado su madre y encontrarla?<\/p>\n","protected":false},"excerpt":{"rendered":"<p>SPRINGER , NANCY<\/p>\n","protected":false},"featured_media":177607,"template":"","meta":{"_acf_changed":false,"om_disable_all_campaigns":false,"rs_blank_template":"","rs_page_bg_color":"","slide_template_v7":"","inline_featured_image":false,"_monsterinsights_skip_tracking":false,"_monsterinsights_sitenote_active":false,"_monsterinsights_sitenote_note":"","_monsterinsights_sitenote_category":0},"product_brand":[],"product_cat":[86,352,566,117],"product_tag":[],"class_list":{"0":"post-177606","1":"product","2":"type-product","3":"status-publish","4":"has-post-thumbnail","6":"product_cat-infantil","7":"product_cat-infantil-3_infantil-juvenil-spa","8":"product_cat-juvenil-3_infantil-juvenil-spa-spa","9":"product_cat-juvenil","11":"first","12":"instock","13":"taxable","14":"shipping-taxable","15":"purchasable","16":"product-type-simple"},"acf":{"autor":"SPRINGER , NANCY","codart":"842721461","libros-coleccion":"FICCI\u00d3N JUVENIL","ediciones":"1","encuadernacion":"Carton\u00e9","fecha_de_publicacion":"01\/09\/2018","novedad":"1","paginas":"221","subtitulo":"","orden":"0","portada":"0","idioma":"spa","editorial":[{"ID":6346,"post_author":"3","post_date":"2022-07-28 17:50:13","post_date_gmt":"2022-07-28 15:50:13","post_content":"","post_title":"RBA Molino","post_excerpt":"","post_status":"publish","comment_status":"closed","ping_status":"closed","post_password":"","post_name":"rba-molino","to_ping":"","pinged":"","post_modified":"2022-07-28 17:50:13","post_modified_gmt":"2022-07-28 15:50:13","post_content_filtered":"","post_parent":0,"guid":"http:\/\/dev.claret.cat\/editorial\/rba-molino\/","menu_order":0,"post_type":"editorial","post_mime_type":"","comment_count":"0","filter":"raw"}],"autores-libros":[{"ID":165615,"post_author":"3","post_date":"2022-10-14 17:56:35","post_date_gmt":"2022-10-14 15:56:35","post_content":"","post_title":"NANCY SPRINGER","post_excerpt":"","post_status":"publish","comment_status":"closed","ping_status":"closed","post_password":"","post_name":"nancy-springer","to_ping":"","pinged":"","post_modified":"2022-10-14 17:56:35","post_modified_gmt":"2022-10-14 15:56:35","post_content_filtered":"","post_parent":0,"guid":"http:\/\/dev.claret.cat\/autor\/nancy-springer\/","menu_order":0,"post_type":"autor","post_mime_type":"","comment_count":"0","filter":"raw"}]},"aioseo_notices":[],"_links":{"self":[{"href":"https:\/\/www.claret.cat\/es\/wp-json\/wp\/v2\/product\/177606","targetHints":{"allow":["GET"]}}],"collection":[{"href":"https:\/\/www.claret.cat\/es\/wp-json\/wp\/v2\/product"}],"about":[{"href":"https:\/\/www.claret.cat\/es\/wp-json\/wp\/v2\/types\/product"}],"wp:featuredmedia":[{"embeddable":true,"href":"https:\/\/www.claret.cat\/es\/wp-json\/wp\/v2\/media\/177607"}],"wp:attachment":[{"href":"https:\/\/www.claret.cat\/es\/wp-json\/wp\/v2\/media?parent=177606"}],"wp:term":[{"taxonomy":"product_brand","embeddable":true,"href":"https:\/\/www.claret.cat\/es\/wp-json\/wp\/v2\/product_brand?post=177606"},{"taxonomy":"product_cat","embeddable":true,"href":"https:\/\/www.claret.cat\/es\/wp-json\/wp\/v2\/product_cat?post=177606"},{"taxonomy":"product_tag","embeddable":true,"href":"https:\/\/www.claret.cat\/es\/wp-json\/wp\/v2\/product_tag?post=177606"}],"curies":[{"name":"wp","href":"https:\/\/api.w.org\/{rel}","templated":true}]}}