{"id":177609,"date":"2022-10-20T02:24:57","date_gmt":"2022-10-20T00:24:57","guid":{"rendered":"http:\/\/dev.claret.cat\/producte\/el-caso-de-la-dama-zurda-e-holmes-2\/"},"modified":"2025-04-07T12:30:40","modified_gmt":"2025-04-07T10:30:40","slug":"el-caso-de-la-dama-zurda-e-holmes-2-9788427214620","status":"publish","type":"product","link":"https:\/\/www.claret.cat\/es\/libro\/el-caso-de-la-dama-zurda-e-holmes-2-9788427214620\/","title":{"rendered":"EL CASO DE LA DAMA ZURDA (E. HOLMES 2)"},"content":{"rendered":"<p>Sherlock Holmes, el detective m\u00e1s famoso del mundo, est\u00e1 removiendo cielo y tierra para encontrar a su hermana peque\u00f1a Enola, quien parece haber sido engullida por la ciudad m\u00e1s grande y oscura del mundo: Londres. Mientras se esconde de su propio hermano, Enola se topa con unos dibujos al carboncillo y siente una conexi\u00f3n inmediata con su autora, Lady Cecily, pero esta ha desaparecido sin dejar rastro. As\u00ed que Enola deber\u00e1 resolver los enigmas que conducen hasta esta dama zurda. \u00bfPodr\u00e1 seguir ocult\u00e1ndose y encontrar a Lady Cecily o perder\u00e1 para siempre su libertad?<\/p>\n","protected":false},"excerpt":{"rendered":"<p>SPRINGER , NANCY<\/p>\n","protected":false},"featured_media":177610,"template":"","meta":{"_acf_changed":false,"om_disable_all_campaigns":false,"rs_blank_template":"","rs_page_bg_color":"","slide_template_v7":"","inline_featured_image":false,"_monsterinsights_skip_tracking":false,"_monsterinsights_sitenote_active":false,"_monsterinsights_sitenote_note":"","_monsterinsights_sitenote_category":0},"product_brand":[],"product_cat":[86,352,117,566],"product_tag":[],"class_list":{"0":"post-177609","1":"product","2":"type-product","3":"status-publish","4":"has-post-thumbnail","6":"product_cat-infantil","7":"product_cat-infantil-3_infantil-juvenil-spa","8":"product_cat-juvenil","9":"product_cat-juvenil-3_infantil-juvenil-spa-spa","11":"first","12":"instock","13":"taxable","14":"shipping-taxable","15":"purchasable","16":"product-type-simple"},"acf":{"autor":"SPRINGER , NANCY","codart":"842721462","libros-coleccion":"FICCI\u00d3N JUVENIL","ediciones":"1","encuadernacion":"Carton\u00e9","fecha_de_publicacion":"01\/09\/2018","novedad":"1","paginas":"250","subtitulo":"","orden":"0","portada":"0","idioma":"spa","editorial":[{"ID":6346,"post_author":"3","post_date":"2022-07-28 17:50:13","post_date_gmt":"2022-07-28 15:50:13","post_content":"","post_title":"RBA Molino","post_excerpt":"","post_status":"publish","comment_status":"closed","ping_status":"closed","post_password":"","post_name":"rba-molino","to_ping":"","pinged":"","post_modified":"2022-07-28 17:50:13","post_modified_gmt":"2022-07-28 15:50:13","post_content_filtered":"","post_parent":0,"guid":"http:\/\/dev.claret.cat\/editorial\/rba-molino\/","menu_order":0,"post_type":"editorial","post_mime_type":"","comment_count":"0","filter":"raw"}],"autores-libros":[{"ID":165615,"post_author":"3","post_date":"2022-10-14 17:56:35","post_date_gmt":"2022-10-14 15:56:35","post_content":"","post_title":"NANCY SPRINGER","post_excerpt":"","post_status":"publish","comment_status":"closed","ping_status":"closed","post_password":"","post_name":"nancy-springer","to_ping":"","pinged":"","post_modified":"2022-10-14 17:56:35","post_modified_gmt":"2022-10-14 15:56:35","post_content_filtered":"","post_parent":0,"guid":"http:\/\/dev.claret.cat\/autor\/nancy-springer\/","menu_order":0,"post_type":"autor","post_mime_type":"","comment_count":"0","filter":"raw"}]},"aioseo_notices":[],"_links":{"self":[{"href":"https:\/\/www.claret.cat\/es\/wp-json\/wp\/v2\/product\/177609","targetHints":{"allow":["GET"]}}],"collection":[{"href":"https:\/\/www.claret.cat\/es\/wp-json\/wp\/v2\/product"}],"about":[{"href":"https:\/\/www.claret.cat\/es\/wp-json\/wp\/v2\/types\/product"}],"wp:featuredmedia":[{"embeddable":true,"href":"https:\/\/www.claret.cat\/es\/wp-json\/wp\/v2\/media\/177610"}],"wp:attachment":[{"href":"https:\/\/www.claret.cat\/es\/wp-json\/wp\/v2\/media?parent=177609"}],"wp:term":[{"taxonomy":"product_brand","embeddable":true,"href":"https:\/\/www.claret.cat\/es\/wp-json\/wp\/v2\/product_brand?post=177609"},{"taxonomy":"product_cat","embeddable":true,"href":"https:\/\/www.claret.cat\/es\/wp-json\/wp\/v2\/product_cat?post=177609"},{"taxonomy":"product_tag","embeddable":true,"href":"https:\/\/www.claret.cat\/es\/wp-json\/wp\/v2\/product_tag?post=177609"}],"curies":[{"name":"wp","href":"https:\/\/api.w.org\/{rel}","templated":true}]}}