{"id":177624,"date":"2022-10-20T02:25:15","date_gmt":"2022-10-20T00:25:15","guid":{"rendered":"http:\/\/dev.claret.cat\/producte\/cel-infinit\/"},"modified":"2025-04-07T12:40:24","modified_gmt":"2025-04-07T10:40:24","slug":"cel-infinit-9788427213432","status":"publish","type":"product","link":"https:\/\/www.claret.cat\/es\/libro\/cel-infinit-9788427213432\/","title":{"rendered":"CEL INFINIT"},"content":{"rendered":"<p>Benvinguts de nou a la ciutat de Nova York, l&#8217;any 2119. A la glamurosa supertorre de mil plantes que s&#8217;al\u00e7a al cor de Manhattan, milions de persones fan una vida esquitxada pels esc\u00e0ndols. La Leda, en Watt, la Rylin, l&#8217;Avery i la Calliope pugnen per evitar que surtin a la llum els seus secret m\u00e9s amagats, uns secrets que amenacen amb destruir- ho tot i emp\u00e8nyer les seves id\u00edl\u00b7liques exist\u00e8ncies al buit.<\/p>\n","protected":false},"excerpt":{"rendered":"<p>MCGEE , KATHARINE<\/p>\n","protected":false},"featured_media":177625,"template":"","meta":{"_acf_changed":false,"om_disable_all_campaigns":false,"rs_blank_template":"","rs_page_bg_color":"","slide_template_v7":"","inline_featured_image":false,"_monsterinsights_skip_tracking":false,"_monsterinsights_sitenote_active":false,"_monsterinsights_sitenote_note":"","_monsterinsights_sitenote_category":0},"product_brand":[],"product_cat":[117,566],"product_tag":[],"class_list":{"0":"post-177624","1":"product","2":"type-product","3":"status-publish","4":"has-post-thumbnail","6":"product_cat-juvenil","7":"product_cat-juvenil-3_infantil-juvenil-spa-spa","9":"first","10":"instock","11":"taxable","12":"shipping-taxable","13":"purchasable","14":"product-type-simple"},"acf":{"autor":"MCGEE , KATHARINE","codart":"842721343","libros-coleccion":"JUVENIL CATAL\u00c0","ediciones":"1","encuadernacion":"R\u00fastica","fecha_de_publicacion":"01\/09\/2018","novedad":"1","paginas":"524","subtitulo":"LA PLANTA MIL 3","orden":"0","portada":"0","idioma":"spa","editorial":[{"ID":6346,"post_author":"3","post_date":"2022-07-28 17:50:13","post_date_gmt":"2022-07-28 15:50:13","post_content":"","post_title":"RBA Molino","post_excerpt":"","post_status":"publish","comment_status":"closed","ping_status":"closed","post_password":"","post_name":"rba-molino","to_ping":"","pinged":"","post_modified":"2022-07-28 17:50:13","post_modified_gmt":"2022-07-28 15:50:13","post_content_filtered":"","post_parent":0,"guid":"http:\/\/dev.claret.cat\/editorial\/rba-molino\/","menu_order":0,"post_type":"editorial","post_mime_type":"","comment_count":"0","filter":"raw"}],"autores-libros":[{"ID":425076,"post_author":"3","post_date":"2023-05-16 08:14:08","post_date_gmt":"2023-05-16 06:14:08","post_content":"","post_title":"KATHARINE MCGEE","post_excerpt":"","post_status":"publish","comment_status":"closed","ping_status":"closed","post_password":"","post_name":"katharine-mcgee","to_ping":"","pinged":"","post_modified":"2023-05-16 08:14:08","post_modified_gmt":"2023-05-16 06:14:08","post_content_filtered":"","post_parent":0,"guid":"https:\/\/www.claret.cat\/autor\/katharine-mcgee\/","menu_order":0,"post_type":"autor","post_mime_type":"","comment_count":"0","filter":"raw"}]},"aioseo_notices":[],"_links":{"self":[{"href":"https:\/\/www.claret.cat\/es\/wp-json\/wp\/v2\/product\/177624","targetHints":{"allow":["GET"]}}],"collection":[{"href":"https:\/\/www.claret.cat\/es\/wp-json\/wp\/v2\/product"}],"about":[{"href":"https:\/\/www.claret.cat\/es\/wp-json\/wp\/v2\/types\/product"}],"wp:featuredmedia":[{"embeddable":true,"href":"https:\/\/www.claret.cat\/es\/wp-json\/wp\/v2\/media\/177625"}],"wp:attachment":[{"href":"https:\/\/www.claret.cat\/es\/wp-json\/wp\/v2\/media?parent=177624"}],"wp:term":[{"taxonomy":"product_brand","embeddable":true,"href":"https:\/\/www.claret.cat\/es\/wp-json\/wp\/v2\/product_brand?post=177624"},{"taxonomy":"product_cat","embeddable":true,"href":"https:\/\/www.claret.cat\/es\/wp-json\/wp\/v2\/product_cat?post=177624"},{"taxonomy":"product_tag","embeddable":true,"href":"https:\/\/www.claret.cat\/es\/wp-json\/wp\/v2\/product_tag?post=177624"}],"curies":[{"name":"wp","href":"https:\/\/api.w.org\/{rel}","templated":true}]}}