{"id":177702,"date":"2022-10-20T02:26:45","date_gmt":"2022-10-20T00:26:45","guid":{"rendered":"http:\/\/dev.claret.cat\/producte\/iscr-antropologia-filosofica-la-persona-humana\/"},"modified":"2026-01-19T12:12:46","modified_gmt":"2026-01-19T11:12:46","slug":"iscr-antropologia-filosofica-la-persona-humana-9788431333126","status":"publish","type":"product","link":"https:\/\/www.claret.cat\/es\/libro\/iscr-antropologia-filosofica-la-persona-humana-9788431333126\/","title":{"rendered":"(ISCR) ANTROPOLOG\u00cdA FILOS\u00d3FICA: LA PERSONA HUMANA"},"content":{"rendered":"<p>La Antropolog\u00eda filos\u00f3fica es el conocimiento que la persona humana alcanza de s\u00ed misma de modo natural. Un estudio del ser humano no debe conformarse con investigar los elementos comunes a todos, sino adentrarse en lo m\u00e1s radical de nosotros mismos: la intimidad de la persona, el qui\u00e9n que cada uno somos. <br \/> Esta disciplina distingue, por tanto, tres dimensiones: la naturaleza corp\u00f3rea (cuerpo), con las funciones y facultades humanas con soporte org\u00e1nico; la esencia (alma), constituida por el perfeccionamiento <br \/> del yo y sus dos facultades inmateriales superiores -inteligencia y voluntad- y la persona que cada qui\u00e9n es, es decir, el acto de ser personal novedoso e irrepetible. Cada quien es radicalmente apertura \u00edntima (a Dios, a los dem\u00e1s, al mundo), libertad que se destina, conocer personal activo y amar personal (aceptaci\u00f3n y donaci\u00f3n).<br \/> Siguiendo la estela de L. Polo, se trata de una antropolog\u00eda cuya investigaci\u00f3n natural de la persona se abre a un di\u00e1logo constructivo con la fe y la teolog\u00eda.<\/p>\n","protected":false},"excerpt":{"rendered":"<p>SELLES DAUDER JUAN FERNANDO \/ JOS\u00c9 MANUEL FIDALGO ALAIZ<\/p>\n","protected":false},"featured_media":177703,"template":"","meta":{"_acf_changed":false,"om_disable_all_campaigns":false,"rs_blank_template":"","rs_page_bg_color":"","slide_template_v7":"","inline_featured_image":false,"_monsterinsights_skip_tracking":false,"_monsterinsights_sitenote_active":false,"_monsterinsights_sitenote_note":"","_monsterinsights_sitenote_category":0},"product_brand":[],"product_cat":[175,445],"product_tag":[],"class_list":{"0":"post-177702","1":"product","2":"type-product","3":"status-publish","4":"has-post-thumbnail","6":"product_cat-etica","7":"product_cat-etica-filosofia-2_humanidades","9":"first","10":"instock","11":"taxable","12":"shipping-taxable","13":"purchasable","14":"product-type-simple"},"acf":{"autor":"SELLES DAUDER JUAN FERNANDO \/ JOS\u00c9 MANUEL FIDALGO ALAIZ","codart":"843133312","libros-coleccion":"Manuales del ISCR","ediciones":"1","encuadernacion":"R\u00fastica","fecha_de_publicacion":"01\/09\/2018","novedad":"1","paginas":"0","subtitulo":"","orden":"0","portada":"0","idioma":"spa","editorial":[{"ID":6251,"post_author":"3","post_date":"2022-07-28 17:48:11","post_date_gmt":"2022-07-28 15:48:11","post_content":"","post_title":"EUNSA. EDICIONES UNIVERSIDAD DE NAVARRA","post_excerpt":"","post_status":"publish","comment_status":"closed","ping_status":"closed","post_password":"","post_name":"eunsa-ediciones-universidad-de-navarra","to_ping":"","pinged":"","post_modified":"2022-07-28 17:48:11","post_modified_gmt":"2022-07-28 15:48:11","post_content_filtered":"","post_parent":0,"guid":"http:\/\/dev.claret.cat\/editorial\/eunsa-ediciones-universidad-de-navarra\/","menu_order":0,"post_type":"editorial","post_mime_type":"","comment_count":"0","filter":"raw"}],"autores-libros":[{"ID":428611,"post_author":"3","post_date":"2023-05-16 09:30:41","post_date_gmt":"2023-05-16 07:30:41","post_content":"","post_title":"SELLES DAUDER JUAN FERNANDO","post_excerpt":"","post_status":"publish","comment_status":"closed","ping_status":"closed","post_password":"","post_name":"selles-dauder-juan-fernando","to_ping":"","pinged":"","post_modified":"2023-05-16 09:30:41","post_modified_gmt":"2023-05-16 07:30:41","post_content_filtered":"","post_parent":0,"guid":"https:\/\/www.claret.cat\/autor\/selles-dauder-juan-fernando\/","menu_order":0,"post_type":"autor","post_mime_type":"","comment_count":"0","filter":"raw"},{"ID":160404,"post_author":"3","post_date":"2022-10-14 15:52:48","post_date_gmt":"2022-10-14 13:52:48","post_content":"","post_title":"JOS\u00c9 MANUEL FIDALGO ALAIZ","post_excerpt":"","post_status":"publish","comment_status":"closed","ping_status":"closed","post_password":"","post_name":"jose-manuel-fidalgo-alaiz-2","to_ping":"","pinged":"","post_modified":"2022-10-14 15:52:48","post_modified_gmt":"2022-10-14 13:52:48","post_content_filtered":"","post_parent":0,"guid":"http:\/\/dev.claret.cat\/autor\/jose-manuel-fidalgo-alaiz-2\/","menu_order":0,"post_type":"autor","post_mime_type":"","comment_count":"0","filter":"raw"}],"booktrailer":"","resenas":""},"aioseo_notices":[],"_links":{"self":[{"href":"https:\/\/www.claret.cat\/es\/wp-json\/wp\/v2\/product\/177702","targetHints":{"allow":["GET"]}}],"collection":[{"href":"https:\/\/www.claret.cat\/es\/wp-json\/wp\/v2\/product"}],"about":[{"href":"https:\/\/www.claret.cat\/es\/wp-json\/wp\/v2\/types\/product"}],"wp:featuredmedia":[{"embeddable":true,"href":"https:\/\/www.claret.cat\/es\/wp-json\/wp\/v2\/media\/177703"}],"wp:attachment":[{"href":"https:\/\/www.claret.cat\/es\/wp-json\/wp\/v2\/media?parent=177702"}],"wp:term":[{"taxonomy":"product_brand","embeddable":true,"href":"https:\/\/www.claret.cat\/es\/wp-json\/wp\/v2\/product_brand?post=177702"},{"taxonomy":"product_cat","embeddable":true,"href":"https:\/\/www.claret.cat\/es\/wp-json\/wp\/v2\/product_cat?post=177702"},{"taxonomy":"product_tag","embeddable":true,"href":"https:\/\/www.claret.cat\/es\/wp-json\/wp\/v2\/product_tag?post=177702"}],"curies":[{"name":"wp","href":"https:\/\/api.w.org\/{rel}","templated":true}]}}