{"id":177786,"date":"2022-10-20T02:28:24","date_gmt":"2022-10-20T00:28:24","guid":{"rendered":"http:\/\/dev.claret.cat\/producte\/if-youre-happy-and-you-know-it-2\/"},"modified":"2025-01-30T19:23:37","modified_gmt":"2025-01-30T18:23:37","slug":"if-youre-happy-and-you-know-it-9781786702159","status":"publish","type":"product","link":"https:\/\/www.claret.cat\/es\/libro\/if-youre-happy-and-you-know-it-9781786702159\/","title":{"rendered":"IF YOU&#8217;RE HAPPY AND YOU KNOW IT"},"content":{"rendered":"<p>Si estas contento y feliz da palmadas y divi\u00e9rtete con este magn\u00edfico libro. Con magn\u00edficas ilustraciones, este libro es perfecto para conocer una de las canciones inglesas m\u00e1s populares. Libro de sonidos que reproduce la canci\u00f3n tradicional &#8216;If you&#8217;re Happy and you Know it&#8217;. U libro ideal para aprender un nuevo idioma y divertirse en familia.<\/p>\n","protected":false},"excerpt":{"rendered":"<p>WWAA<\/p>\n","protected":false},"featured_media":316196,"template":"","meta":{"_acf_changed":false,"om_disable_all_campaigns":false,"rs_blank_template":"","rs_page_bg_color":"","slide_template_v7":"","inline_featured_image":false,"_monsterinsights_skip_tracking":false,"_monsterinsights_sitenote_active":false,"_monsterinsights_sitenote_note":"","_monsterinsights_sitenote_category":0},"product_brand":[],"product_cat":[90,540],"product_tag":[],"class_list":{"0":"post-177786","1":"product","2":"type-product","3":"status-publish","4":"has-post-thumbnail","6":"product_cat-altres","7":"product_cat-otros","9":"first","10":"instock","11":"taxable","12":"shipping-taxable","13":"purchasable","14":"product-type-simple"},"acf":{"autor":"WWAA","codart":"178670215","libros-coleccion":"MY FIRST NURSERY RHYMES","ediciones":"1","encuadernacion":"Carton\u00e9","fecha_de_publicacion":"01\/09\/2018","novedad":"1","paginas":"10","subtitulo":"LIBRO DE SONIDOS","orden":"0","portada":"0","idioma":"eng","editorial":[{"ID":147532,"post_author":"3","post_date":"2022-10-14 11:51:17","post_date_gmt":"2022-10-14 09:51:17","post_content":"","post_title":"Base","post_excerpt":"","post_status":"publish","comment_status":"closed","ping_status":"closed","post_password":"","post_name":"base","to_ping":"","pinged":"","post_modified":"2022-10-14 11:51:17","post_modified_gmt":"2022-10-14 09:51:17","post_content_filtered":"","post_parent":0,"guid":"http:\/\/dev.claret.cat\/editorial\/base\/","menu_order":0,"post_type":"editorial","post_mime_type":"","comment_count":"0","filter":"raw"}],"autores-libros":[{"ID":6094,"post_author":"3","post_date":"2022-07-28 17:38:01","post_date_gmt":"2022-07-28 15:38:01","post_content":"","post_title":"WWAA","post_excerpt":"","post_status":"publish","comment_status":"closed","ping_status":"closed","post_password":"","post_name":"wwaa","to_ping":"","pinged":"","post_modified":"2022-07-28 17:38:01","post_modified_gmt":"2022-07-28 15:38:01","post_content_filtered":"","post_parent":0,"guid":"http:\/\/dev.claret.cat\/autor\/wwaa\/","menu_order":0,"post_type":"autor","post_mime_type":"","comment_count":"0","filter":"raw"}]},"aioseo_notices":[],"_links":{"self":[{"href":"https:\/\/www.claret.cat\/es\/wp-json\/wp\/v2\/product\/177786","targetHints":{"allow":["GET"]}}],"collection":[{"href":"https:\/\/www.claret.cat\/es\/wp-json\/wp\/v2\/product"}],"about":[{"href":"https:\/\/www.claret.cat\/es\/wp-json\/wp\/v2\/types\/product"}],"wp:featuredmedia":[{"embeddable":true,"href":"https:\/\/www.claret.cat\/es\/wp-json\/wp\/v2\/media\/316196"}],"wp:attachment":[{"href":"https:\/\/www.claret.cat\/es\/wp-json\/wp\/v2\/media?parent=177786"}],"wp:term":[{"taxonomy":"product_brand","embeddable":true,"href":"https:\/\/www.claret.cat\/es\/wp-json\/wp\/v2\/product_brand?post=177786"},{"taxonomy":"product_cat","embeddable":true,"href":"https:\/\/www.claret.cat\/es\/wp-json\/wp\/v2\/product_cat?post=177786"},{"taxonomy":"product_tag","embeddable":true,"href":"https:\/\/www.claret.cat\/es\/wp-json\/wp\/v2\/product_tag?post=177786"}],"curies":[{"name":"wp","href":"https:\/\/api.w.org\/{rel}","templated":true}]}}