{"id":177828,"date":"2022-10-20T02:29:13","date_gmt":"2022-10-20T00:29:13","guid":{"rendered":"http:\/\/dev.claret.cat\/producte\/mentes-maravillosas\/"},"modified":"2023-01-28T20:08:21","modified_gmt":"2023-01-28T19:08:21","slug":"mentes-maravillosas-9788491990192","status":"publish","type":"product","link":"https:\/\/www.claret.cat\/es\/libro\/mentes-maravillosas-9788491990192\/","title":{"rendered":"MENTES MARAVILLOSAS"},"content":{"rendered":"<p>\u00bfQu\u00e9 matem\u00e1tico elabor\u00f3 un concepto crucial la noche antes de morir en un duelo? \u00bfQui\u00e9n financi\u00f3 su carrera de Matem\u00e1ticas y Medicina a trav\u00e9s del juego y el ajedrez? \u00bfQui\u00e9n aprendi\u00f3 matem\u00e1ticas de su fondo de pantalla?<br \/>Ian Stewart presenta las vidas extraordinarias y los sorprendentes descubrimientos de veinticinco de los mejores matem\u00e1ticos de la historia, desde Arqu\u00edmedes y Liu Hui hasta Benoit Mandelbrot y William Thurston. Sus sujetos son personas inspiradoras que han hecho contribuciones cruciales a las Matem\u00e1ticas. Incluye las historias de los genios redescubiertos Srinivasa Ramanujan y Emmy Noether, junto a las imponentes figuras de Muhammad al-Khwarizmi (inventor del algoritmo), Pierre de Fermat, Isaac Newton, Carl Friedrich Gauss, Nikolai Ivanovich Lobachevsky, Bernhard Reimann (precursor de Einstein), Henri Poincar\u00e9, Ada Lovelace (posiblemente la primera programadora de computadoras), Kurt G\u00f6del y Alan Turing.<br \/>Los v\u00edvidos relatos de Ian Stewart son fascinantes en s\u00ed mismos y, tomados en conjunto, se unen en una apasionante historia de pasos clave en el desarrollo de las Matem\u00e1ticas.<\/p>\n","protected":false},"excerpt":{"rendered":"<p>STEWART, IAN<\/p>\n","protected":false},"featured_media":177829,"template":"","meta":{"_acf_changed":false,"om_disable_all_campaigns":false,"rs_blank_template":"","rs_page_bg_color":"","slide_template_v7":"","inline_featured_image":false,"_monsterinsights_skip_tracking":false,"_monsterinsights_sitenote_active":false,"_monsterinsights_sitenote_note":"","_monsterinsights_sitenote_category":0},"product_brand":[],"product_cat":[16],"product_tag":[],"class_list":{"0":"post-177828","1":"product","2":"type-product","3":"status-publish","4":"has-post-thumbnail","6":"product_cat-sense-categoria","8":"first","9":"instock","10":"taxable","11":"shipping-taxable","12":"purchasable","13":"product-type-simple"},"acf":{"autor":"STEWART, IAN","codart":"849199019","libros-coleccion":"Drakontos","ediciones":"1","encuadernacion":"Carton\u00e9","fecha_de_publicacion":"01\/09\/2018","novedad":"1","paginas":"0","subtitulo":"LOS MATEM\u00c1TICOS QUE CAMBIARON EL MUNDO","orden":"0","portada":"0","idioma":"spa","editorial":[{"ID":147952,"post_author":"3","post_date":"2022-10-14 11:54:29","post_date_gmt":"2022-10-14 09:54:29","post_content":"","post_title":"EDITORIAL CRITICA","post_excerpt":"","post_status":"publish","comment_status":"closed","ping_status":"closed","post_password":"","post_name":"editorial-critica","to_ping":"","pinged":"","post_modified":"2022-10-14 11:54:29","post_modified_gmt":"2022-10-14 09:54:29","post_content_filtered":"","post_parent":0,"guid":"http:\/\/dev.claret.cat\/editorial\/editorial-critica\/","menu_order":0,"post_type":"editorial","post_mime_type":"","comment_count":"0","filter":"raw"}],"autores-libros":[{"ID":157717,"post_author":"3","post_date":"2022-10-14 15:31:03","post_date_gmt":"2022-10-14 13:31:03","post_content":"","post_title":"IAN STEWART","post_excerpt":"","post_status":"publish","comment_status":"closed","ping_status":"closed","post_password":"","post_name":"ian-stewart","to_ping":"","pinged":"","post_modified":"2022-10-14 15:31:03","post_modified_gmt":"2022-10-14 13:31:03","post_content_filtered":"","post_parent":0,"guid":"http:\/\/dev.claret.cat\/autor\/ian-stewart\/","menu_order":0,"post_type":"autor","post_mime_type":"","comment_count":"0","filter":"raw"}]},"aioseo_notices":[],"_links":{"self":[{"href":"https:\/\/www.claret.cat\/es\/wp-json\/wp\/v2\/product\/177828","targetHints":{"allow":["GET"]}}],"collection":[{"href":"https:\/\/www.claret.cat\/es\/wp-json\/wp\/v2\/product"}],"about":[{"href":"https:\/\/www.claret.cat\/es\/wp-json\/wp\/v2\/types\/product"}],"wp:featuredmedia":[{"embeddable":true,"href":"https:\/\/www.claret.cat\/es\/wp-json\/wp\/v2\/media\/177829"}],"wp:attachment":[{"href":"https:\/\/www.claret.cat\/es\/wp-json\/wp\/v2\/media?parent=177828"}],"wp:term":[{"taxonomy":"product_brand","embeddable":true,"href":"https:\/\/www.claret.cat\/es\/wp-json\/wp\/v2\/product_brand?post=177828"},{"taxonomy":"product_cat","embeddable":true,"href":"https:\/\/www.claret.cat\/es\/wp-json\/wp\/v2\/product_cat?post=177828"},{"taxonomy":"product_tag","embeddable":true,"href":"https:\/\/www.claret.cat\/es\/wp-json\/wp\/v2\/product_tag?post=177828"}],"curies":[{"name":"wp","href":"https:\/\/api.w.org\/{rel}","templated":true}]}}