{"id":177865,"date":"2022-10-20T02:29:56","date_gmt":"2022-10-20T00:29:56","guid":{"rendered":"http:\/\/dev.claret.cat\/producte\/les-sortides-de-les-marededeus-de-la-serra-de-montblanc-1687-2016\/"},"modified":"2023-01-28T11:08:08","modified_gmt":"2023-01-28T10:08:08","slug":"les-sortides-de-les-marededeus-de-la-serra-de-montblanc-16872016-9788490347546","status":"publish","type":"product","link":"https:\/\/www.claret.cat\/es\/libro\/les-sortides-de-les-marededeus-de-la-serra-de-montblanc-16872016-9788490347546\/","title":{"rendered":"LES SORTIDES DE LES MAREDEDEUS DE LA SERRA DE MONTBLANC (1687-2016)"},"content":{"rendered":"<p>El llibre presenta la devoci\u00f3 que han tingut els montblanquins envers la seva patrona, la Mare de D\u00e9u de la Serra, projectada en la Creu Verda, la imatge gran de la Mare de D\u00e9u i, m\u00e9s tard, en la petita. Una advocaci\u00f3 ubicada en un mateix santuari, que moss\u00e8n Pau Queralt va qualificar com \u00abel de m\u00e9s anomenada, llevat del de Montserrat, &#8216;de tota la naci\u00f3 catalana&#8217;\u00bb. Es relaten les sortides de les dues imatges de les marededeus, les quals obe\u00efen dues motivacions fonamentals: la imatge petita b\u00e0sicament sortia per rogatives, i la gran, per fets b\u00e8l\u00b7lics o per a grans celebracions i commemoracions. La imatge petita va ser cisellada a la segona meitat del segle xvii per aix\u00ed poder-la traslladar processionalment i venerar-la pels carrers de Montblanc en les preg\u00e0ries, moltes d&#8217;elles per mor de l&#8217;eixut, i accions de gr\u00e0cies p\u00fabliques. Es detallen les vegades que, entre 1687 i 1924, la imatge baix\u00e0 a la vila. En la part central de l&#8217;obra es descriuen els estralls que ocasion\u00e0 la Guerra del Franc\u00e8s en el monestir, amb la seva destrucci\u00f3 parcial i el salvament de les dues marededeus. Posteriorment s&#8217;expliquen les tasques de reconstrucci\u00f3 i les grans festes que tingueren lloc el 1816 amb el retorn de les dues imatges al seu monestir. Finalment, es fa refer\u00e8ncia a la imatge gran, i s&#8217;especifiquen les seves sortides d&#8217;en\u00e7\u00e0 la Coronaci\u00f3 Can\u00f2nica de 1906, l&#8217;intent de reconvertir aital commemoraci\u00f3 en unes festes decennals i les propostes de canvi de dates de la Festa Major fins a la seva consecuci\u00f3 l&#8217;any 1931, amb la coincid\u00e8ncia de la celebraci\u00f3 dels 25 anys de la Coronaci\u00f3.<\/p>\n","protected":false},"excerpt":{"rendered":"<p>PORTA I BALANY\u00c0, JOSEP MARIA<\/p>\n","protected":false},"featured_media":177866,"template":"","meta":{"_acf_changed":false,"om_disable_all_campaigns":false,"rs_blank_template":"","rs_page_bg_color":"","slide_template_v7":"","inline_featured_image":false,"_monsterinsights_skip_tracking":false,"_monsterinsights_sitenote_active":false,"_monsterinsights_sitenote_note":"","_monsterinsights_sitenote_category":0},"product_brand":[],"product_cat":[93,79],"product_tag":[],"class_list":{"0":"post-177865","1":"product","2":"type-product","3":"status-publish","4":"has-post-thumbnail","6":"product_cat-eclesiologia","7":"product_cat-espiritualitat","9":"first","10":"instock","11":"taxable","12":"shipping-taxable","13":"purchasable","14":"product-type-simple"},"acf":{"autor":"PORTA I BALANY\u00c0, JOSEP MARIA","codart":"849034754","libros-coleccion":"El Bagul","ediciones":"1","encuadernacion":"R\u00fastica","fecha_de_publicacion":"01\/09\/2018","novedad":"1","paginas":"153","subtitulo":"DEVOCI\u00d3 I FESTA","orden":"0","portada":"0","idioma":"cat","editorial":[{"ID":148407,"post_author":"3","post_date":"2022-10-14 11:58:00","post_date_gmt":"2022-10-14 09:58:00","post_content":"","post_title":"LECTIO - IMATGE-9","post_excerpt":"","post_status":"publish","comment_status":"closed","ping_status":"closed","post_password":"","post_name":"lectio-imatge-9","to_ping":"","pinged":"","post_modified":"2022-10-14 11:58:00","post_modified_gmt":"2022-10-14 09:58:00","post_content_filtered":"","post_parent":0,"guid":"http:\/\/dev.claret.cat\/editorial\/lectio-imatge-9\/","menu_order":0,"post_type":"editorial","post_mime_type":"","comment_count":"0","filter":"raw"}]},"aioseo_notices":[],"_links":{"self":[{"href":"https:\/\/www.claret.cat\/es\/wp-json\/wp\/v2\/product\/177865","targetHints":{"allow":["GET"]}}],"collection":[{"href":"https:\/\/www.claret.cat\/es\/wp-json\/wp\/v2\/product"}],"about":[{"href":"https:\/\/www.claret.cat\/es\/wp-json\/wp\/v2\/types\/product"}],"wp:featuredmedia":[{"embeddable":true,"href":"https:\/\/www.claret.cat\/es\/wp-json\/wp\/v2\/media\/177866"}],"wp:attachment":[{"href":"https:\/\/www.claret.cat\/es\/wp-json\/wp\/v2\/media?parent=177865"}],"wp:term":[{"taxonomy":"product_brand","embeddable":true,"href":"https:\/\/www.claret.cat\/es\/wp-json\/wp\/v2\/product_brand?post=177865"},{"taxonomy":"product_cat","embeddable":true,"href":"https:\/\/www.claret.cat\/es\/wp-json\/wp\/v2\/product_cat?post=177865"},{"taxonomy":"product_tag","embeddable":true,"href":"https:\/\/www.claret.cat\/es\/wp-json\/wp\/v2\/product_tag?post=177865"}],"curies":[{"name":"wp","href":"https:\/\/api.w.org\/{rel}","templated":true}]}}