{"id":177886,"date":"2022-10-20T02:30:20","date_gmt":"2022-10-20T00:30:20","guid":{"rendered":"http:\/\/dev.claret.cat\/producte\/las-raices-del-angel-2\/"},"modified":"2023-01-28T18:12:33","modified_gmt":"2023-01-28T17:12:33","slug":"las-raices-del-angel-9788466344272","status":"publish","type":"product","link":"https:\/\/www.claret.cat\/es\/libro\/las-raices-del-angel-9788466344272\/","title":{"rendered":"LAS RA\u00cdCES DEL \u00c1NGEL"},"content":{"rendered":"<p>Una historia de olvido y recuerdo cuyas ra\u00edces se hundir\u00e1n en lo m\u00e1s profundo de nuestra memoria. Han pasado treinta a\u00f1os desde que Greta dejara atr\u00e1s Marchmont Hall, una  hermosa casa situada en los montes del rural Monmouthshire. Pero cuando regresa all\u00ed en Navidad, invitada por su viejo amigo David Marchmont, no guarda ning\u00fan recuerdo de su tiempo pasado all\u00ed: un tr\u00e1gico accidente ha borrado las huellas de d\u00e9cadas enteras de su vida. Paseando por el fr\u00edo paraje, Greta descubre una tumba   entre los \u00e1rboles, y la desdibujada inscripci\u00f3n le revela que un ni\u00f1o descansa eternamente bajo tierra. El chocante hallazgo despierta antiguos recuerdos en la mente de Greta.  As\u00ed, con la ayuda de David, empezar\u00e1 a unir las piezas dispersas no solo de su propio pasado, sino de la historia de su hija Cheska, cuya imagen se alejar\u00e1 poco a poco de la del \u00e1ngel que parec\u00eda ser&#8230; Cr\u00edticas:<br \/>\u00abRiley lo ha vuelto a conseguir. Una historia elegantemente esculpida  que gustar\u00e1 tanto a los fans de la novela rom\u00e1ntica como a los de la hist\u00f3rica.\u00bb<br \/>Library Journal \u00abUna lectura que te empuja a la siguiente p\u00e1gina sin parar.\u00bb<br \/>Booklist<\/p>\n","protected":false},"excerpt":{"rendered":"<p>RILEY, LUCINDA<\/p>\n","protected":false},"featured_media":177887,"template":"","meta":{"_acf_changed":false,"om_disable_all_campaigns":false,"rs_blank_template":"","rs_page_bg_color":"","slide_template_v7":"","inline_featured_image":false,"_monsterinsights_skip_tracking":false,"_monsterinsights_sitenote_active":false,"_monsterinsights_sitenote_note":"","_monsterinsights_sitenote_category":0},"product_brand":[],"product_cat":[87],"product_tag":[],"class_list":{"0":"post-177886","1":"product","2":"type-product","3":"status-publish","4":"has-post-thumbnail","6":"product_cat-literatura","8":"first","9":"instock","10":"taxable","11":"shipping-taxable","12":"purchasable","13":"product-type-simple"},"acf":{"autor":"RILEY, LUCINDA","codart":"846634427","libros-coleccion":"BEST SELLER","ediciones":"1","encuadernacion":"R\u00fastica","fecha_de_publicacion":"01\/09\/2018","novedad":"1","paginas":"585","subtitulo":"","orden":"0","portada":"0","idioma":"spa","editorial":[{"ID":6178,"post_author":"3","post_date":"2022-07-28 17:46:34","post_date_gmt":"2022-07-28 15:46:34","post_content":"","post_title":"DEBOLSILLO","post_excerpt":"","post_status":"publish","comment_status":"closed","ping_status":"closed","post_password":"","post_name":"debolsillo","to_ping":"","pinged":"","post_modified":"2022-07-28 17:46:34","post_modified_gmt":"2022-07-28 15:46:34","post_content_filtered":"","post_parent":0,"guid":"http:\/\/dev.claret.cat\/editorial\/debolsillo\/","menu_order":0,"post_type":"editorial","post_mime_type":"","comment_count":"0","filter":"raw"}],"autores-libros":[{"ID":5748,"post_author":"3","post_date":"2022-07-28 17:30:38","post_date_gmt":"2022-07-28 15:30:38","post_content":"","post_title":"LUCINDA RILEY","post_excerpt":"","post_status":"publish","comment_status":"closed","ping_status":"closed","post_password":"","post_name":"lucinda-riley","to_ping":"","pinged":"","post_modified":"2022-07-28 17:30:38","post_modified_gmt":"2022-07-28 15:30:38","post_content_filtered":"","post_parent":0,"guid":"http:\/\/dev.claret.cat\/autor\/lucinda-riley\/","menu_order":0,"post_type":"autor","post_mime_type":"","comment_count":"0","filter":"raw"}]},"aioseo_notices":[],"_links":{"self":[{"href":"https:\/\/www.claret.cat\/es\/wp-json\/wp\/v2\/product\/177886","targetHints":{"allow":["GET"]}}],"collection":[{"href":"https:\/\/www.claret.cat\/es\/wp-json\/wp\/v2\/product"}],"about":[{"href":"https:\/\/www.claret.cat\/es\/wp-json\/wp\/v2\/types\/product"}],"wp:featuredmedia":[{"embeddable":true,"href":"https:\/\/www.claret.cat\/es\/wp-json\/wp\/v2\/media\/177887"}],"wp:attachment":[{"href":"https:\/\/www.claret.cat\/es\/wp-json\/wp\/v2\/media?parent=177886"}],"wp:term":[{"taxonomy":"product_brand","embeddable":true,"href":"https:\/\/www.claret.cat\/es\/wp-json\/wp\/v2\/product_brand?post=177886"},{"taxonomy":"product_cat","embeddable":true,"href":"https:\/\/www.claret.cat\/es\/wp-json\/wp\/v2\/product_cat?post=177886"},{"taxonomy":"product_tag","embeddable":true,"href":"https:\/\/www.claret.cat\/es\/wp-json\/wp\/v2\/product_tag?post=177886"}],"curies":[{"name":"wp","href":"https:\/\/api.w.org\/{rel}","templated":true}]}}