{"id":178018,"date":"2022-10-20T02:33:02","date_gmt":"2022-10-20T00:33:02","guid":{"rendered":"http:\/\/dev.claret.cat\/producte\/como-vivir-una-enfermedad-incurable\/"},"modified":"2025-09-05T19:05:46","modified_gmt":"2025-09-05T17:05:46","slug":"como-vivir-una-enfermedad-incurable-9788416720323","status":"publish","type":"product","link":"https:\/\/www.claret.cat\/es\/libro\/como-vivir-una-enfermedad-incurable-9788416720323\/","title":{"rendered":"C\u00d3MO VIVIR UNA ENFERMEDAD INCURABLE"},"content":{"rendered":"<p>? Una obra inspiradora que nace de una historia real de superaci\u00f3n personal.<br \/> ? Incluye un plan de trabajo a partir del m\u00e9todo Flowing Health para favorecer el bienestar.<br \/> ? Una combinaci\u00f3n de obra motivacional, manual pr\u00e1ctico y libro de espiritualidad.<\/p>\n<p> Carolina Torres era una mujer activa, deportista y llena de proyectos de futuro cuando le diagnosticaron una enfermedad incurable: Hipertensi\u00f3n Arterial Pulmonar en fase avanzada. En lugar de instalarse en la desesperaci\u00f3n, asumi\u00f3 la enfermedad con todo lo que conlleva sin renunciar a vivir con plenitud, como una persona libre, completa y dispuesta a trabajar para desplegar sus posibilidades. Hoy comparte los frutos de su decisi\u00f3n vital en un manual positivo y transformador para todas las personas que sufren dolencias cr\u00f3nicas o degenerativas.<\/p>\n<p> Junto con Montse Barderi, Carolina ha dise\u00f1ado un proyecto de vida para explorar la propia esencia, descubrir habilidades ocultas y encontrar la pasi\u00f3n en una situaci\u00f3n de enfermedad. Un manual para programar una mente limpia y llenar el coraz\u00f3n de sabidur\u00eda, para sentir la bioqu\u00edmica que genera el cuerpo cuando comprendes que tienes una vida por delante. El libro incluye un plan de trabajo a partir de su m\u00e9todo Flowing Health, que abarca consejos de alimentaci\u00f3n saludable, meditaciones para favorecer la recuperaci\u00f3n y ejercicios para realizar en cama, en silla y de pie.<\/p>\n","protected":false},"excerpt":{"rendered":"<p>TORRES FERN\u00c1NDEZ, CAROLINA<\/p>\n","protected":false},"featured_media":1050701,"template":"","meta":{"_acf_changed":false,"om_disable_all_campaigns":false,"rs_blank_template":"","rs_page_bg_color":"","slide_template_v7":"","inline_featured_image":false,"_monsterinsights_skip_tracking":false,"_monsterinsights_sitenote_active":false,"_monsterinsights_sitenote_note":"","_monsterinsights_sitenote_category":0},"product_brand":[],"product_cat":[547,97],"product_tag":[],"class_list":{"0":"post-178018","1":"product","2":"type-product","3":"status-publish","4":"has-post-thumbnail","6":"product_cat-salud","7":"product_cat-salut","9":"first","10":"instock","11":"taxable","12":"shipping-taxable","13":"purchasable","14":"product-type-simple"},"acf":{"autor":"TORRES FERN\u00c1NDEZ, CAROLINA","codart":"841672032","libros-coleccion":"Crecimiento personal","ediciones":"1","encuadernacion":"R\u00fastica","fecha_de_publicacion":"01\/09\/2018","novedad":"1","paginas":"285","subtitulo":"PORQUE LOS CAMINOS DIF\u00cdCILES PUEDEN LLEVARTE A LOS LUGARES M\u00c1S HERMOSOS","orden":"0","portada":"0","idioma":"spa","editorial":[{"ID":148935,"post_author":"3","post_date":"2022-10-14 12:02:09","post_date_gmt":"2022-10-14 10:02:09","post_content":"","post_title":"Urano","post_excerpt":"","post_status":"publish","comment_status":"closed","ping_status":"closed","post_password":"","post_name":"urano","to_ping":"","pinged":"","post_modified":"2022-10-14 12:02:09","post_modified_gmt":"2022-10-14 10:02:09","post_content_filtered":"","post_parent":0,"guid":"http:\/\/dev.claret.cat\/editorial\/urano\/","menu_order":0,"post_type":"editorial","post_mime_type":"","comment_count":"0","filter":"raw"}],"autores-libros":[{"ID":165378,"post_author":"3","post_date":"2022-10-14 17:54:42","post_date_gmt":"2022-10-14 15:54:42","post_content":"","post_title":"MONTSE BARDERI","post_excerpt":"","post_status":"publish","comment_status":"closed","ping_status":"closed","post_password":"","post_name":"montse-barderi","to_ping":"","pinged":"","post_modified":"2022-10-14 17:54:42","post_modified_gmt":"2022-10-14 15:54:42","post_content_filtered":"","post_parent":0,"guid":"http:\/\/dev.claret.cat\/autor\/montse-barderi\/","menu_order":0,"post_type":"autor","post_mime_type":"","comment_count":"0","filter":"raw"},{"ID":421155,"post_author":"3","post_date":"2023-05-16 06:52:17","post_date_gmt":"2023-05-16 04:52:17","post_content":"","post_title":"CAROLINA TORRES FERN\u00c1NDEZ","post_excerpt":"","post_status":"publish","comment_status":"closed","ping_status":"closed","post_password":"","post_name":"carolina-torres-fernandez","to_ping":"","pinged":"","post_modified":"2023-05-16 06:52:17","post_modified_gmt":"2023-05-16 04:52:17","post_content_filtered":"","post_parent":0,"guid":"https:\/\/www.claret.cat\/autor\/carolina-torres-fernandez\/","menu_order":0,"post_type":"autor","post_mime_type":"","comment_count":"0","filter":"raw"}],"booktrailer":"","resenas":""},"aioseo_notices":[],"_links":{"self":[{"href":"https:\/\/www.claret.cat\/es\/wp-json\/wp\/v2\/product\/178018","targetHints":{"allow":["GET"]}}],"collection":[{"href":"https:\/\/www.claret.cat\/es\/wp-json\/wp\/v2\/product"}],"about":[{"href":"https:\/\/www.claret.cat\/es\/wp-json\/wp\/v2\/types\/product"}],"wp:featuredmedia":[{"embeddable":true,"href":"https:\/\/www.claret.cat\/es\/wp-json\/wp\/v2\/media\/1050701"}],"wp:attachment":[{"href":"https:\/\/www.claret.cat\/es\/wp-json\/wp\/v2\/media?parent=178018"}],"wp:term":[{"taxonomy":"product_brand","embeddable":true,"href":"https:\/\/www.claret.cat\/es\/wp-json\/wp\/v2\/product_brand?post=178018"},{"taxonomy":"product_cat","embeddable":true,"href":"https:\/\/www.claret.cat\/es\/wp-json\/wp\/v2\/product_cat?post=178018"},{"taxonomy":"product_tag","embeddable":true,"href":"https:\/\/www.claret.cat\/es\/wp-json\/wp\/v2\/product_tag?post=178018"}],"curies":[{"name":"wp","href":"https:\/\/api.w.org\/{rel}","templated":true}]}}