{"id":178045,"date":"2022-10-20T02:33:34","date_gmt":"2022-10-20T00:33:34","guid":{"rendered":"http:\/\/dev.claret.cat\/producte\/el-hecho-extraordinario\/"},"modified":"2024-07-27T10:15:49","modified_gmt":"2024-07-27T08:15:49","slug":"el-hecho-extraordinario-9788417407261","status":"publish","type":"product","link":"https:\/\/www.claret.cat\/es\/libro\/el-hecho-extraordinario-9788417407261\/","title":{"rendered":"EL HECHO EXTRAORDINARIO"},"content":{"rendered":"<p>En 1940, pocos meses antes de recibir la ordenaci\u00f3n sacerdotal, Garc\u00eda Morente escribe una carta a su director espiritual, Jos\u00e9 Ma Garc\u00eda Lahiguera, en la que relata el hecho extraordinario que vivi\u00f3 en la noche del 29 al 30 de abril de 1937. En esta carta explica su radical conversi\u00f3n a la fe, su profunda y singular\u00edsima experiencia de Dios y su decisi\u00f3n de entregarse a las almas a trav\u00e9s del sacerdocio.<\/p>\n","protected":false},"excerpt":{"rendered":"<p>GARC\u00cdA MORENTE, MANUEL<\/p>\n","protected":false},"featured_media":178046,"template":"","meta":{"_acf_changed":false,"om_disable_all_campaigns":false,"rs_blank_template":"","rs_page_bg_color":"","slide_template_v7":"","inline_featured_image":false,"_monsterinsights_skip_tracking":false,"_monsterinsights_sitenote_active":false,"_monsterinsights_sitenote_note":"","_monsterinsights_sitenote_category":0},"product_brand":[],"product_cat":[543,93,345,79],"product_tag":[],"class_list":{"0":"post-178045","1":"product","2":"type-product","3":"status-publish","4":"has-post-thumbnail","6":"product_cat-eclesiologia-es","7":"product_cat-eclesiologia","8":"product_cat-espiritualidad","9":"product_cat-espiritualitat","11":"first","12":"instock","13":"taxable","14":"shipping-taxable","15":"purchasable","16":"product-type-simple"},"acf":{"autor":"GARC\u00cdA MORENTE, MANUEL","codart":"841740726","libros-coleccion":"homolegens","ediciones":"1","encuadernacion":"R\u00fastica","fecha_de_publicacion":"01\/09\/2018","novedad":"1","paginas":"223","subtitulo":"","orden":"0","portada":"0","idioma":"spa","editorial":[{"ID":147992,"post_author":"3","post_date":"2022-10-14 11:54:48","post_date_gmt":"2022-10-14 09:54:48","post_content":"","post_title":"Editorial Ivat SL","post_excerpt":"","post_status":"publish","comment_status":"closed","ping_status":"closed","post_password":"","post_name":"editorial-ivat-sl","to_ping":"","pinged":"","post_modified":"2022-10-14 11:54:48","post_modified_gmt":"2022-10-14 09:54:48","post_content_filtered":"","post_parent":0,"guid":"http:\/\/dev.claret.cat\/editorial\/editorial-ivat-sl\/","menu_order":0,"post_type":"editorial","post_mime_type":"","comment_count":"0","filter":"raw"}],"autores-libros":[{"ID":293658,"post_author":"3","post_date":"2022-12-11 03:03:56","post_date_gmt":"2022-12-11 02:03:56","post_content":"","post_title":"MANUEL GARCIA MORENTE","post_excerpt":"","post_status":"publish","comment_status":"closed","ping_status":"closed","post_password":"","post_name":"manuel-garcia-morente","to_ping":"","pinged":"","post_modified":"2022-12-11 03:03:56","post_modified_gmt":"2022-12-11 02:03:56","post_content_filtered":"","post_parent":0,"guid":"http:\/\/dev.claret.cat\/autor\/manuel-garcia-morente\/","menu_order":0,"post_type":"autor","post_mime_type":"","comment_count":"0","filter":"raw"}]},"aioseo_notices":[],"_links":{"self":[{"href":"https:\/\/www.claret.cat\/es\/wp-json\/wp\/v2\/product\/178045","targetHints":{"allow":["GET"]}}],"collection":[{"href":"https:\/\/www.claret.cat\/es\/wp-json\/wp\/v2\/product"}],"about":[{"href":"https:\/\/www.claret.cat\/es\/wp-json\/wp\/v2\/types\/product"}],"wp:featuredmedia":[{"embeddable":true,"href":"https:\/\/www.claret.cat\/es\/wp-json\/wp\/v2\/media\/178046"}],"wp:attachment":[{"href":"https:\/\/www.claret.cat\/es\/wp-json\/wp\/v2\/media?parent=178045"}],"wp:term":[{"taxonomy":"product_brand","embeddable":true,"href":"https:\/\/www.claret.cat\/es\/wp-json\/wp\/v2\/product_brand?post=178045"},{"taxonomy":"product_cat","embeddable":true,"href":"https:\/\/www.claret.cat\/es\/wp-json\/wp\/v2\/product_cat?post=178045"},{"taxonomy":"product_tag","embeddable":true,"href":"https:\/\/www.claret.cat\/es\/wp-json\/wp\/v2\/product_tag?post=178045"}],"curies":[{"name":"wp","href":"https:\/\/api.w.org\/{rel}","templated":true}]}}