{"id":178150,"date":"2022-10-20T02:35:32","date_gmt":"2022-10-20T00:35:32","guid":{"rendered":"http:\/\/dev.claret.cat\/producte\/breve-historia-de-la-verdad\/"},"modified":"2024-02-07T14:51:47","modified_gmt":"2024-02-07T13:51:47","slug":"breve-historia-de-la-verdad-9788416222759","status":"publish","type":"product","link":"https:\/\/www.claret.cat\/es\/libro\/breve-historia-de-la-verdad-9788416222759\/","title":{"rendered":"BREVE HISTORIA DE LA VERDAD"},"content":{"rendered":"<p>Un viaje por la verdad: el ant\u00eddoto perfecto en los tiempos de las fake news<br \/>\u00bfC\u00f3mo hemos llegado al mundo de la \u00abposverdad\u00bb y los \u00abhechos alternativos\u00bb? Y, sobre todo, \u00bfc\u00f3mo podremos salir de \u00e9l? Este libro nos da la respuesta a trav\u00e9s de la compleja historia de la verdad y la mentira. Baggini, uno de los j\u00f3venes fil\u00f3sofos brit\u00e1nicos con mayor proyecci\u00f3n mundial, identifica los diez tipos de verdades m\u00e1s habituales y estudia cu\u00e1les son las aplicaciones y los l\u00edmites de cada una de ellas.<br \/>Breve historia de la verdad es un dec\u00e1logo imprescindible para restaurar nuestra fe en el valor de la verdad y su importancia en nuestra sociedad.<\/p>\n","protected":false},"excerpt":{"rendered":"<p>BAGGINI, JULIAN<\/p>\n","protected":false},"featured_media":278066,"template":"","meta":{"_acf_changed":false,"om_disable_all_campaigns":false,"rs_blank_template":"","rs_page_bg_color":"","slide_template_v7":"","inline_featured_image":false,"_monsterinsights_skip_tracking":false,"_monsterinsights_sitenote_active":false,"_monsterinsights_sitenote_note":"","_monsterinsights_sitenote_category":0},"product_brand":[],"product_cat":[90,540],"product_tag":[],"class_list":{"0":"post-178150","1":"product","2":"type-product","3":"status-publish","4":"has-post-thumbnail","6":"product_cat-altres","7":"product_cat-otros","9":"first","10":"instock","11":"taxable","12":"shipping-taxable","13":"purchasable","14":"product-type-simple"},"acf":{"autor":"BAGGINI, JULIAN","codart":"841622275","libros-coleccion":"\u00c1tico de los Libros","ediciones":"1","encuadernacion":"R\u00fastica","fecha_de_publicacion":"01\/09\/2018","novedad":"1","paginas":"93","subtitulo":"","orden":"0","portada":"0","idioma":"spa","editorial":[{"ID":6131,"post_author":"3","post_date":"2022-07-28 17:45:33","post_date_gmt":"2022-07-28 15:45:33","post_content":"","post_title":"ATICO DE LOS LIBROS","post_excerpt":"","post_status":"publish","comment_status":"closed","ping_status":"closed","post_password":"","post_name":"atico-de-los-libros","to_ping":"","pinged":"","post_modified":"2022-07-28 17:45:33","post_modified_gmt":"2022-07-28 15:45:33","post_content_filtered":"","post_parent":0,"guid":"http:\/\/dev.claret.cat\/editorial\/atico-de-los-libros\/","menu_order":0,"post_type":"editorial","post_mime_type":"","comment_count":"0","filter":"raw"}],"autores-libros":[{"ID":5691,"post_author":"3","post_date":"2022-07-28 17:29:25","post_date_gmt":"2022-07-28 15:29:25","post_content":"","post_title":"JULIAN BAGGINI","post_excerpt":"","post_status":"publish","comment_status":"closed","ping_status":"closed","post_password":"","post_name":"julian-baggini","to_ping":"","pinged":"","post_modified":"2022-07-28 17:29:25","post_modified_gmt":"2022-07-28 15:29:25","post_content_filtered":"","post_parent":0,"guid":"http:\/\/dev.claret.cat\/autor\/julian-baggini\/","menu_order":0,"post_type":"autor","post_mime_type":"","comment_count":"0","filter":"raw"}]},"aioseo_notices":[],"_links":{"self":[{"href":"https:\/\/www.claret.cat\/es\/wp-json\/wp\/v2\/product\/178150","targetHints":{"allow":["GET"]}}],"collection":[{"href":"https:\/\/www.claret.cat\/es\/wp-json\/wp\/v2\/product"}],"about":[{"href":"https:\/\/www.claret.cat\/es\/wp-json\/wp\/v2\/types\/product"}],"wp:featuredmedia":[{"embeddable":true,"href":"https:\/\/www.claret.cat\/es\/wp-json\/wp\/v2\/media\/278066"}],"wp:attachment":[{"href":"https:\/\/www.claret.cat\/es\/wp-json\/wp\/v2\/media?parent=178150"}],"wp:term":[{"taxonomy":"product_brand","embeddable":true,"href":"https:\/\/www.claret.cat\/es\/wp-json\/wp\/v2\/product_brand?post=178150"},{"taxonomy":"product_cat","embeddable":true,"href":"https:\/\/www.claret.cat\/es\/wp-json\/wp\/v2\/product_cat?post=178150"},{"taxonomy":"product_tag","embeddable":true,"href":"https:\/\/www.claret.cat\/es\/wp-json\/wp\/v2\/product_tag?post=178150"}],"curies":[{"name":"wp","href":"https:\/\/api.w.org\/{rel}","templated":true}]}}