{"id":178165,"date":"2022-10-20T02:35:48","date_gmt":"2022-10-20T00:35:48","guid":{"rendered":"http:\/\/dev.claret.cat\/producte\/concentracion-y-relajacion-para-ninos\/"},"modified":"2023-01-28T13:38:02","modified_gmt":"2023-01-28T12:38:02","slug":"concentracion-y-relajacion-para-ninos-9788416788217","status":"publish","type":"product","link":"https:\/\/www.claret.cat\/es\/libro\/concentracion-y-relajacion-para-ninos-9788416788217\/","title":{"rendered":"CONCENTRACI\u00d3N Y RELAJACI\u00d3N PARA NI\u00d1OS"},"content":{"rendered":"<p>La clave para que tus hijos crezcan felices y desarrollen adecuadamente su organismo<br \/>Hoy en d\u00eda, los ni\u00f1os suelen ser inquietos y est\u00e1n bastante dispersos. Algunos tienen problemas para conciliar el sue\u00f1o y para concentrarse, otros incluso sufren estr\u00e9s. \u00bfQu\u00e9 podemos hacer para ayudarlos a calmarse, relajarse y olvidarse del ajetreado mundo que los rodea? \u00bfC\u00f3mo conseguir que presten atenci\u00f3n a lo que hacen? <br \/>En Concentraci\u00f3n y relajaci\u00f3n para ni\u00f1os, el especialista Jacques Choque, autor superventas en Francia y eminencia en el campo del yoga y la gimnasia suave, recoge las principales t\u00e9cnicas de respiraci\u00f3n, concentraci\u00f3n, relajaci\u00f3n y visualizaci\u00f3n en forma de juegos para ayudar a tu hijo a desarrollar su creatividad y su autonom\u00eda, concentrarse y recuperar la calma necesaria para su crecimiento.<\/p>\n","protected":false},"excerpt":{"rendered":"<p>CHOQUE, JACQUES<\/p>\n","protected":false},"featured_media":178166,"template":"","meta":{"_acf_changed":false,"om_disable_all_campaigns":false,"rs_blank_template":"","rs_page_bg_color":"","slide_template_v7":"","inline_featured_image":false,"_monsterinsights_skip_tracking":false,"_monsterinsights_sitenote_active":false,"_monsterinsights_sitenote_note":"","_monsterinsights_sitenote_category":0},"product_brand":[],"product_cat":[100,81,97],"product_tag":[],"class_list":{"0":"post-178165","1":"product","2":"type-product","3":"status-publish","4":"has-post-thumbnail","6":"product_cat-escola-de-pares","7":"product_cat-psicologia","8":"product_cat-salut","10":"first","11":"instock","12":"taxable","13":"shipping-taxable","14":"purchasable","15":"product-type-simple"},"acf":{"autor":"CHOQUE, JACQUES","codart":"841678821","libros-coleccion":"","ediciones":"1","encuadernacion":"R\u00fastica","fecha_de_publicacion":"01\/09\/2018","novedad":"1","paginas":"0","subtitulo":"","orden":"0","portada":"0","idioma":"spa","editorial":[{"ID":148335,"post_author":"3","post_date":"2022-10-14 11:57:26","post_date_gmt":"2022-10-14 09:57:26","post_content":"","post_title":"Kitsune Books","post_excerpt":"","post_status":"publish","comment_status":"closed","ping_status":"closed","post_password":"","post_name":"kitsune-books","to_ping":"","pinged":"","post_modified":"2022-10-14 11:57:26","post_modified_gmt":"2022-10-14 09:57:26","post_content_filtered":"","post_parent":0,"guid":"http:\/\/dev.claret.cat\/editorial\/kitsune-books\/","menu_order":0,"post_type":"editorial","post_mime_type":"","comment_count":"0","filter":"raw"}]},"aioseo_notices":[],"_links":{"self":[{"href":"https:\/\/www.claret.cat\/es\/wp-json\/wp\/v2\/product\/178165","targetHints":{"allow":["GET"]}}],"collection":[{"href":"https:\/\/www.claret.cat\/es\/wp-json\/wp\/v2\/product"}],"about":[{"href":"https:\/\/www.claret.cat\/es\/wp-json\/wp\/v2\/types\/product"}],"wp:featuredmedia":[{"embeddable":true,"href":"https:\/\/www.claret.cat\/es\/wp-json\/wp\/v2\/media\/178166"}],"wp:attachment":[{"href":"https:\/\/www.claret.cat\/es\/wp-json\/wp\/v2\/media?parent=178165"}],"wp:term":[{"taxonomy":"product_brand","embeddable":true,"href":"https:\/\/www.claret.cat\/es\/wp-json\/wp\/v2\/product_brand?post=178165"},{"taxonomy":"product_cat","embeddable":true,"href":"https:\/\/www.claret.cat\/es\/wp-json\/wp\/v2\/product_cat?post=178165"},{"taxonomy":"product_tag","embeddable":true,"href":"https:\/\/www.claret.cat\/es\/wp-json\/wp\/v2\/product_tag?post=178165"}],"curies":[{"name":"wp","href":"https:\/\/api.w.org\/{rel}","templated":true}]}}