{"id":178201,"date":"2022-10-20T02:36:31","date_gmt":"2022-10-20T00:36:31","guid":{"rendered":"http:\/\/dev.claret.cat\/producte\/y-ahora-que\/"},"modified":"2023-01-28T06:17:24","modified_gmt":"2023-01-28T05:17:24","slug":"y-ahora-que-9788416890835","status":"publish","type":"product","link":"https:\/\/www.claret.cat\/es\/libro\/y-ahora-que-9788416890835\/","title":{"rendered":"\u00bfY AHORA QU\u00c9?"},"content":{"rendered":"<p>A trav\u00e9s de la escritura y el dibujo, Mari Andrew capta la complejidad del paso de la adolescencia a la vida adulta de una forma delicada a la vez que contundente. Hace ya tiempo que sabemos que convertirse en adultos no es un camino lineal hecho de etapas por alcanzar: la realidad actual es mucho m\u00e1s rica y complicada, y pocos se han atrevido a contarla con la frescura y originalidad de esta joven estadounidense. Aunque no existan mapas preestablecidos, Andrew dibuja su hoja de ruta personal en la que muchos j\u00f3venes (y no tanto) se ver\u00e1n reflejados: desde sentirse en casa en un pa\u00eds extranjero hasta huir de las relaciones t\u00f3xicas, pasando por todos los trabajos de subsistencia que nos podamos imaginar, la autora nos habla de su experiencia, que es la de muchos veinte y treinta\u00f1eros en un mundo cada vez m\u00e1s global y confuso.<\/p>\n","protected":false},"excerpt":{"rendered":"<p>ANDREW, MARI<\/p>\n","protected":false},"featured_media":178202,"template":"","meta":{"_acf_changed":false,"om_disable_all_campaigns":false,"rs_blank_template":"","rs_page_bg_color":"","slide_template_v7":"","inline_featured_image":false,"_monsterinsights_skip_tracking":false,"_monsterinsights_sitenote_active":false,"_monsterinsights_sitenote_note":"","_monsterinsights_sitenote_category":0},"product_brand":[],"product_cat":[114,105],"product_tag":[],"class_list":{"0":"post-178201","1":"product","2":"type-product","3":"status-publish","4":"has-post-thumbnail","6":"product_cat-humor-grafic","7":"product_cat-regal","9":"first","10":"instock","11":"taxable","12":"shipping-taxable","13":"purchasable","14":"product-type-simple"},"acf":{"autor":"ANDREW, MARI","codart":"841689083","libros-coleccion":"Ilustraci\u00f3n","ediciones":"1","encuadernacion":"Carton\u00e9","fecha_de_publicacion":"01\/09\/2018","novedad":"1","paginas":"192","subtitulo":"UN VIAJE AL MUNDO DE LA VIDA ADULTA","orden":"0","portada":"0","idioma":"spa","editorial":[{"ID":148409,"post_author":"3","post_date":"2022-10-14 11:58:01","post_date_gmt":"2022-10-14 09:58:01","post_content":"","post_title":"Lectura Plus","post_excerpt":"","post_status":"publish","comment_status":"closed","ping_status":"closed","post_password":"","post_name":"lectura-plus","to_ping":"","pinged":"","post_modified":"2022-10-14 11:58:01","post_modified_gmt":"2022-10-14 09:58:01","post_content_filtered":"","post_parent":0,"guid":"http:\/\/dev.claret.cat\/editorial\/lectura-plus\/","menu_order":0,"post_type":"editorial","post_mime_type":"","comment_count":"0","filter":"raw"}]},"aioseo_notices":[],"_links":{"self":[{"href":"https:\/\/www.claret.cat\/es\/wp-json\/wp\/v2\/product\/178201","targetHints":{"allow":["GET"]}}],"collection":[{"href":"https:\/\/www.claret.cat\/es\/wp-json\/wp\/v2\/product"}],"about":[{"href":"https:\/\/www.claret.cat\/es\/wp-json\/wp\/v2\/types\/product"}],"wp:featuredmedia":[{"embeddable":true,"href":"https:\/\/www.claret.cat\/es\/wp-json\/wp\/v2\/media\/178202"}],"wp:attachment":[{"href":"https:\/\/www.claret.cat\/es\/wp-json\/wp\/v2\/media?parent=178201"}],"wp:term":[{"taxonomy":"product_brand","embeddable":true,"href":"https:\/\/www.claret.cat\/es\/wp-json\/wp\/v2\/product_brand?post=178201"},{"taxonomy":"product_cat","embeddable":true,"href":"https:\/\/www.claret.cat\/es\/wp-json\/wp\/v2\/product_cat?post=178201"},{"taxonomy":"product_tag","embeddable":true,"href":"https:\/\/www.claret.cat\/es\/wp-json\/wp\/v2\/product_tag?post=178201"}],"curies":[{"name":"wp","href":"https:\/\/api.w.org\/{rel}","templated":true}]}}