{"id":178441,"date":"2022-10-20T02:41:00","date_gmt":"2022-10-20T00:41:00","guid":{"rendered":"http:\/\/dev.claret.cat\/producte\/tiembla-roma\/"},"modified":"2023-01-28T12:06:58","modified_gmt":"2023-01-28T11:06:58","slug":"tiembla-roma-9788492444922","status":"publish","type":"product","link":"https:\/\/www.claret.cat\/es\/libro\/tiembla-roma-9788492444922\/","title":{"rendered":"\u00a1TIEMBLA, ROMA!"},"content":{"rendered":"<p>A\u00f1o 71 a. C. Espartaco y sus seguidores consiguen abandonar Italia y desembarcar en Sicilia ayudados por los piratas cilicios. All\u00ed nace una utop\u00eda: la Rep\u00fablica de los Libertos. Ad\u00e9ntrate en esta ucron\u00eda y descubre las consecuencias de estos giros del destino sobre la Rep\u00fablica romana.<\/p>\n","protected":false},"excerpt":{"rendered":"<p>DUVAL, FRED \/ PECAU, JEAN-PIERRE<\/p>\n","protected":false},"featured_media":178442,"template":"","meta":{"_acf_changed":false,"om_disable_all_campaigns":false,"rs_blank_template":"","rs_page_bg_color":"","slide_template_v7":"","inline_featured_image":false,"_monsterinsights_skip_tracking":false,"_monsterinsights_sitenote_active":false,"_monsterinsights_sitenote_note":"","_monsterinsights_sitenote_category":0},"product_brand":[],"product_cat":[108],"product_tag":[],"class_list":{"0":"post-178441","1":"product","2":"type-product","3":"status-publish","4":"has-post-thumbnail","6":"product_cat-comic","8":"first","9":"instock","10":"taxable","11":"shipping-taxable","12":"purchasable","13":"product-type-simple"},"acf":{"autor":"DUVAL, FRED \/ PECAU, JEAN-PIERRE","codart":"849244492","libros-coleccion":"HISTORICO Y GUERRA","ediciones":"1","encuadernacion":"Carton\u00e9","fecha_de_publicacion":"01\/08\/2018","novedad":"1","paginas":"128","subtitulo":"","orden":"0","portada":"0","idioma":"spa","editorial":[{"ID":148688,"post_author":"3","post_date":"2022-10-14 12:00:13","post_date_gmt":"2022-10-14 10:00:13","post_content":"","post_title":"PONENT MON LTD","post_excerpt":"","post_status":"publish","comment_status":"closed","ping_status":"closed","post_password":"","post_name":"ponent-mon-ltd","to_ping":"","pinged":"","post_modified":"2022-10-14 12:00:13","post_modified_gmt":"2022-10-14 10:00:13","post_content_filtered":"","post_parent":0,"guid":"http:\/\/dev.claret.cat\/editorial\/ponent-mon-ltd\/","menu_order":0,"post_type":"editorial","post_mime_type":"","comment_count":"0","filter":"raw"}],"autores-libros":[{"ID":158928,"post_author":"3","post_date":"2022-10-14 15:40:43","post_date_gmt":"2022-10-14 13:40:43","post_content":"","post_title":"JEAN-PIERRE P\u00c9CAU","post_excerpt":"","post_status":"publish","comment_status":"closed","ping_status":"closed","post_password":"","post_name":"jean-pierre-pecau","to_ping":"","pinged":"","post_modified":"2022-10-14 15:40:43","post_modified_gmt":"2022-10-14 13:40:43","post_content_filtered":"","post_parent":0,"guid":"http:\/\/dev.claret.cat\/autor\/jean-pierre-pecau\/","menu_order":0,"post_type":"autor","post_mime_type":"","comment_count":"0","filter":"raw"},{"ID":156394,"post_author":"3","post_date":"2022-10-14 15:20:28","post_date_gmt":"2022-10-14 13:20:28","post_content":"","post_title":"FRED DUVAL","post_excerpt":"","post_status":"publish","comment_status":"closed","ping_status":"closed","post_password":"","post_name":"fred-duval","to_ping":"","pinged":"","post_modified":"2022-10-14 15:20:28","post_modified_gmt":"2022-10-14 13:20:28","post_content_filtered":"","post_parent":0,"guid":"http:\/\/dev.claret.cat\/autor\/fred-duval\/","menu_order":0,"post_type":"autor","post_mime_type":"","comment_count":"0","filter":"raw"}]},"aioseo_notices":[],"_links":{"self":[{"href":"https:\/\/www.claret.cat\/es\/wp-json\/wp\/v2\/product\/178441","targetHints":{"allow":["GET"]}}],"collection":[{"href":"https:\/\/www.claret.cat\/es\/wp-json\/wp\/v2\/product"}],"about":[{"href":"https:\/\/www.claret.cat\/es\/wp-json\/wp\/v2\/types\/product"}],"wp:featuredmedia":[{"embeddable":true,"href":"https:\/\/www.claret.cat\/es\/wp-json\/wp\/v2\/media\/178442"}],"wp:attachment":[{"href":"https:\/\/www.claret.cat\/es\/wp-json\/wp\/v2\/media?parent=178441"}],"wp:term":[{"taxonomy":"product_brand","embeddable":true,"href":"https:\/\/www.claret.cat\/es\/wp-json\/wp\/v2\/product_brand?post=178441"},{"taxonomy":"product_cat","embeddable":true,"href":"https:\/\/www.claret.cat\/es\/wp-json\/wp\/v2\/product_cat?post=178441"},{"taxonomy":"product_tag","embeddable":true,"href":"https:\/\/www.claret.cat\/es\/wp-json\/wp\/v2\/product_tag?post=178441"}],"curies":[{"name":"wp","href":"https:\/\/api.w.org\/{rel}","templated":true}]}}