{"id":178522,"date":"2022-10-20T02:42:36","date_gmt":"2022-10-20T00:42:36","guid":{"rendered":"http:\/\/dev.claret.cat\/producte\/lart-de-portar-gavardina\/"},"modified":"2025-03-18T16:45:30","modified_gmt":"2025-03-18T15:45:30","slug":"lart-de-portar-gavardina-9788477275992","status":"publish","type":"product","link":"https:\/\/www.claret.cat\/es\/libro\/lart-de-portar-gavardina-9788477275992\/","title":{"rendered":"L&#8217;ART DE PORTAR GAVARDINA"},"content":{"rendered":"<p>L&#8217;art de portar gavardina \u00e9s un concetrat de mem\u00f2ria, emoci\u00f3 i plaer de narrar. Imaginats o viscuts, els tretze contes d&#8217;aquest recull revelen una capacitat d&#8217;observaci\u00f3 que confirma Sergi P\u00e0mies com a artes\u00e0 d&#8217;un estil cada vegada m\u00e9s depurat, en qu\u00e8 les emocions i els detalls s\u00f3n protagonistes. De la pr\u00f2pia infantesa a la vellesa dels pares, del romanticisme de la decepci\u00f3 al p\u00e0nic d&#8217;estar a l&#8217;altura de les expectatives dels fills, de la perplexitat individual de l&#8217;adolesc\u00e8ncia a les cicatrius col\u00b7lectives del segle XXI, el llibre combina reflexi\u00f3, ironia, melancolia, causticitat i lucidesa i troba en la fascinaci\u00f3 per l&#8217;absurd i la capacitat de sorprendre&#8217;s els ant\u00eddots m\u00e9s efica\u00f3s per combatre les abs\u00e8ncies, els fracassos i altres desconcerts de la maduresa.<\/p>\n","protected":false},"excerpt":{"rendered":"<p>P\u00c0MIES, SERGI<\/p>\n","protected":false},"featured_media":178523,"template":"","meta":{"_acf_changed":false,"om_disable_all_campaigns":false,"rs_blank_template":"","rs_page_bg_color":"","slide_template_v7":"","inline_featured_image":false,"_monsterinsights_skip_tracking":false,"_monsterinsights_sitenote_active":false,"_monsterinsights_sitenote_note":"","_monsterinsights_sitenote_category":0},"product_brand":[],"product_cat":[87,353],"product_tag":[],"class_list":{"0":"post-178522","1":"product","2":"type-product","3":"status-publish","4":"has-post-thumbnail","6":"product_cat-literatura","7":"product_cat-literatura-2_humanidades","9":"first","10":"instock","11":"taxable","12":"shipping-taxable","13":"purchasable","14":"product-type-simple"},"acf":{"autor":"P\u00c0MIES, SERGI","codart":"847727599","libros-coleccion":"","ediciones":"1","encuadernacion":"R\u00fastica","fecha_de_publicacion":"01\/08\/2018","novedad":"1","paginas":"152","subtitulo":"","orden":"0","portada":"0","idioma":"cat","editorial":[{"ID":6342,"post_author":"3","post_date":"2022-07-28 17:50:08","post_date_gmt":"2022-07-28 15:50:08","post_content":"","post_title":"QUADERNS CREMA","post_excerpt":"","post_status":"publish","comment_status":"closed","ping_status":"closed","post_password":"","post_name":"quaderns-crema","to_ping":"","pinged":"","post_modified":"2022-07-28 17:50:08","post_modified_gmt":"2022-07-28 15:50:08","post_content_filtered":"","post_parent":0,"guid":"http:\/\/dev.claret.cat\/editorial\/quaderns-crema\/","menu_order":0,"post_type":"editorial","post_mime_type":"","comment_count":"0","filter":"raw"}],"autores-libros":[{"ID":169319,"post_author":"3","post_date":"2022-10-14 22:26:16","post_date_gmt":"2022-10-14 20:26:16","post_content":"","post_title":"SERGI P\u00c0MIES","post_excerpt":"","post_status":"publish","comment_status":"closed","ping_status":"closed","post_password":"","post_name":"sergi-pamies","to_ping":"","pinged":"","post_modified":"2022-10-14 22:26:16","post_modified_gmt":"2022-10-14 20:26:16","post_content_filtered":"","post_parent":0,"guid":"http:\/\/dev.claret.cat\/autor\/sergi-pamies\/","menu_order":0,"post_type":"autor","post_mime_type":"","comment_count":"0","filter":"raw"}]},"aioseo_notices":[],"_links":{"self":[{"href":"https:\/\/www.claret.cat\/es\/wp-json\/wp\/v2\/product\/178522","targetHints":{"allow":["GET"]}}],"collection":[{"href":"https:\/\/www.claret.cat\/es\/wp-json\/wp\/v2\/product"}],"about":[{"href":"https:\/\/www.claret.cat\/es\/wp-json\/wp\/v2\/types\/product"}],"wp:featuredmedia":[{"embeddable":true,"href":"https:\/\/www.claret.cat\/es\/wp-json\/wp\/v2\/media\/178523"}],"wp:attachment":[{"href":"https:\/\/www.claret.cat\/es\/wp-json\/wp\/v2\/media?parent=178522"}],"wp:term":[{"taxonomy":"product_brand","embeddable":true,"href":"https:\/\/www.claret.cat\/es\/wp-json\/wp\/v2\/product_brand?post=178522"},{"taxonomy":"product_cat","embeddable":true,"href":"https:\/\/www.claret.cat\/es\/wp-json\/wp\/v2\/product_cat?post=178522"},{"taxonomy":"product_tag","embeddable":true,"href":"https:\/\/www.claret.cat\/es\/wp-json\/wp\/v2\/product_tag?post=178522"}],"curies":[{"name":"wp","href":"https:\/\/api.w.org\/{rel}","templated":true}]}}