{"id":178579,"date":"2022-10-20T02:43:42","date_gmt":"2022-10-20T00:43:42","guid":{"rendered":"http:\/\/dev.claret.cat\/producte\/lo-que-dice-la-ciencia-sobre-el-cuidado-de-la-piel\/"},"modified":"2023-01-28T20:18:08","modified_gmt":"2023-01-28T19:18:08","slug":"lo-que-dice-la-ciencia-sobre-el-cuidado-de-la-piel-9788417376505","status":"publish","type":"product","link":"https:\/\/www.claret.cat\/es\/libro\/lo-que-dice-la-ciencia-sobre-el-cuidado-de-la-piel-9788417376505\/","title":{"rendered":"LO QUE DICE LA CIENCIA SOBRE EL CUIDADO DE LA PIEL"},"content":{"rendered":"<p>En las redes sociales e internet abundan los consejos sin base cient\u00edfica y recomendaciones sobre c\u00f3mo mantenir una piel sana que solo sirven para desorientarnos.<br \/>Con este libro aprender\u00e1s a protegerte de los malos h\u00e1bitos y descubrir\u00e1s que a\u00fan hay muchas cosas que no sabes sobre tu piel, y que algunas de las que crees saber no son ciertas.<br \/>Basado en las \u00faltimas investigaciones cient\u00edficas, Lo que dice la ciencia sobre el cuidado de la piel nos ense\u00f1a c\u00f3mo protegir el \u00f3rgano m\u00e1s grande de nuestro cuerpo y de qu\u00e9 forma influyen la alimentaci\u00f3n, las vitaminas, el sol, las cremas, los cosm\u00e9ticos, el paso de los a\u00f1os.<br \/>Incluye adem\u00e1s un test en el que la autora, creadora del Blog de dermatolog\u00eda, nos invita a evaluar nuestros conocimientos sobre nuestra piel y sus cuidados.<\/p>\n","protected":false},"excerpt":{"rendered":"<p>BAGAZGOITIA, DRA. LOREA<\/p>\n","protected":false},"featured_media":178580,"template":"","meta":{"_acf_changed":false,"om_disable_all_campaigns":false,"rs_blank_template":"","rs_page_bg_color":"","slide_template_v7":"","inline_featured_image":false,"_monsterinsights_skip_tracking":false,"_monsterinsights_sitenote_active":false,"_monsterinsights_sitenote_note":"","_monsterinsights_sitenote_category":0},"product_brand":[],"product_cat":[16],"product_tag":[],"class_list":{"0":"post-178579","1":"product","2":"type-product","3":"status-publish","4":"has-post-thumbnail","6":"product_cat-sense-categoria","8":"first","9":"instock","10":"taxable","11":"shipping-taxable","12":"purchasable","13":"product-type-simple"},"acf":{"autor":"BAGAZGOITIA, DRA. LOREA","codart":"841737650","libros-coleccion":"ACTUAL","ediciones":"1","encuadernacion":"R\u00fastica","fecha_de_publicacion":"01\/08\/2018","novedad":"1","paginas":"143","subtitulo":"","orden":"0","portada":"0","idioma":"spa","editorial":[{"ID":6331,"post_author":"3","post_date":"2022-07-28 17:49:53","post_date_gmt":"2022-07-28 15:49:53","post_content":"","post_title":"PLATAFORMA EDITORIAL","post_excerpt":"","post_status":"publish","comment_status":"closed","ping_status":"closed","post_password":"","post_name":"plataforma-editorial","to_ping":"","pinged":"","post_modified":"2022-07-28 17:49:53","post_modified_gmt":"2022-07-28 15:49:53","post_content_filtered":"","post_parent":0,"guid":"http:\/\/dev.claret.cat\/editorial\/plataforma-editorial\/","menu_order":0,"post_type":"editorial","post_mime_type":"","comment_count":"0","filter":"raw"}]},"aioseo_notices":[],"_links":{"self":[{"href":"https:\/\/www.claret.cat\/es\/wp-json\/wp\/v2\/product\/178579","targetHints":{"allow":["GET"]}}],"collection":[{"href":"https:\/\/www.claret.cat\/es\/wp-json\/wp\/v2\/product"}],"about":[{"href":"https:\/\/www.claret.cat\/es\/wp-json\/wp\/v2\/types\/product"}],"wp:featuredmedia":[{"embeddable":true,"href":"https:\/\/www.claret.cat\/es\/wp-json\/wp\/v2\/media\/178580"}],"wp:attachment":[{"href":"https:\/\/www.claret.cat\/es\/wp-json\/wp\/v2\/media?parent=178579"}],"wp:term":[{"taxonomy":"product_brand","embeddable":true,"href":"https:\/\/www.claret.cat\/es\/wp-json\/wp\/v2\/product_brand?post=178579"},{"taxonomy":"product_cat","embeddable":true,"href":"https:\/\/www.claret.cat\/es\/wp-json\/wp\/v2\/product_cat?post=178579"},{"taxonomy":"product_tag","embeddable":true,"href":"https:\/\/www.claret.cat\/es\/wp-json\/wp\/v2\/product_tag?post=178579"}],"curies":[{"name":"wp","href":"https:\/\/api.w.org\/{rel}","templated":true}]}}