{"id":178591,"date":"2022-10-20T02:43:55","date_gmt":"2022-10-20T00:43:55","guid":{"rendered":"http:\/\/dev.claret.cat\/producte\/el-cervell-del-nen-explicat-als-pares\/"},"modified":"2024-11-25T11:25:32","modified_gmt":"2024-11-25T10:25:32","slug":"el-cervell-del-nen-explicat-als-pares-9788417376628","status":"publish","type":"product","link":"https:\/\/www.claret.cat\/es\/libro\/el-cervell-del-nen-explicat-als-pares-9788417376628\/","title":{"rendered":"EL CERVELL DEL NEN EXPLICAT ALS PARES"},"content":{"rendered":"<p>Durant els sis primers anys de vida el cervell infantil t\u00e9 un potencial que no tornar\u00e0 a tenir mai m\u00e9s. Aix\u00f2 no vol dir, per\u00f2, que haguem d\u2019intentar convertir els nens en petits  genis, perqu\u00e8, a banda de resultar impossible, un cervell que es desenvolupa sota pressi\u00f3 pot perdre pel cam\u00ed part de la seva ess\u00e8ncia.<br \/>Aquest llibre \u00e9s un manual pr\u00e0ctic que sintetitza els  coneixements que la neuroci\u00e8ncia ofereix als pares i educadors, amb l\u2019objectiu que puguin ajudar els nens a assolir un  desenvolupament intel\u00b7lectual i emocional ple.<\/p>\n","protected":false},"excerpt":{"rendered":"<p>BILBAO, \u00c1LVARO<\/p>\n","protected":false},"featured_media":956046,"template":"","meta":{"_acf_changed":false,"om_disable_all_campaigns":false,"rs_blank_template":"","rs_page_bg_color":"","slide_template_v7":"","inline_featured_image":false,"_monsterinsights_skip_tracking":false,"_monsterinsights_sitenote_active":false,"_monsterinsights_sitenote_note":"","_monsterinsights_sitenote_category":0},"product_brand":[],"product_cat":[100,21,331,550,347,81],"product_tag":[],"class_list":{"0":"post-178591","1":"product","2":"type-product","3":"status-publish","4":"has-post-thumbnail","6":"product_cat-escola-de-pares","7":"product_cat-escolar","8":"product_cat-escolar-4_escolar-spa","9":"product_cat-escuela-de-padres-3_infantil-juvenil-spa-spa","10":"product_cat-psicologia-2_humanidades","11":"product_cat-psicologia","13":"first","14":"instock","15":"taxable","16":"shipping-taxable","17":"purchasable","18":"product-type-simple"},"acf":{"autor":"BILBAO, \u00c1LVARO","codart":"841737662","libros-coleccion":"","ediciones":"1","encuadernacion":"R\u00fastica","fecha_de_publicacion":"01\/08\/2018","novedad":"1","paginas":"307","subtitulo":"","orden":"0","portada":"0","idioma":"spa","editorial":[{"ID":6331,"post_author":"3","post_date":"2022-07-28 17:49:53","post_date_gmt":"2022-07-28 15:49:53","post_content":"","post_title":"PLATAFORMA EDITORIAL","post_excerpt":"","post_status":"publish","comment_status":"closed","ping_status":"closed","post_password":"","post_name":"plataforma-editorial","to_ping":"","pinged":"","post_modified":"2022-07-28 17:49:53","post_modified_gmt":"2022-07-28 15:49:53","post_content_filtered":"","post_parent":0,"guid":"http:\/\/dev.claret.cat\/editorial\/plataforma-editorial\/","menu_order":0,"post_type":"editorial","post_mime_type":"","comment_count":"0","filter":"raw"}],"autores-libros":[{"ID":263198,"post_author":"3","post_date":"2022-12-01 11:12:33","post_date_gmt":"2022-12-01 10:12:33","post_content":"","post_title":"\u00c1LVARO BILBAO","post_excerpt":"","post_status":"publish","comment_status":"closed","ping_status":"closed","post_password":"","post_name":"alvaro-bilbao","to_ping":"","pinged":"","post_modified":"2022-12-01 11:12:33","post_modified_gmt":"2022-12-01 10:12:33","post_content_filtered":"","post_parent":0,"guid":"http:\/\/dev.claret.cat\/autor\/alvaro-bilbao\/","menu_order":0,"post_type":"autor","post_mime_type":"","comment_count":"0","filter":"raw"}]},"aioseo_notices":[],"_links":{"self":[{"href":"https:\/\/www.claret.cat\/es\/wp-json\/wp\/v2\/product\/178591","targetHints":{"allow":["GET"]}}],"collection":[{"href":"https:\/\/www.claret.cat\/es\/wp-json\/wp\/v2\/product"}],"about":[{"href":"https:\/\/www.claret.cat\/es\/wp-json\/wp\/v2\/types\/product"}],"wp:featuredmedia":[{"embeddable":true,"href":"https:\/\/www.claret.cat\/es\/wp-json\/wp\/v2\/media\/956046"}],"wp:attachment":[{"href":"https:\/\/www.claret.cat\/es\/wp-json\/wp\/v2\/media?parent=178591"}],"wp:term":[{"taxonomy":"product_brand","embeddable":true,"href":"https:\/\/www.claret.cat\/es\/wp-json\/wp\/v2\/product_brand?post=178591"},{"taxonomy":"product_cat","embeddable":true,"href":"https:\/\/www.claret.cat\/es\/wp-json\/wp\/v2\/product_cat?post=178591"},{"taxonomy":"product_tag","embeddable":true,"href":"https:\/\/www.claret.cat\/es\/wp-json\/wp\/v2\/product_tag?post=178591"}],"curies":[{"name":"wp","href":"https:\/\/api.w.org\/{rel}","templated":true}]}}