{"id":178688,"date":"2022-10-20T02:45:50","date_gmt":"2022-10-20T00:45:50","guid":{"rendered":"http:\/\/dev.claret.cat\/producte\/els-homes-2\/"},"modified":"2023-01-28T15:09:54","modified_gmt":"2023-01-28T14:09:54","slug":"els-homes-9788416863433","status":"publish","type":"product","link":"https:\/\/www.claret.cat\/es\/libro\/els-homes-9788416863433\/","title":{"rendered":"ELS HOMES"},"content":{"rendered":"<p>M\u2019enamorava i em desenamorava molt r\u00e0pid. Potser buscava una parella ideal i sempre acabava decebuda.\u00bb<br \/>\u00abNo he escrit res amb r\u00e0bia contra els homes \u2013per l\u2019amor de D\u00e9u!\u2013. Els homes m\u2019han agradat molt i encara ara m\u2019agraden.\u00bb<br \/>Angelika Schrobsdorff, en una entrevista als seus 71 anys.<br \/>Si a Tu no ets una mare com les altres Schrobsdorff relatava la vida de la seva mare, a Els homes novel\u00b7la la seva hist\u00f2ria, una vida lligada al sexe mascul\u00ed com les abelles a la mel. Quina habili \u2013 tat per fer-los anar de cap tot i viure-hi sotmesa, en el fons!<br \/>Eveline Clausen \u2013l\u2019alter ego d\u2019Angelika Schrobsdorff\u2013 es converteix, en un crescendo imparable, en una figura de carn i ossos inoblidable. La sinceritat crua i descarnada de l\u2019autora tant per retratar-se ella mateixa, consentida i superba, com per dibuixar amb ironia els homes que un darrere l\u2019altre cauen a les seves mans (alemanys, b\u00falgars, russos, americans, anglesos\u2026 \u00e9s com si la his \u2013 t\u00f2ria pol\u00edtica d\u2019Europa pass\u00e9s pel seu llit) \u00e9s extraordin\u00e0ria. I \u00e9s que Els homes ens parla \u2013com si fos literatura fulletonesca\u2013 de l\u2019obsessi\u00f3 per la seducci\u00f3, per\u00f2 en el fons \u00e9s el drama d\u2019una dona que \u00e9s alhora v\u00edctima i botx\u00ed en l\u2019Alemanya de postguerra.<br \/>L\u2019edici\u00f3 inicial del 1961 va produir un esc\u00e0ndol pol\u00edtic i moral, mal \u2013 grat que va ser publicat sense els dos cap\u00edtols finals i amb bastants fragments retallats. A Alemanya no es va editar complet fins al 1986. Aquesta traducci\u00f3 \u00e9s la primera i l\u2019\u00fanica que cont\u00e9 el text \u00edntegre.<br \/>Angelika Schrobsdorff, declarada Dona de l\u2019Any el 2007 a Alemanya, va ser una gran seductora d\u2019homes i ser\u00e0 per sempre una gran seductora de lectors.<\/p>\n","protected":false},"excerpt":{"rendered":"<p>SCHROBSDORFF, ANGELIKA<\/p>\n","protected":false},"featured_media":178689,"template":"","meta":{"_acf_changed":false,"om_disable_all_campaigns":false,"rs_blank_template":"","rs_page_bg_color":"","slide_template_v7":"","inline_featured_image":false,"_monsterinsights_skip_tracking":false,"_monsterinsights_sitenote_active":false,"_monsterinsights_sitenote_note":"","_monsterinsights_sitenote_category":0},"product_brand":[],"product_cat":[87],"product_tag":[],"class_list":{"0":"post-178688","1":"product","2":"type-product","3":"status-publish","4":"has-post-thumbnail","6":"product_cat-literatura","8":"first","9":"instock","10":"taxable","11":"shipping-taxable","12":"purchasable","13":"product-type-simple"},"acf":{"autor":"SCHROBSDORFF, ANGELIKA","codart":"841686343","libros-coleccion":"LA CAMPANA 396","ediciones":"1","encuadernacion":"Carpeta","fecha_de_publicacion":"01\/08\/2018","novedad":"1","paginas":"713","subtitulo":"","orden":"0","portada":"0","idioma":"cat","editorial":[{"ID":148350,"post_author":"3","post_date":"2022-10-14 11:57:33","post_date_gmt":"2022-10-14 09:57:33","post_content":"","post_title":"La Campana Llibres","post_excerpt":"","post_status":"publish","comment_status":"closed","ping_status":"closed","post_password":"","post_name":"la-campana-llibres","to_ping":"","pinged":"","post_modified":"2022-10-14 11:57:33","post_modified_gmt":"2022-10-14 09:57:33","post_content_filtered":"","post_parent":0,"guid":"http:\/\/dev.claret.cat\/editorial\/la-campana-llibres\/","menu_order":0,"post_type":"editorial","post_mime_type":"","comment_count":"0","filter":"raw"}],"autores-libros":[{"ID":150466,"post_author":"3","post_date":"2022-10-14 14:33:11","post_date_gmt":"2022-10-14 12:33:11","post_content":"","post_title":"ANGELIKA SCHROBSDORFF","post_excerpt":"","post_status":"publish","comment_status":"closed","ping_status":"closed","post_password":"","post_name":"angelika-schrobsdorff","to_ping":"","pinged":"","post_modified":"2022-10-14 14:33:11","post_modified_gmt":"2022-10-14 12:33:11","post_content_filtered":"","post_parent":0,"guid":"http:\/\/dev.claret.cat\/autor\/angelika-schrobsdorff\/","menu_order":0,"post_type":"autor","post_mime_type":"","comment_count":"0","filter":"raw"}]},"aioseo_notices":[],"_links":{"self":[{"href":"https:\/\/www.claret.cat\/es\/wp-json\/wp\/v2\/product\/178688","targetHints":{"allow":["GET"]}}],"collection":[{"href":"https:\/\/www.claret.cat\/es\/wp-json\/wp\/v2\/product"}],"about":[{"href":"https:\/\/www.claret.cat\/es\/wp-json\/wp\/v2\/types\/product"}],"wp:featuredmedia":[{"embeddable":true,"href":"https:\/\/www.claret.cat\/es\/wp-json\/wp\/v2\/media\/178689"}],"wp:attachment":[{"href":"https:\/\/www.claret.cat\/es\/wp-json\/wp\/v2\/media?parent=178688"}],"wp:term":[{"taxonomy":"product_brand","embeddable":true,"href":"https:\/\/www.claret.cat\/es\/wp-json\/wp\/v2\/product_brand?post=178688"},{"taxonomy":"product_cat","embeddable":true,"href":"https:\/\/www.claret.cat\/es\/wp-json\/wp\/v2\/product_cat?post=178688"},{"taxonomy":"product_tag","embeddable":true,"href":"https:\/\/www.claret.cat\/es\/wp-json\/wp\/v2\/product_tag?post=178688"}],"curies":[{"name":"wp","href":"https:\/\/api.w.org\/{rel}","templated":true}]}}