{"id":178712,"date":"2022-10-20T02:46:18","date_gmt":"2022-10-20T00:46:18","guid":{"rendered":"http:\/\/dev.claret.cat\/producte\/historias-del-padre-pio-relatos-anecdotas-y-testimonios-del-santo-de-los-estigmas\/"},"modified":"2026-04-13T16:26:01","modified_gmt":"2026-04-13T14:26:01","slug":"historias-del-padre-pio-relatos-anecdotas-y-testimonios-del-santo-de-los-estigmas-9788428555791","status":"publish","type":"product","link":"https:\/\/www.claret.cat\/es\/libro\/historias-del-padre-pio-relatos-anecdotas-y-testimonios-del-santo-de-los-estigmas-9788428555791\/","title":{"rendered":"HISTORIAS DEL PADRE P\u00cdO. RELATOS, AN\u00c9CDOTAS Y TESTIMONIOS DEL SANTO DE LOS ESTIGMAS"},"content":{"rendered":"<p>A partir de documentaci\u00f3n in\u00e9dita en castellano, Laureano Ben\u00edtez, gran conocedor de la figura del Padre P\u00edo, traza en esta nueva obra sobre el santo de Pietrelcina un retrato de su grandeza en torno a las peque\u00f1as historias y an\u00e9cdotas que jalonaron su vida. Es en ellas donde, a juicio del autor, y al margen del maravillosismo de sus milagros, \u00abse trasluce verdaderamente la personalidad de un santo, su manera de reaccionar ante los hechos m\u00e1s simples de la vida diaria, los rasgos m\u00e1s sobresalientes de su personalidad y las l\u00edneas maestras de sus ense\u00f1anzas, que pueden iluminar alg\u00fan aspecto de nuestra existencia\u00bb.<\/p>\n","protected":false},"excerpt":{"rendered":"<p>BEN\u00cdTEZ GRANDE-CABALLERO, LAUREANO<\/p>\n","protected":false},"featured_media":1085681,"template":"","meta":{"_acf_changed":false,"om_disable_all_campaigns":false,"rs_blank_template":"","rs_page_bg_color":"","slide_template_v7":"","inline_featured_image":false,"_monsterinsights_skip_tracking":false,"_monsterinsights_sitenote_active":false,"_monsterinsights_sitenote_note":"","_monsterinsights_sitenote_category":0},"product_brand":[],"product_cat":[345,79,243,493,545,95,92,542],"product_tag":[],"class_list":{"0":"post-178712","1":"product","2":"type-product","3":"status-publish","4":"has-post-thumbnail","6":"product_cat-espiritualidad","7":"product_cat-espiritualitat","8":"product_cat-franciscana","9":"product_cat-franciscana-espiritualidad-1_espiritualidad","10":"product_cat-santoral-1_espiritualidad-spa","11":"product_cat-santoral","12":"product_cat-vida-religiosa","13":"product_cat-vida-religiosa-1_espiritualidad-spa","15":"first","16":"instock","17":"taxable","18":"shipping-taxable","19":"purchasable","20":"product-type-simple"},"acf":{"autor":"BEN\u00cdTEZ GRANDE-CABALLERO, LAUREANO","codart":"842855579","libros-coleccion":"TESTIGOS","ediciones":"1","encuadernacion":"R\u00fastica","fecha_de_publicacion":"26\/07\/2018","novedad":"1","paginas":"200","subtitulo":"RELATOS, AN\u00c9CDOTAS Y TESTIMONIOS DEL SANTO DE LOS ESTIGMAS","orden":"0","portada":"0","idioma":"spa","editorial":[{"ID":6356,"post_author":"3","post_date":"2022-07-28 17:50:26","post_date_gmt":"2022-07-28 15:50:26","post_content":"","post_title":"SAN PABLO COMUNICACI\u00d3N","post_excerpt":"","post_status":"publish","comment_status":"closed","ping_status":"closed","post_password":"","post_name":"san-pablo-comunicacion","to_ping":"","pinged":"","post_modified":"2022-07-28 17:50:26","post_modified_gmt":"2022-07-28 15:50:26","post_content_filtered":"","post_parent":0,"guid":"http:\/\/dev.claret.cat\/editorial\/san-pablo-comunicacion\/","menu_order":0,"post_type":"editorial","post_mime_type":"","comment_count":"0","filter":"raw"}],"autores-libros":[{"ID":162020,"post_author":"3","post_date":"2022-10-14 17:27:43","post_date_gmt":"2022-10-14 15:27:43","post_content":"","post_title":"LAUREANO BEN\u00cdTEZ GRANDE-CABALLERO","post_excerpt":"","post_status":"publish","comment_status":"closed","ping_status":"closed","post_password":"","post_name":"laureano-benitez-grande-caballero","to_ping":"","pinged":"","post_modified":"2022-10-14 17:27:43","post_modified_gmt":"2022-10-14 15:27:43","post_content_filtered":"","post_parent":0,"guid":"http:\/\/dev.claret.cat\/autor\/laureano-benitez-grande-caballero\/","menu_order":0,"post_type":"autor","post_mime_type":"","comment_count":"0","filter":"raw"}],"booktrailer":"","resenas":""},"aioseo_notices":[],"_links":{"self":[{"href":"https:\/\/www.claret.cat\/es\/wp-json\/wp\/v2\/product\/178712","targetHints":{"allow":["GET"]}}],"collection":[{"href":"https:\/\/www.claret.cat\/es\/wp-json\/wp\/v2\/product"}],"about":[{"href":"https:\/\/www.claret.cat\/es\/wp-json\/wp\/v2\/types\/product"}],"wp:featuredmedia":[{"embeddable":true,"href":"https:\/\/www.claret.cat\/es\/wp-json\/wp\/v2\/media\/1085681"}],"wp:attachment":[{"href":"https:\/\/www.claret.cat\/es\/wp-json\/wp\/v2\/media?parent=178712"}],"wp:term":[{"taxonomy":"product_brand","embeddable":true,"href":"https:\/\/www.claret.cat\/es\/wp-json\/wp\/v2\/product_brand?post=178712"},{"taxonomy":"product_cat","embeddable":true,"href":"https:\/\/www.claret.cat\/es\/wp-json\/wp\/v2\/product_cat?post=178712"},{"taxonomy":"product_tag","embeddable":true,"href":"https:\/\/www.claret.cat\/es\/wp-json\/wp\/v2\/product_tag?post=178712"}],"curies":[{"name":"wp","href":"https:\/\/api.w.org\/{rel}","templated":true}]}}