{"id":178961,"date":"2022-10-20T02:50:43","date_gmt":"2022-10-20T00:50:43","guid":{"rendered":"http:\/\/dev.claret.cat\/producte\/postveritats-emocionals\/"},"modified":"2023-01-28T01:53:14","modified_gmt":"2023-01-28T00:53:14","slug":"postveritats-emocionals-9788417208417","status":"publish","type":"product","link":"https:\/\/www.claret.cat\/es\/libro\/postveritats-emocionals-9788417208417\/","title":{"rendered":"POSTVERITATS EMOCIONALS"},"content":{"rendered":"<p>Mecanismes de protecci\u00f3 per mitj\u00e0 del relat<br \/>Per portar una vida sana i ordenada, \u00e9s imprescindible disposar d\u2019un estat emocional estable per fer front al que ens passa<br \/>di\u00e0riament. Aix\u00f2 \u00e9s possible si sabem fer front als fets traum\u00e0tics. Per qu\u00e8 tot sovint preferim mentir-nos a nosaltres mateixos en lloc d\u2019assimilar una veritat dolorosa? Amb quins mecanismes ens protegim emocionalment i quines s\u00f3n les seves conseq\u00fc\u00e8ncies per al nostre benestar i el dels que ens envolten? Per evitar el patiment psicol\u00f2gic, tots recorrem a certs mecanismes de defensa que portem al nostre pack gen\u00e8tic, per\u00f2 tamb\u00e9 a la creaci\u00f3 de \u00abpostveritats\u00bb o mentides emocionals, que s\u00f3n fruit dels nostres di\u00e0legs interiors. Aquest llibre ens ajuda a submergir-nos en aquests di\u00e0legs i ens mostra com prenem decisions a partir dels relats manipulats de les nostres diferents veus interiors. Si som capa\u00e7os de detectar aquests processos, fer-los conscients i crear una comunicaci\u00f3 interna m\u00e9s coherent, tindrem l\u2019oportunitat de cr\u00e9ixer com a \u00e9ssers humans, millorar la nostra vida i ajudar els altres en el seu cam\u00ed.<\/p>\n","protected":false},"excerpt":{"rendered":"<p>CONANGLA MARIN, MERC\u00c8 \/ SOLER LLEONART, JAUME<\/p>\n","protected":false},"featured_media":317717,"template":"","meta":{"_acf_changed":false,"om_disable_all_campaigns":false,"rs_blank_template":"","rs_page_bg_color":"","slide_template_v7":"","inline_featured_image":false,"_monsterinsights_skip_tracking":false,"_monsterinsights_sitenote_active":false,"_monsterinsights_sitenote_note":"","_monsterinsights_sitenote_category":0},"product_brand":[],"product_cat":[81,347],"product_tag":[],"class_list":{"0":"post-178961","1":"product","2":"type-product","3":"status-publish","4":"has-post-thumbnail","6":"product_cat-psicologia","7":"product_cat-psicologia-2_humanidades","9":"first","10":"instock","11":"taxable","12":"shipping-taxable","13":"purchasable","14":"product-type-simple"},"acf":{"autor":"CONANGLA MARIN, MERC\u00c8 \/ SOLER LLEONART, JAUME","codart":"841720841","libros-coleccion":"","ediciones":"1","encuadernacion":"R\u00fastica","fecha_de_publicacion":"01\/07\/2018","novedad":"1","paginas":"208","subtitulo":"","orden":"0","portada":"0","idioma":"cat","editorial":[{"ID":147420,"post_author":"3","post_date":"2022-10-14 11:50:26","post_date_gmt":"2022-10-14 09:50:26","post_content":"","post_title":"AMAT EDITORIAL","post_excerpt":"","post_status":"publish","comment_status":"closed","ping_status":"closed","post_password":"","post_name":"amat-editorial","to_ping":"","pinged":"","post_modified":"2022-10-14 11:50:26","post_modified_gmt":"2022-10-14 09:50:26","post_content_filtered":"","post_parent":0,"guid":"http:\/\/dev.claret.cat\/editorial\/amat-editorial\/","menu_order":0,"post_type":"editorial","post_mime_type":"","comment_count":"0","filter":"raw"}],"autores-libros":[{"ID":164691,"post_author":"3","post_date":"2022-10-14 17:49:06","post_date_gmt":"2022-10-14 15:49:06","post_content":"","post_title":"MERC\u00c8 CONANGLA MAR\u00cdN","post_excerpt":"","post_status":"publish","comment_status":"closed","ping_status":"closed","post_password":"","post_name":"merce-conangla-marin","to_ping":"","pinged":"","post_modified":"2022-10-14 17:49:06","post_modified_gmt":"2022-10-14 15:49:06","post_content_filtered":"","post_parent":0,"guid":"http:\/\/dev.claret.cat\/autor\/merce-conangla-marin\/","menu_order":0,"post_type":"autor","post_mime_type":"","comment_count":"0","filter":"raw"},{"ID":158637,"post_author":"3","post_date":"2022-10-14 15:38:25","post_date_gmt":"2022-10-14 13:38:25","post_content":"","post_title":"JAUME SOLER LLEONART","post_excerpt":"","post_status":"publish","comment_status":"closed","ping_status":"closed","post_password":"","post_name":"jaume-soler-lleonart","to_ping":"","pinged":"","post_modified":"2022-10-14 15:38:25","post_modified_gmt":"2022-10-14 13:38:25","post_content_filtered":"","post_parent":0,"guid":"http:\/\/dev.claret.cat\/autor\/jaume-soler-lleonart\/","menu_order":0,"post_type":"autor","post_mime_type":"","comment_count":"0","filter":"raw"}]},"aioseo_notices":[],"_links":{"self":[{"href":"https:\/\/www.claret.cat\/es\/wp-json\/wp\/v2\/product\/178961","targetHints":{"allow":["GET"]}}],"collection":[{"href":"https:\/\/www.claret.cat\/es\/wp-json\/wp\/v2\/product"}],"about":[{"href":"https:\/\/www.claret.cat\/es\/wp-json\/wp\/v2\/types\/product"}],"wp:featuredmedia":[{"embeddable":true,"href":"https:\/\/www.claret.cat\/es\/wp-json\/wp\/v2\/media\/317717"}],"wp:attachment":[{"href":"https:\/\/www.claret.cat\/es\/wp-json\/wp\/v2\/media?parent=178961"}],"wp:term":[{"taxonomy":"product_brand","embeddable":true,"href":"https:\/\/www.claret.cat\/es\/wp-json\/wp\/v2\/product_brand?post=178961"},{"taxonomy":"product_cat","embeddable":true,"href":"https:\/\/www.claret.cat\/es\/wp-json\/wp\/v2\/product_cat?post=178961"},{"taxonomy":"product_tag","embeddable":true,"href":"https:\/\/www.claret.cat\/es\/wp-json\/wp\/v2\/product_tag?post=178961"}],"curies":[{"name":"wp","href":"https:\/\/api.w.org\/{rel}","templated":true}]}}