{"id":179018,"date":"2022-10-20T02:51:46","date_gmt":"2022-10-20T00:51:46","guid":{"rendered":"http:\/\/dev.claret.cat\/producte\/lencontre\/"},"modified":"2023-01-28T13:51:05","modified_gmt":"2023-01-28T12:51:05","slug":"lencontre-9788494907432","status":"publish","type":"product","link":"https:\/\/www.claret.cat\/es\/libro\/lencontre-9788494907432\/","title":{"rendered":"L&#8217;ENCONTRE"},"content":{"rendered":"<p>Aquest poemari \u00e9s el resultat dels anys d&#8217;estudi d&#8217;en Raimon Arola, professor de la Universitat de Barcelona i assagista, que, cap a la fi de la seva traject\u00f2ria, s&#8217;adona que la poes\u00eda \u00e9s el llenguatge m\u00e9s adient per discriure les reflexions i els sentiments que provoquen les preguntes b\u00e0siques pr\u00f3pies de l&#8217;\u00e9sser hum\u00e0, respostes a les que han estat massa sovint trossejades en disciplines acad\u00e9miques&#8230;.<\/p>\n","protected":false},"excerpt":{"rendered":"<p>AROLA, RAIMON<\/p>\n","protected":false},"featured_media":179019,"template":"","meta":{"_acf_changed":false,"om_disable_all_campaigns":false,"rs_blank_template":"","rs_page_bg_color":"","slide_template_v7":"","inline_featured_image":false,"_monsterinsights_skip_tracking":false,"_monsterinsights_sitenote_active":false,"_monsterinsights_sitenote_note":"","_monsterinsights_sitenote_category":0},"product_brand":[],"product_cat":[121],"product_tag":[],"class_list":{"0":"post-179018","1":"product","2":"type-product","3":"status-publish","4":"has-post-thumbnail","6":"product_cat-poesia","8":"first","9":"instock","10":"taxable","11":"shipping-taxable","12":"purchasable","13":"product-type-simple"},"acf":{"autor":"AROLA, RAIMON","codart":"849490743","libros-coleccion":"","ediciones":"1","encuadernacion":"R\u00fastica","fecha_de_publicacion":"01\/07\/2018","novedad":"1","paginas":"96","subtitulo":"POESIA I GNOSI","orden":"0","portada":"0","idioma":"cat","autores-libros":[{"ID":167641,"post_author":"3","post_date":"2022-10-14 18:12:50","post_date_gmt":"2022-10-14 16:12:50","post_content":"","post_title":"RAIMON AROLA","post_excerpt":"","post_status":"publish","comment_status":"closed","ping_status":"closed","post_password":"","post_name":"raimon-arola","to_ping":"","pinged":"","post_modified":"2022-10-14 18:12:50","post_modified_gmt":"2022-10-14 16:12:50","post_content_filtered":"","post_parent":0,"guid":"http:\/\/dev.claret.cat\/autor\/raimon-arola\/","menu_order":0,"post_type":"autor","post_mime_type":"","comment_count":"0","filter":"raw"}]},"aioseo_notices":[],"_links":{"self":[{"href":"https:\/\/www.claret.cat\/es\/wp-json\/wp\/v2\/product\/179018","targetHints":{"allow":["GET"]}}],"collection":[{"href":"https:\/\/www.claret.cat\/es\/wp-json\/wp\/v2\/product"}],"about":[{"href":"https:\/\/www.claret.cat\/es\/wp-json\/wp\/v2\/types\/product"}],"wp:featuredmedia":[{"embeddable":true,"href":"https:\/\/www.claret.cat\/es\/wp-json\/wp\/v2\/media\/179019"}],"wp:attachment":[{"href":"https:\/\/www.claret.cat\/es\/wp-json\/wp\/v2\/media?parent=179018"}],"wp:term":[{"taxonomy":"product_brand","embeddable":true,"href":"https:\/\/www.claret.cat\/es\/wp-json\/wp\/v2\/product_brand?post=179018"},{"taxonomy":"product_cat","embeddable":true,"href":"https:\/\/www.claret.cat\/es\/wp-json\/wp\/v2\/product_cat?post=179018"},{"taxonomy":"product_tag","embeddable":true,"href":"https:\/\/www.claret.cat\/es\/wp-json\/wp\/v2\/product_tag?post=179018"}],"curies":[{"name":"wp","href":"https:\/\/api.w.org\/{rel}","templated":true}]}}