{"id":179186,"date":"2022-10-20T02:54:46","date_gmt":"2022-10-20T00:54:46","guid":{"rendered":"http:\/\/dev.claret.cat\/producte\/las-bellas-imagenes\/"},"modified":"2023-01-28T17:43:47","modified_gmt":"2023-01-28T16:43:47","slug":"las-bellas-imagenes-9788435021821","status":"publish","type":"product","link":"https:\/\/www.claret.cat\/es\/libro\/las-bellas-imagenes-9788435021821\/","title":{"rendered":"LAS BELLAS IMAGENES"},"content":{"rendered":"<p>Laurence lo tiene todo para ser plenamente feliz: joven, hermosa, felizmente casada, con dos hijas, un trabajo en agencia de publicidad y una posici\u00f3n econ\u00f3mica acomodada. Incluso tiene un amante que la satisface. Sin embargo, ese deslumbrante envoltorio est\u00e1 empezando a anular su personalidad. Interrogarse acerca de qui\u00e9n es y qu\u00e9 siente realmente la lleva a replantearse toda su vida, sus convicciones, sus juicios y a mirar con nuevos ojos el atractivo mundo en el que ha quedado atrapada. <br \/>Laurence recuerda aquel rey que transformaba en oro todo lo que tocaba\u2026, pues, a su semejanza, todo lo que ella toca se transforma en imagen. Mediante una equilibrada novela de personaje, Beauvoir nos ofrece una descarnada y muy atinada radiograf\u00eda de la hipocres\u00eda y las mentiras del modelo burgu\u00e9s.<\/p>\n","protected":false},"excerpt":{"rendered":"<p>BEAUVOIR SIMONE<\/p>\n","protected":false},"featured_media":179187,"template":"","meta":{"_acf_changed":false,"om_disable_all_campaigns":false,"rs_blank_template":"","rs_page_bg_color":"","slide_template_v7":"","inline_featured_image":false,"_monsterinsights_skip_tracking":false,"_monsterinsights_sitenote_active":false,"_monsterinsights_sitenote_note":"","_monsterinsights_sitenote_category":0},"product_brand":[],"product_cat":[87],"product_tag":[],"class_list":{"0":"post-179186","1":"product","2":"type-product","3":"status-publish","4":"has-post-thumbnail","6":"product_cat-literatura","8":"first","9":"instock","10":"taxable","11":"shipping-taxable","12":"purchasable","13":"product-type-simple"},"acf":{"autor":"BEAUVOIR SIMONE","codart":"843502182","libros-coleccion":"POCKET","ediciones":"1","encuadernacion":"Carpeta","fecha_de_publicacion":"01\/07\/2018","novedad":"1","paginas":"189","subtitulo":"","orden":"0","portada":"0","idioma":"spa","editorial":[{"ID":147907,"post_author":"3","post_date":"2022-10-14 11:54:08","post_date_gmt":"2022-10-14 09:54:08","post_content":"","post_title":"Editora y Distribuidora Hispano American","post_excerpt":"","post_status":"publish","comment_status":"closed","ping_status":"closed","post_password":"","post_name":"editora-y-distribuidora-hispano-american","to_ping":"","pinged":"","post_modified":"2022-10-14 11:54:08","post_modified_gmt":"2022-10-14 09:54:08","post_content_filtered":"","post_parent":0,"guid":"http:\/\/dev.claret.cat\/editorial\/editora-y-distribuidora-hispano-american\/","menu_order":0,"post_type":"editorial","post_mime_type":"","comment_count":"0","filter":"raw"}]},"aioseo_notices":[],"_links":{"self":[{"href":"https:\/\/www.claret.cat\/es\/wp-json\/wp\/v2\/product\/179186","targetHints":{"allow":["GET"]}}],"collection":[{"href":"https:\/\/www.claret.cat\/es\/wp-json\/wp\/v2\/product"}],"about":[{"href":"https:\/\/www.claret.cat\/es\/wp-json\/wp\/v2\/types\/product"}],"wp:featuredmedia":[{"embeddable":true,"href":"https:\/\/www.claret.cat\/es\/wp-json\/wp\/v2\/media\/179187"}],"wp:attachment":[{"href":"https:\/\/www.claret.cat\/es\/wp-json\/wp\/v2\/media?parent=179186"}],"wp:term":[{"taxonomy":"product_brand","embeddable":true,"href":"https:\/\/www.claret.cat\/es\/wp-json\/wp\/v2\/product_brand?post=179186"},{"taxonomy":"product_cat","embeddable":true,"href":"https:\/\/www.claret.cat\/es\/wp-json\/wp\/v2\/product_cat?post=179186"},{"taxonomy":"product_tag","embeddable":true,"href":"https:\/\/www.claret.cat\/es\/wp-json\/wp\/v2\/product_tag?post=179186"}],"curies":[{"name":"wp","href":"https:\/\/api.w.org\/{rel}","templated":true}]}}