{"id":179234,"date":"2022-10-20T02:55:34","date_gmt":"2022-10-20T00:55:34","guid":{"rendered":"http:\/\/dev.claret.cat\/producte\/on-es-tothom\/"},"modified":"2025-06-03T13:37:14","modified_gmt":"2025-06-03T11:37:14","slug":"on-es-tothom-9788494827860","status":"publish","type":"product","link":"https:\/\/www.claret.cat\/es\/libro\/on-es-tothom-9788494827860\/","title":{"rendered":"ON \u00c9S TOTHOM?"},"content":{"rendered":"<p>Qual el sol surt, la terra s\u2019omple de llum. El cel s\u2019ilumina i els ocells volen. Els rius brillen i els peixos neden. Els animals corren i les persones surten de les seves cases. Per\u00f2 quan el sol desapareix, On \u00e9sn tothom? Un llibre simple i amb el ritme singular que Remy Charlip posa a cada p\u00e0gina en els seus llibres. Una obra il\u00b7lustrada en els 60 mai abans publicada en catal\u00e0, que sorpr\u00e8n per la seva bellesa sencilla i clara.<\/p>\n","protected":false},"excerpt":{"rendered":"<p>CHARLIP, REMY<\/p>\n","protected":false},"featured_media":179235,"template":"","meta":{"_acf_changed":false,"om_disable_all_campaigns":false,"rs_blank_template":"","rs_page_bg_color":"","slide_template_v7":"","inline_featured_image":false,"_monsterinsights_skip_tracking":false,"_monsterinsights_sitenote_active":false,"_monsterinsights_sitenote_note":"","_monsterinsights_sitenote_category":0},"product_brand":[],"product_cat":[90,540],"product_tag":[],"class_list":{"0":"post-179234","1":"product","2":"type-product","3":"status-publish","4":"has-post-thumbnail","6":"product_cat-altres","7":"product_cat-otros","9":"first","10":"instock","11":"taxable","12":"shipping-taxable","13":"purchasable","14":"product-type-simple"},"acf":{"autor":"CHARLIP, REMY","codart":"849482786","libros-coleccion":"colecci\u00f3n vintage","ediciones":"1","encuadernacion":"R\u00fastica","fecha_de_publicacion":"01\/07\/2018","novedad":"1","paginas":"0","subtitulo":"","orden":"0","portada":"0","idioma":"spa","editorial":[{"ID":148403,"post_author":"3","post_date":"2022-10-14 11:57:58","post_date_gmt":"2022-10-14 09:57:58","post_content":"","post_title":"LATA DE SAL EDITORIAL","post_excerpt":"","post_status":"publish","comment_status":"closed","ping_status":"closed","post_password":"","post_name":"lata-de-sal-editorial","to_ping":"","pinged":"","post_modified":"2022-10-14 11:57:58","post_modified_gmt":"2022-10-14 09:57:58","post_content_filtered":"","post_parent":0,"guid":"http:\/\/dev.claret.cat\/editorial\/lata-de-sal-editorial\/","menu_order":0,"post_type":"editorial","post_mime_type":"","comment_count":"0","filter":"raw"}],"booktrailer":"","resenas":"","autores-libros":[{"ID":428005,"post_author":"3","post_date":"2023-05-16 09:17:58","post_date_gmt":"2023-05-16 07:17:58","post_content":"","post_title":"REMY CHARLIP","post_excerpt":"","post_status":"publish","comment_status":"closed","ping_status":"closed","post_password":"","post_name":"remy-charlip","to_ping":"","pinged":"","post_modified":"2023-05-16 09:17:58","post_modified_gmt":"2023-05-16 07:17:58","post_content_filtered":"","post_parent":0,"guid":"https:\/\/www.claret.cat\/autor\/remy-charlip\/","menu_order":0,"post_type":"autor","post_mime_type":"","comment_count":"0","filter":"raw"}]},"aioseo_notices":[],"_links":{"self":[{"href":"https:\/\/www.claret.cat\/es\/wp-json\/wp\/v2\/product\/179234","targetHints":{"allow":["GET"]}}],"collection":[{"href":"https:\/\/www.claret.cat\/es\/wp-json\/wp\/v2\/product"}],"about":[{"href":"https:\/\/www.claret.cat\/es\/wp-json\/wp\/v2\/types\/product"}],"wp:featuredmedia":[{"embeddable":true,"href":"https:\/\/www.claret.cat\/es\/wp-json\/wp\/v2\/media\/179235"}],"wp:attachment":[{"href":"https:\/\/www.claret.cat\/es\/wp-json\/wp\/v2\/media?parent=179234"}],"wp:term":[{"taxonomy":"product_brand","embeddable":true,"href":"https:\/\/www.claret.cat\/es\/wp-json\/wp\/v2\/product_brand?post=179234"},{"taxonomy":"product_cat","embeddable":true,"href":"https:\/\/www.claret.cat\/es\/wp-json\/wp\/v2\/product_cat?post=179234"},{"taxonomy":"product_tag","embeddable":true,"href":"https:\/\/www.claret.cat\/es\/wp-json\/wp\/v2\/product_tag?post=179234"}],"curies":[{"name":"wp","href":"https:\/\/api.w.org\/{rel}","templated":true}]}}