{"id":179288,"date":"2022-10-20T02:56:29","date_gmt":"2022-10-20T00:56:29","guid":{"rendered":"http:\/\/dev.claret.cat\/producte\/kt2-1-catalunya-cat-esp-eng-fr\/"},"modified":"2024-01-15T17:01:00","modified_gmt":"2024-01-15T16:01:00","slug":"kt21-catalunya-cat-esp-eng-fr-9788484788065","status":"publish","type":"product","link":"https:\/\/www.claret.cat\/es\/libro\/kt21-catalunya-cat-esp-eng-fr-9788484788065\/","title":{"rendered":"KT2-1 CATALUNYA (CAT &#8211; ESP &#8211; ENG &#8211; FR)"},"content":{"rendered":"<p>Catalunya \u00e9s una naci\u00f3 mil.len\u00e0ria, que s&#8217;ha enriquit pel pas i les aportacions de cultures molt diverses al llarg de la seva hist\u00f2ria. La mateixa riquesa i varietat la trobem al seu paisatge, un mosaic molt heterogeni delimitat pels Pirineus, el Delta de l&#8217;Ebre i la suavitat del Mediterrani. El llibre proposa un viatge per totes les comarques catalanes, amb l&#8217;\u00e0nim de transcendir els llocs comuns i els t\u00edpics habituals. El volum inclou un mapa comarcal del territori per a facilitar la seva comprensi\u00f3<\/p>\n","protected":false},"excerpt":{"rendered":"<p>PLA BOADA, RICARD \/ PUIG CASTELLANO, JORDI \/ ROIG CASAMITJANA, SEBASTI\u00c0 \/ VIVAS<\/p>\n","protected":false},"featured_media":947452,"template":"","meta":{"_acf_changed":false,"om_disable_all_campaigns":false,"rs_blank_template":"","rs_page_bg_color":"","slide_template_v7":"","inline_featured_image":false,"_monsterinsights_skip_tracking":false,"_monsterinsights_sitenote_active":false,"_monsterinsights_sitenote_note":"","_monsterinsights_sitenote_category":0},"product_brand":[],"product_cat":[557,107,105,555],"product_tag":[],"class_list":{"0":"post-179288","1":"product","2":"type-product","3":"status-publish","4":"has-post-thumbnail","6":"product_cat-guias-de-viaje","7":"product_cat-guies-de-viatge","8":"product_cat-regal","9":"product_cat-regalo","11":"first","12":"instock","13":"taxable","14":"shipping-taxable","15":"purchasable","16":"product-type-simple"},"acf":{"autor":"PLA BOADA, RICARD \/ PUIG CASTELLANO, JORDI \/ ROIG CASAMITJANA, SEBASTI\u00c0 \/ VIVAS","codart":"848478806","libros-coleccion":"S\u00e8rie 2","ediciones":"1","encuadernacion":"Carton\u00e9","fecha_de_publicacion":"01\/07\/2018","novedad":"1","paginas":"0","subtitulo":"","orden":"0","portada":"0","idioma":"spa","editorial":[{"ID":148898,"post_author":"3","post_date":"2022-10-14 12:01:51","post_date_gmt":"2022-10-14 10:01:51","post_content":"","post_title":"TRIANGLE POSTALS","post_excerpt":"","post_status":"publish","comment_status":"closed","ping_status":"closed","post_password":"","post_name":"triangle-postals","to_ping":"","pinged":"","post_modified":"2022-10-14 12:01:51","post_modified_gmt":"2022-10-14 10:01:51","post_content_filtered":"","post_parent":0,"guid":"http:\/\/dev.claret.cat\/editorial\/triangle-postals\/","menu_order":0,"post_type":"editorial","post_mime_type":"","comment_count":"0","filter":"raw"}],"autores-libros":[{"ID":159985,"post_author":"3","post_date":"2022-10-14 15:49:21","post_date_gmt":"2022-10-14 13:49:21","post_content":"","post_title":"JORDI PUIG CASTELLANO","post_excerpt":"","post_status":"publish","comment_status":"closed","ping_status":"closed","post_password":"","post_name":"jordi-puig-castellano","to_ping":"","pinged":"","post_modified":"2022-10-14 15:49:21","post_modified_gmt":"2022-10-14 13:49:21","post_content_filtered":"","post_parent":0,"guid":"http:\/\/dev.claret.cat\/autor\/jordi-puig-castellano\/","menu_order":0,"post_type":"autor","post_mime_type":"","comment_count":"0","filter":"raw"},{"ID":169246,"post_author":"3","post_date":"2022-10-14 22:25:40","post_date_gmt":"2022-10-14 20:25:40","post_content":"","post_title":"SEBASTI\u00c0 ROIG CASAMITJANA","post_excerpt":"","post_status":"publish","comment_status":"closed","ping_status":"closed","post_password":"","post_name":"sebastia-roig-casamitjana","to_ping":"","pinged":"","post_modified":"2022-10-14 22:25:40","post_modified_gmt":"2022-10-14 20:25:40","post_content_filtered":"","post_parent":0,"guid":"http:\/\/dev.claret.cat\/autor\/sebastia-roig-casamitjana\/","menu_order":0,"post_type":"autor","post_mime_type":"","comment_count":"0","filter":"raw"},{"ID":429387,"post_author":"3","post_date":"2023-05-16 09:47:14","post_date_gmt":"2023-05-16 07:47:14","post_content":"","post_title":"VIVAS","post_excerpt":"","post_status":"publish","comment_status":"closed","ping_status":"closed","post_password":"","post_name":"vivas","to_ping":"","pinged":"","post_modified":"2023-05-16 09:47:14","post_modified_gmt":"2023-05-16 07:47:14","post_content_filtered":"","post_parent":0,"guid":"https:\/\/www.claret.cat\/autor\/vivas\/","menu_order":0,"post_type":"autor","post_mime_type":"","comment_count":"0","filter":"raw"},{"ID":168030,"post_author":"3","post_date":"2022-10-14 18:15:57","post_date_gmt":"2022-10-14 16:15:57","post_content":"","post_title":"RICARD PLA BOADA","post_excerpt":"","post_status":"publish","comment_status":"closed","ping_status":"closed","post_password":"","post_name":"ricard-pla-boada","to_ping":"","pinged":"","post_modified":"2022-10-14 18:15:57","post_modified_gmt":"2022-10-14 16:15:57","post_content_filtered":"","post_parent":0,"guid":"http:\/\/dev.claret.cat\/autor\/ricard-pla-boada\/","menu_order":0,"post_type":"autor","post_mime_type":"","comment_count":"0","filter":"raw"}]},"aioseo_notices":[],"_links":{"self":[{"href":"https:\/\/www.claret.cat\/es\/wp-json\/wp\/v2\/product\/179288","targetHints":{"allow":["GET"]}}],"collection":[{"href":"https:\/\/www.claret.cat\/es\/wp-json\/wp\/v2\/product"}],"about":[{"href":"https:\/\/www.claret.cat\/es\/wp-json\/wp\/v2\/types\/product"}],"wp:featuredmedia":[{"embeddable":true,"href":"https:\/\/www.claret.cat\/es\/wp-json\/wp\/v2\/media\/947452"}],"wp:attachment":[{"href":"https:\/\/www.claret.cat\/es\/wp-json\/wp\/v2\/media?parent=179288"}],"wp:term":[{"taxonomy":"product_brand","embeddable":true,"href":"https:\/\/www.claret.cat\/es\/wp-json\/wp\/v2\/product_brand?post=179288"},{"taxonomy":"product_cat","embeddable":true,"href":"https:\/\/www.claret.cat\/es\/wp-json\/wp\/v2\/product_cat?post=179288"},{"taxonomy":"product_tag","embeddable":true,"href":"https:\/\/www.claret.cat\/es\/wp-json\/wp\/v2\/product_tag?post=179288"}],"curies":[{"name":"wp","href":"https:\/\/api.w.org\/{rel}","templated":true}]}}