{"id":179324,"date":"2022-10-20T02:57:05","date_gmt":"2022-10-20T00:57:05","guid":{"rendered":"http:\/\/dev.claret.cat\/producte\/la-reina-dels-colors\/"},"modified":"2023-01-28T20:04:22","modified_gmt":"2023-01-28T19:04:22","slug":"la-reina-dels-colors-9788494818356","status":"publish","type":"product","link":"https:\/\/www.claret.cat\/es\/libro\/la-reina-dels-colors-9788494818356\/","title":{"rendered":"LA REINA DELS COLORS"},"content":{"rendered":"<p>Edici\u00f3 en catal\u00e0 de &#8216;La reina de los colores&#8217;.<br \/>&#8216;Un llibre de doble lectura: La hist\u00f2ria de la reina sense color, que hauria de descobrir por s\u00ed mateixa els colors per ser feli\u00e7. Tamb\u00e9, un llibre sobre el descobrimient dels colors, sobre el plaer de dibuixar lliurement, sobre la relaci\u00f3 entre els colors b\u00e0sics i les seves barregues&#8217; (Die Zeit, prestigi\u00f3s setmanari alemany).<\/p>\n","protected":false},"excerpt":{"rendered":"<p>BAUER, JUTTA<\/p>\n","protected":false},"featured_media":179325,"template":"","meta":{"_acf_changed":false,"om_disable_all_campaigns":false,"rs_blank_template":"","rs_page_bg_color":"","slide_template_v7":"","inline_featured_image":false,"_monsterinsights_skip_tracking":false,"_monsterinsights_sitenote_active":false,"_monsterinsights_sitenote_note":"","_monsterinsights_sitenote_category":0},"product_brand":[],"product_cat":[16],"product_tag":[],"class_list":{"0":"post-179324","1":"product","2":"type-product","3":"status-publish","4":"has-post-thumbnail","6":"product_cat-sense-categoria","8":"first","9":"instock","10":"taxable","11":"shipping-taxable","12":"purchasable","13":"product-type-simple"},"acf":{"autor":"BAUER, JUTTA","codart":"849481835","libros-coleccion":"Rosa y manzana","ediciones":"1","encuadernacion":"Carton\u00e9","fecha_de_publicacion":"01\/07\/2018","novedad":"1","paginas":"35","subtitulo":"","orden":"0","portada":"0","idioma":"cat","editorial":[{"ID":148459,"post_author":"3","post_date":"2022-10-14 11:58:24","post_date_gmt":"2022-10-14 09:58:24","post_content":"","post_title":"LOGUEZ EDICIONES","post_excerpt":"","post_status":"publish","comment_status":"closed","ping_status":"closed","post_password":"","post_name":"loguez-ediciones","to_ping":"","pinged":"","post_modified":"2022-10-14 11:58:24","post_modified_gmt":"2022-10-14 09:58:24","post_content_filtered":"","post_parent":0,"guid":"http:\/\/dev.claret.cat\/editorial\/loguez-ediciones\/","menu_order":0,"post_type":"editorial","post_mime_type":"","comment_count":"0","filter":"raw"}],"autores-libros":[{"ID":161380,"post_author":"3","post_date":"2022-10-14 17:17:45","post_date_gmt":"2022-10-14 15:17:45","post_content":"","post_title":"JUTTA BAUER","post_excerpt":"","post_status":"publish","comment_status":"closed","ping_status":"closed","post_password":"","post_name":"jutta-bauer","to_ping":"","pinged":"","post_modified":"2022-10-14 17:17:45","post_modified_gmt":"2022-10-14 15:17:45","post_content_filtered":"","post_parent":0,"guid":"http:\/\/dev.claret.cat\/autor\/jutta-bauer\/","menu_order":0,"post_type":"autor","post_mime_type":"","comment_count":"0","filter":"raw"}]},"aioseo_notices":[],"_links":{"self":[{"href":"https:\/\/www.claret.cat\/es\/wp-json\/wp\/v2\/product\/179324","targetHints":{"allow":["GET"]}}],"collection":[{"href":"https:\/\/www.claret.cat\/es\/wp-json\/wp\/v2\/product"}],"about":[{"href":"https:\/\/www.claret.cat\/es\/wp-json\/wp\/v2\/types\/product"}],"wp:featuredmedia":[{"embeddable":true,"href":"https:\/\/www.claret.cat\/es\/wp-json\/wp\/v2\/media\/179325"}],"wp:attachment":[{"href":"https:\/\/www.claret.cat\/es\/wp-json\/wp\/v2\/media?parent=179324"}],"wp:term":[{"taxonomy":"product_brand","embeddable":true,"href":"https:\/\/www.claret.cat\/es\/wp-json\/wp\/v2\/product_brand?post=179324"},{"taxonomy":"product_cat","embeddable":true,"href":"https:\/\/www.claret.cat\/es\/wp-json\/wp\/v2\/product_cat?post=179324"},{"taxonomy":"product_tag","embeddable":true,"href":"https:\/\/www.claret.cat\/es\/wp-json\/wp\/v2\/product_tag?post=179324"}],"curies":[{"name":"wp","href":"https:\/\/api.w.org\/{rel}","templated":true}]}}