{"id":179396,"date":"2022-10-20T02:58:16","date_gmt":"2022-10-20T00:58:16","guid":{"rendered":"http:\/\/dev.claret.cat\/producte\/elantris-edicion-decimo-aniversario-version-definitiva-del-autor\/"},"modified":"2023-01-28T19:15:36","modified_gmt":"2023-01-28T18:15:36","slug":"elantris-edicion-decimo-aniversario-version-definitiva-del-autor-9788490705834","status":"publish","type":"product","link":"https:\/\/www.claret.cat\/es\/libro\/elantris-edicion-decimo-aniversario-version-definitiva-del-autor-9788490705834\/","title":{"rendered":"ELANTRIS (EDICI\u00d3N D\u00c9CIMO ANIVERSARIO: VERSI\u00d3N DEFINITIVA DEL AUTOR)"},"content":{"rendered":"<p>Una novela imprescindible para los amantes de la fantas\u00eda \u00e9pica. Por  el consagrado autor del g\u00e9nero Brandon Sanderson. \u00abLa m\u00e1s bella novela de fantas\u00eda que se escribir\u00e1 en muchos a\u00f1os.\u00bb<br \/> Orson Scott Card, autor de El juego de EnderBienvenidos a la ciudad de Elantris, la poderosa y bella capital de Arelon llamada \u00abla ciudad de los dioses\u00bb. Anta\u00f1o famosa sede de inmortales, lugar repleto de poderosa magia, Elantris ha ca\u00eddo en desgracia. Ahora solo acoge a los nuevos \u00abmuertos en vida\u00bb, postrados en una insufrible \u00abno-vida\u00bb tras una misteriosa y terrible  transformaci\u00f3n. Un matrimonio de Estado destinado a unir los reinos de Arelon y Teod se  frustra, ya que el novio, Raoden, el pr\u00edncipe de Arelon, sufre inesperadamente la Transformaci\u00f3n, se convierte en un \u00abmuerto en vida\u00bb y  debe refugiarse en Elantris. Su reciente esposa, la princesa Sarene de  Teod, crey\u00e9ndolo muerto, se ve obligada a incorporarse a la vida de  Arelon y su nueva capital, Kae. Mientras, el embajador y alto sacerdote  de otro reino vecino, Fjordell, usar\u00e1 su habilidad pol\u00edtica para  intentar dominar Arelod y Teod con el prop\u00f3sito de someterlos a su emperador y su dios.<\/p>\n","protected":false},"excerpt":{"rendered":"<p>SANDERSON, BRANDON<\/p>\n","protected":false},"featured_media":179397,"template":"","meta":{"_acf_changed":false,"om_disable_all_campaigns":false,"rs_blank_template":"","rs_page_bg_color":"","slide_template_v7":"","inline_featured_image":false,"_monsterinsights_skip_tracking":false,"_monsterinsights_sitenote_active":false,"_monsterinsights_sitenote_note":"","_monsterinsights_sitenote_category":0},"product_brand":[],"product_cat":[16],"product_tag":[],"class_list":{"0":"post-179396","1":"product","2":"type-product","3":"status-publish","4":"has-post-thumbnail","6":"product_cat-sense-categoria","8":"first","9":"instock","10":"taxable","11":"shipping-taxable","12":"purchasable","13":"product-type-simple"},"acf":{"autor":"SANDERSON, BRANDON","codart":"849070583","libros-coleccion":"Maxi","ediciones":"1","encuadernacion":"R\u00fastica","fecha_de_publicacion":"01\/07\/2018","novedad":"1","paginas":"794","subtitulo":"","orden":"0","portada":"0","idioma":"spa","editorial":[{"ID":6138,"post_author":"3","post_date":"2022-07-28 17:45:42","post_date_gmt":"2022-07-28 15:45:42","post_content":"","post_title":"B de Bolsillo (Ediciones B)","post_excerpt":"","post_status":"publish","comment_status":"closed","ping_status":"closed","post_password":"","post_name":"b-de-bolsillo-ediciones-b","to_ping":"","pinged":"","post_modified":"2022-07-28 17:45:42","post_modified_gmt":"2022-07-28 15:45:42","post_content_filtered":"","post_parent":0,"guid":"http:\/\/dev.claret.cat\/editorial\/b-de-bolsillo-ediciones-b\/","menu_order":0,"post_type":"editorial","post_mime_type":"","comment_count":"0","filter":"raw"}],"autores-libros":[{"ID":151861,"post_author":"3","post_date":"2022-10-14 14:44:13","post_date_gmt":"2022-10-14 12:44:13","post_content":"","post_title":"BRANDON SANDERSON","post_excerpt":"","post_status":"publish","comment_status":"closed","ping_status":"closed","post_password":"","post_name":"brandon-sanderson","to_ping":"","pinged":"","post_modified":"2022-10-14 14:44:13","post_modified_gmt":"2022-10-14 12:44:13","post_content_filtered":"","post_parent":0,"guid":"http:\/\/dev.claret.cat\/autor\/brandon-sanderson\/","menu_order":0,"post_type":"autor","post_mime_type":"","comment_count":"0","filter":"raw"}]},"aioseo_notices":[],"_links":{"self":[{"href":"https:\/\/www.claret.cat\/es\/wp-json\/wp\/v2\/product\/179396","targetHints":{"allow":["GET"]}}],"collection":[{"href":"https:\/\/www.claret.cat\/es\/wp-json\/wp\/v2\/product"}],"about":[{"href":"https:\/\/www.claret.cat\/es\/wp-json\/wp\/v2\/types\/product"}],"wp:featuredmedia":[{"embeddable":true,"href":"https:\/\/www.claret.cat\/es\/wp-json\/wp\/v2\/media\/179397"}],"wp:attachment":[{"href":"https:\/\/www.claret.cat\/es\/wp-json\/wp\/v2\/media?parent=179396"}],"wp:term":[{"taxonomy":"product_brand","embeddable":true,"href":"https:\/\/www.claret.cat\/es\/wp-json\/wp\/v2\/product_brand?post=179396"},{"taxonomy":"product_cat","embeddable":true,"href":"https:\/\/www.claret.cat\/es\/wp-json\/wp\/v2\/product_cat?post=179396"},{"taxonomy":"product_tag","embeddable":true,"href":"https:\/\/www.claret.cat\/es\/wp-json\/wp\/v2\/product_tag?post=179396"}],"curies":[{"name":"wp","href":"https:\/\/api.w.org\/{rel}","templated":true}]}}