{"id":179450,"date":"2022-10-20T02:59:10","date_gmt":"2022-10-20T00:59:10","guid":{"rendered":"http:\/\/dev.claret.cat\/producte\/evasions\/"},"modified":"2023-01-28T09:31:43","modified_gmt":"2023-01-28T08:31:43","slug":"evasions-9788416670512","status":"publish","type":"product","link":"https:\/\/www.claret.cat\/es\/libro\/evasions-9788416670512\/","title":{"rendered":"EVASIONS"},"content":{"rendered":"<p>Evasions no \u00e9s un llibre de fugides, sin\u00f3 m\u00e9s aviat del que en dir\u00edem desconnexions. I ens equivocar\u00edem. Evasions \u00e9s un llibre de trobades, de connexions amb el m\u00e9s \u00edntim, de tastos de la realitat m\u00e9s fonda. De petites illes refugi on retrobar-nos per descansar de les nostres pr\u00f2pies vides. Ja siguin paraules o il\u00b7lustracions, les finestres s\u00f3n aqu\u00ed, convidant-nos a obrir-les, a enfilar-nos-hi, i a sortir enfora.<\/p>\n","protected":false},"excerpt":{"rendered":"<p>PIQUER, EVA<\/p>\n","protected":false},"featured_media":179451,"template":"","meta":{"_acf_changed":false,"om_disable_all_campaigns":false,"rs_blank_template":"","rs_page_bg_color":"","slide_template_v7":"","inline_featured_image":false,"_monsterinsights_skip_tracking":false,"_monsterinsights_sitenote_active":false,"_monsterinsights_sitenote_note":"","_monsterinsights_sitenote_category":0},"product_brand":[],"product_cat":[105],"product_tag":[],"class_list":{"0":"post-179450","1":"product","2":"type-product","3":"status-publish","4":"has-post-thumbnail","6":"product_cat-regal","8":"first","9":"instock","10":"taxable","11":"shipping-taxable","12":"purchasable","13":"product-type-simple"},"acf":{"autor":"PIQUER, EVA","codart":"841667051","libros-coleccion":"Bridge","ediciones":"1","encuadernacion":"Carton\u00e9","fecha_de_publicacion":"01\/07\/2018","novedad":"1","paginas":"133","subtitulo":"","orden":"0","portada":"0","idioma":"cat","editorial":[{"ID":147566,"post_author":"3","post_date":"2022-10-14 11:51:33","post_date_gmt":"2022-10-14 09:51:33","post_content":"","post_title":"Bridge","post_excerpt":"","post_status":"publish","comment_status":"closed","ping_status":"closed","post_password":"","post_name":"bridge","to_ping":"","pinged":"","post_modified":"2022-10-14 11:51:33","post_modified_gmt":"2022-10-14 09:51:33","post_content_filtered":"","post_parent":0,"guid":"http:\/\/dev.claret.cat\/editorial\/bridge\/","menu_order":0,"post_type":"editorial","post_mime_type":"","comment_count":"0","filter":"raw"}],"autores-libros":[{"ID":155539,"post_author":"3","post_date":"2022-10-14 15:13:38","post_date_gmt":"2022-10-14 13:13:38","post_content":"","post_title":"EVA PIQUER","post_excerpt":"","post_status":"publish","comment_status":"closed","ping_status":"closed","post_password":"","post_name":"eva-piquer","to_ping":"","pinged":"","post_modified":"2022-10-14 15:13:38","post_modified_gmt":"2022-10-14 13:13:38","post_content_filtered":"","post_parent":0,"guid":"http:\/\/dev.claret.cat\/autor\/eva-piquer\/","menu_order":0,"post_type":"autor","post_mime_type":"","comment_count":"0","filter":"raw"}]},"aioseo_notices":[],"_links":{"self":[{"href":"https:\/\/www.claret.cat\/es\/wp-json\/wp\/v2\/product\/179450","targetHints":{"allow":["GET"]}}],"collection":[{"href":"https:\/\/www.claret.cat\/es\/wp-json\/wp\/v2\/product"}],"about":[{"href":"https:\/\/www.claret.cat\/es\/wp-json\/wp\/v2\/types\/product"}],"wp:featuredmedia":[{"embeddable":true,"href":"https:\/\/www.claret.cat\/es\/wp-json\/wp\/v2\/media\/179451"}],"wp:attachment":[{"href":"https:\/\/www.claret.cat\/es\/wp-json\/wp\/v2\/media?parent=179450"}],"wp:term":[{"taxonomy":"product_brand","embeddable":true,"href":"https:\/\/www.claret.cat\/es\/wp-json\/wp\/v2\/product_brand?post=179450"},{"taxonomy":"product_cat","embeddable":true,"href":"https:\/\/www.claret.cat\/es\/wp-json\/wp\/v2\/product_cat?post=179450"},{"taxonomy":"product_tag","embeddable":true,"href":"https:\/\/www.claret.cat\/es\/wp-json\/wp\/v2\/product_tag?post=179450"}],"curies":[{"name":"wp","href":"https:\/\/api.w.org\/{rel}","templated":true}]}}