{"id":17954,"date":"2022-10-01T23:36:52","date_gmt":"2022-10-01T21:36:52","guid":{"rendered":"http:\/\/dev.claret.cat\/producte\/una-cucharadita-para\/"},"modified":"2023-01-28T11:48:13","modified_gmt":"2023-01-28T10:48:13","slug":"una-cucharadita-para-9788491012566","status":"publish","type":"product","link":"https:\/\/www.claret.cat\/es\/libro\/una-cucharadita-para-9788491012566\/","title":{"rendered":"UNA CUCHARADITA PARA&#8230;"},"content":{"rendered":"<p>\u00a1Qu\u00e9 hambre! \u00bfQu\u00e9 men\u00fa tenemos hoy?<br \/>En la colecci\u00f3n Los Dud\u00fas, los peque\u00f1os acompa\u00f1ar\u00e1n a Conejo, Chanchita, Miu y Osito en diferentes actividades de la vida diaria, como seguir una dieta equilibrada. Un libro con personajes y todos los complementos necesarios para adquirir, a trav\u00e9s del juego, sencillos h\u00e1bitos cotidianos.<\/p>\n<p>Incluye elementos para jugar.<\/p>\n","protected":false},"excerpt":{"rendered":"<p>GEIS CONTI, PATRICIA<\/p>\n","protected":false},"featured_media":72186,"template":"","meta":{"_acf_changed":false,"om_disable_all_campaigns":false,"rs_blank_template":"","rs_page_bg_color":"","slide_template_v7":"","inline_featured_image":false,"_monsterinsights_skip_tracking":false,"_monsterinsights_sitenote_active":false,"_monsterinsights_sitenote_note":"","_monsterinsights_sitenote_category":0},"product_brand":[],"product_cat":[86,352],"product_tag":[],"class_list":{"0":"post-17954","1":"product","2":"type-product","3":"status-publish","4":"has-post-thumbnail","6":"product_cat-infantil","7":"product_cat-infantil-3_infantil-juvenil-spa","9":"first","10":"outofstock","11":"taxable","12":"shipping-taxable","13":"purchasable","14":"product-type-simple"},"acf":{"autor":"GEIS CONTI, PATRICIA","codart":"849101256","libros-coleccion":"FORA DE COL.LECCI\u00d3","ediciones":"1","encuadernacion":"Carton\u00e9","fecha_de_publicacion":"19\/09\/2017","novedad":"1","paginas":"12","subtitulo":"","orden":"0","portada":"0","idioma":"spa","editorial":[{"ID":147650,"post_author":"3","post_date":"2022-10-14 11:52:12","post_date_gmt":"2022-10-14 09:52:12","post_content":"","post_title":"COMBEL EDITORIL","post_excerpt":"","post_status":"publish","comment_status":"closed","ping_status":"closed","post_password":"","post_name":"combel-editoril","to_ping":"","pinged":"","post_modified":"2022-10-14 11:52:12","post_modified_gmt":"2022-10-14 09:52:12","post_content_filtered":"","post_parent":0,"guid":"http:\/\/dev.claret.cat\/editorial\/combel-editoril\/","menu_order":0,"post_type":"editorial","post_mime_type":"","comment_count":"0","filter":"raw"}],"autores-libros":[{"ID":166628,"post_author":"3","post_date":"2022-10-14 18:04:47","post_date_gmt":"2022-10-14 16:04:47","post_content":"","post_title":"PATRICIA GEIS CONTI","post_excerpt":"","post_status":"publish","comment_status":"closed","ping_status":"closed","post_password":"","post_name":"patricia-geis-conti","to_ping":"","pinged":"","post_modified":"2022-10-14 18:04:47","post_modified_gmt":"2022-10-14 16:04:47","post_content_filtered":"","post_parent":0,"guid":"http:\/\/dev.claret.cat\/autor\/patricia-geis-conti\/","menu_order":0,"post_type":"autor","post_mime_type":"","comment_count":"0","filter":"raw"}]},"aioseo_notices":[],"_links":{"self":[{"href":"https:\/\/www.claret.cat\/es\/wp-json\/wp\/v2\/product\/17954","targetHints":{"allow":["GET"]}}],"collection":[{"href":"https:\/\/www.claret.cat\/es\/wp-json\/wp\/v2\/product"}],"about":[{"href":"https:\/\/www.claret.cat\/es\/wp-json\/wp\/v2\/types\/product"}],"wp:featuredmedia":[{"embeddable":true,"href":"https:\/\/www.claret.cat\/es\/wp-json\/wp\/v2\/media\/72186"}],"wp:attachment":[{"href":"https:\/\/www.claret.cat\/es\/wp-json\/wp\/v2\/media?parent=17954"}],"wp:term":[{"taxonomy":"product_brand","embeddable":true,"href":"https:\/\/www.claret.cat\/es\/wp-json\/wp\/v2\/product_brand?post=17954"},{"taxonomy":"product_cat","embeddable":true,"href":"https:\/\/www.claret.cat\/es\/wp-json\/wp\/v2\/product_cat?post=17954"},{"taxonomy":"product_tag","embeddable":true,"href":"https:\/\/www.claret.cat\/es\/wp-json\/wp\/v2\/product_tag?post=17954"}],"curies":[{"name":"wp","href":"https:\/\/api.w.org\/{rel}","templated":true}]}}