{"id":179744,"date":"2022-10-20T03:04:13","date_gmt":"2022-10-20T01:04:13","guid":{"rendered":"http:\/\/dev.claret.cat\/producte\/alegraos-y-regocijaos\/"},"modified":"2024-05-02T06:05:38","modified_gmt":"2024-05-02T04:05:38","slug":"alegraos-y-regocijaos-9788428832830","status":"publish","type":"product","link":"https:\/\/www.claret.cat\/es\/libro\/alegraos-y-regocijaos-9788428832830\/","title":{"rendered":"ALEGRAOS Y REGOCIJAOS"},"content":{"rendered":"<p>Texto completo de la exhortaci\u00f3n Gaudete et exsultate del papa Francisco con proposiciones de trabajo para cada cap\u00edtulo, as\u00ed como aplicaciones a la pastoral juvenil y a la catequesis. La obra viene presentada por el cardenal Juan Jos\u00e9 Omella y aglutina claves de diversos autores (\u00c1ngel Moreno, de Buenafuente; Paula Depalma; Vicente Altaba; Koldo Guti\u00e9rrez y Sergio P\u00e9rez) que nos ayudan a apreciar mejor las repercusiones que tiene la exhortaci\u00f3n en la cultura de hoy en d\u00eda y en la vida caritativa y social.<\/p>\n","protected":false},"excerpt":{"rendered":"<p>OTERO, HERMINIO<\/p>\n","protected":false},"featured_media":337815,"template":"","meta":{"_acf_changed":false,"om_disable_all_campaigns":false,"rs_blank_template":"","rs_page_bg_color":"","slide_template_v7":"","inline_featured_image":false,"_monsterinsights_skip_tracking":false,"_monsterinsights_sitenote_active":false,"_monsterinsights_sitenote_note":"","_monsterinsights_sitenote_category":0},"product_brand":[],"product_cat":[93,543,345,79],"product_tag":[],"class_list":{"0":"post-179744","1":"product","2":"type-product","3":"status-publish","4":"has-post-thumbnail","6":"product_cat-eclesiologia","7":"product_cat-eclesiologia-es","8":"product_cat-espiritualidad","9":"product_cat-espiritualitat","11":"first","12":"instock","13":"taxable","14":"shipping-taxable","15":"purchasable","16":"product-type-simple"},"acf":{"autor":"OTERO, HERMINIO","codart":"842883283","libros-coleccion":"Papa Francisco","ediciones":"1","encuadernacion":"R\u00fastica","fecha_de_publicacion":"25\/06\/2018","novedad":"1","paginas":"144","subtitulo":"LA LLAMADA A LA SANTIDAD EN EL MUNDO ACTUAL","orden":"0","portada":"0","idioma":"spa","editorial":[{"ID":6335,"post_author":"3","post_date":"2022-07-28 17:49:59","post_date_gmt":"2022-07-28 15:49:59","post_content":"","post_title":"PPC altres","post_excerpt":"","post_status":"publish","comment_status":"closed","ping_status":"closed","post_password":"","post_name":"ppc-altres","to_ping":"","pinged":"","post_modified":"2022-07-28 17:49:59","post_modified_gmt":"2022-07-28 15:49:59","post_content_filtered":"","post_parent":0,"guid":"http:\/\/dev.claret.cat\/editorial\/ppc-altres\/","menu_order":0,"post_type":"editorial","post_mime_type":"","comment_count":"0","filter":"raw"}],"autores-libros":[{"ID":5538,"post_author":"3","post_date":"2022-07-28 17:26:08","post_date_gmt":"2022-07-28 15:26:08","post_content":"","post_title":"HERMINIO OTERO","post_excerpt":"","post_status":"publish","comment_status":"closed","ping_status":"closed","post_password":"","post_name":"herminio-otero","to_ping":"","pinged":"","post_modified":"2022-07-28 17:26:08","post_modified_gmt":"2022-07-28 15:26:08","post_content_filtered":"","post_parent":0,"guid":"http:\/\/dev.claret.cat\/autor\/herminio-otero\/","menu_order":0,"post_type":"autor","post_mime_type":"","comment_count":"0","filter":"raw"}]},"aioseo_notices":[],"_links":{"self":[{"href":"https:\/\/www.claret.cat\/es\/wp-json\/wp\/v2\/product\/179744","targetHints":{"allow":["GET"]}}],"collection":[{"href":"https:\/\/www.claret.cat\/es\/wp-json\/wp\/v2\/product"}],"about":[{"href":"https:\/\/www.claret.cat\/es\/wp-json\/wp\/v2\/types\/product"}],"wp:featuredmedia":[{"embeddable":true,"href":"https:\/\/www.claret.cat\/es\/wp-json\/wp\/v2\/media\/337815"}],"wp:attachment":[{"href":"https:\/\/www.claret.cat\/es\/wp-json\/wp\/v2\/media?parent=179744"}],"wp:term":[{"taxonomy":"product_brand","embeddable":true,"href":"https:\/\/www.claret.cat\/es\/wp-json\/wp\/v2\/product_brand?post=179744"},{"taxonomy":"product_cat","embeddable":true,"href":"https:\/\/www.claret.cat\/es\/wp-json\/wp\/v2\/product_cat?post=179744"},{"taxonomy":"product_tag","embeddable":true,"href":"https:\/\/www.claret.cat\/es\/wp-json\/wp\/v2\/product_tag?post=179744"}],"curies":[{"name":"wp","href":"https:\/\/api.w.org\/{rel}","templated":true}]}}