{"id":179750,"date":"2022-10-20T03:04:19","date_gmt":"2022-10-20T01:04:19","guid":{"rendered":"http:\/\/dev.claret.cat\/producte\/la-interioridad-como-oportunidad-educativa\/"},"modified":"2024-05-02T06:06:01","modified_gmt":"2024-05-02T04:06:01","slug":"la-interioridad-como-oportunidad-educativa-9788428832885","status":"publish","type":"product","link":"https:\/\/www.claret.cat\/es\/libro\/la-interioridad-como-oportunidad-educativa-9788428832885\/","title":{"rendered":"LA INTERIORIDAD COMO OPORTUNIDAD EDUCATIVA"},"content":{"rendered":"<p>Hoy d\u00eda se hace especialmente necesario asumir con responsabilidad la oportunidad educativa de la interioridad en la formaci\u00f3n de las nuevas generaciones. Toca insistir en el aprender a ser y el aprender a convivir; toca cultivar la competencia de autonom\u00eda e iniciativa personal, la conciencia y sus expresiones, de la que brota la responsabilidad social, y la competencia c\u00edvica y ciudadana; y toca cuidar en mayor medida la inteligencia existencial o espiritual, la emocional y la intrapersonal. Todo ello vinculado precisamente a la educaci\u00f3n de la interioridad. Y, desde ah\u00ed, vinculado a la conformaci\u00f3n de la identidad personal y el desarrollo pleno de la personalidad de cada uno de nuestros alumnos. Las aportaciones de este libro sin duda contribuir\u00e1n a hacernos avanzar a todos por los caminos de la educaci\u00f3n de la interioridad en los centros escolares, a mejorar los proyectos en los que ya estamos embarcados y a dise\u00f1ar nuevos proyectos en aquellos lugares a los que todav\u00eda no ha llegado este paradigma.<\/p>\n","protected":false},"excerpt":{"rendered":"<p>ANDR\u00c9S SU\u00c1REZ, ELENA; ESTEBAN GARC\u00c9S, CARLOS (coords.)<\/p>\n","protected":false},"featured_media":380873,"template":"","meta":{"_acf_changed":false,"om_disable_all_campaigns":false,"rs_blank_template":"","rs_page_bg_color":"","slide_template_v7":"","inline_featured_image":false,"_monsterinsights_skip_tracking":false,"_monsterinsights_sitenote_active":false,"_monsterinsights_sitenote_note":"","_monsterinsights_sitenote_category":0},"product_brand":[],"product_cat":[82,348],"product_tag":[],"class_list":{"0":"post-179750","1":"product","2":"type-product","3":"status-publish","4":"has-post-thumbnail","6":"product_cat-pedagogia","7":"product_cat-pedagogia-2_humanidades","9":"first","10":"instock","11":"taxable","12":"shipping-taxable","13":"purchasable","14":"product-type-simple"},"acf":{"autor":"ANDR\u00c9S SU\u00c1REZ, ELENA; ESTEBAN GARC\u00c9S, CARLOS (coords.)","codart":"842883288","libros-coleccion":"Educar","ediciones":"1","encuadernacion":"R\u00fastica","fecha_de_publicacion":"25\/06\/2018","novedad":"1","paginas":"280","subtitulo":"ALGUNOS FUNDAMENTOS Y BUENAS PR\u00c1CTICAS","orden":"0","portada":"0","idioma":"spa","editorial":[{"ID":6335,"post_author":"3","post_date":"2022-07-28 17:49:59","post_date_gmt":"2022-07-28 15:49:59","post_content":"","post_title":"PPC altres","post_excerpt":"","post_status":"publish","comment_status":"closed","ping_status":"closed","post_password":"","post_name":"ppc-altres","to_ping":"","pinged":"","post_modified":"2022-07-28 17:49:59","post_modified_gmt":"2022-07-28 15:49:59","post_content_filtered":"","post_parent":0,"guid":"http:\/\/dev.claret.cat\/editorial\/ppc-altres\/","menu_order":0,"post_type":"editorial","post_mime_type":"","comment_count":"0","filter":"raw"}],"autores-libros":[{"ID":154717,"post_author":"3","post_date":"2022-10-14 15:07:03","post_date_gmt":"2022-10-14 13:07:03","post_content":"","post_title":"ELENA ANDR\u00c9S SU\u00c1REZ","post_excerpt":"","post_status":"publish","comment_status":"closed","ping_status":"closed","post_password":"","post_name":"elena-andres-suarez","to_ping":"","pinged":"","post_modified":"2022-10-14 15:07:03","post_modified_gmt":"2022-10-14 13:07:03","post_content_filtered":"","post_parent":0,"guid":"http:\/\/dev.claret.cat\/autor\/elena-andres-suarez\/","menu_order":0,"post_type":"autor","post_mime_type":"","comment_count":"0","filter":"raw"},{"ID":152197,"post_author":"3","post_date":"2022-10-14 14:46:52","post_date_gmt":"2022-10-14 12:46:52","post_content":"","post_title":"CARLOS (coords.) ESTEBAN GARC\u00c9S","post_excerpt":"","post_status":"publish","comment_status":"closed","ping_status":"closed","post_password":"","post_name":"carlos-coords-esteban-garces","to_ping":"","pinged":"","post_modified":"2022-10-14 14:46:52","post_modified_gmt":"2022-10-14 12:46:52","post_content_filtered":"","post_parent":0,"guid":"http:\/\/dev.claret.cat\/autor\/carlos-coords-esteban-garces\/","menu_order":0,"post_type":"autor","post_mime_type":"","comment_count":"0","filter":"raw"}]},"aioseo_notices":[],"_links":{"self":[{"href":"https:\/\/www.claret.cat\/es\/wp-json\/wp\/v2\/product\/179750","targetHints":{"allow":["GET"]}}],"collection":[{"href":"https:\/\/www.claret.cat\/es\/wp-json\/wp\/v2\/product"}],"about":[{"href":"https:\/\/www.claret.cat\/es\/wp-json\/wp\/v2\/types\/product"}],"wp:featuredmedia":[{"embeddable":true,"href":"https:\/\/www.claret.cat\/es\/wp-json\/wp\/v2\/media\/380873"}],"wp:attachment":[{"href":"https:\/\/www.claret.cat\/es\/wp-json\/wp\/v2\/media?parent=179750"}],"wp:term":[{"taxonomy":"product_brand","embeddable":true,"href":"https:\/\/www.claret.cat\/es\/wp-json\/wp\/v2\/product_brand?post=179750"},{"taxonomy":"product_cat","embeddable":true,"href":"https:\/\/www.claret.cat\/es\/wp-json\/wp\/v2\/product_cat?post=179750"},{"taxonomy":"product_tag","embeddable":true,"href":"https:\/\/www.claret.cat\/es\/wp-json\/wp\/v2\/product_tag?post=179750"}],"curies":[{"name":"wp","href":"https:\/\/api.w.org\/{rel}","templated":true}]}}