{"id":179765,"date":"2022-10-20T03:04:32","date_gmt":"2022-10-20T01:04:32","guid":{"rendered":"http:\/\/dev.claret.cat\/producte\/nuevos-signos-de-los-tiempos\/"},"modified":"2024-05-23T08:42:26","modified_gmt":"2024-05-23T06:42:26","slug":"nuevos-signos-de-los-tiempos-9788483538975","status":"publish","type":"product","link":"https:\/\/www.claret.cat\/es\/libro\/nuevos-signos-de-los-tiempos-9788483538975\/","title":{"rendered":"NUEVOS SIGNOS DE LOS TIEMPOS"},"content":{"rendered":"<p>Vivimos en un cambio de ciclo y en un mundo nuevo que desconocemos todav\u00eda d\u00f3nde nos conducir\u00e1. Nos toca, leyendo las nuevas se\u00f1ales de los tiempos, \u201cestar atentos y despertar al mundo\u201d. El Esp\u00edritu nos habla de un nuevo \u201cPentecost\u00e9s\u201d, de una \u201cIglesia en salida misionera\u201d. Y a partir de aqu\u00ed nace esta obra, con el denominador com\u00fan de la nueva cultura ascendente de hoy y los nuevos desaf\u00edos misioneros\/evangelizadores. Proponiendo; no imponiendo. Lo determinante son los \u201cprocesos\u201d (Papa Francisco), conducidos por la \u201cparres\u00eda\u201d (audacia) y la paciencia, al mismo tiempo, que nos regala el Esp\u00edritu Santo.<\/p>\n","protected":false},"excerpt":{"rendered":"<p>BERZOSA MART\u00cdNEZ, RA\u00daL<\/p>\n","protected":false},"featured_media":357846,"template":"","meta":{"_acf_changed":false,"om_disable_all_campaigns":false,"rs_blank_template":"","rs_page_bg_color":"","slide_template_v7":"","inline_featured_image":false,"_monsterinsights_skip_tracking":false,"_monsterinsights_sitenote_active":false,"_monsterinsights_sitenote_note":"","_monsterinsights_sitenote_category":0},"product_brand":[],"product_cat":[543,93,344,78,350,84,76,342],"product_tag":[],"class_list":{"0":"post-179765","1":"product","2":"type-product","3":"status-publish","4":"has-post-thumbnail","6":"product_cat-eclesiologia-es","7":"product_cat-eclesiologia","8":"product_cat-pastoral-1_espiritualidad","9":"product_cat-pastoral","10":"product_cat-sociologia-2_humanidades","11":"product_cat-sociologia","12":"product_cat-teologia","13":"product_cat-teologia-1_espiritualidad","15":"first","16":"instock","17":"taxable","18":"shipping-taxable","19":"purchasable","20":"product-type-simple"},"acf":{"autor":"BERZOSA MART\u00cdNEZ, RA\u00daL","codart":"848353897","libros-coleccion":"La otra mirada","ediciones":"1","encuadernacion":"R\u00fastica","fecha_de_publicacion":"25\/06\/2018","novedad":"1","paginas":"358","subtitulo":"RETOS Y POSIBILIDADES PARA LA MISI\u00d3N","orden":"0","portada":"0","idioma":"spa","editorial":[{"ID":6309,"post_author":"3","post_date":"2022-07-28 17:49:25","post_date_gmt":"2022-07-28 15:49:25","post_content":"","post_title":"Monte Carmelo","post_excerpt":"","post_status":"publish","comment_status":"closed","ping_status":"closed","post_password":"","post_name":"monte-carmelo","to_ping":"","pinged":"","post_modified":"2022-07-28 17:49:25","post_modified_gmt":"2022-07-28 15:49:25","post_content_filtered":"","post_parent":0,"guid":"http:\/\/dev.claret.cat\/editorial\/monte-carmelo\/","menu_order":0,"post_type":"editorial","post_mime_type":"","comment_count":"0","filter":"raw"}],"autores-libros":[{"ID":167830,"post_author":"3","post_date":"2022-10-14 18:14:21","post_date_gmt":"2022-10-14 16:14:21","post_content":"","post_title":"RA\u00daL BERZOSA MART\u00cdNEZ","post_excerpt":"","post_status":"publish","comment_status":"closed","ping_status":"closed","post_password":"","post_name":"raul-berzosa-martinez","to_ping":"","pinged":"","post_modified":"2022-10-14 18:14:21","post_modified_gmt":"2022-10-14 16:14:21","post_content_filtered":"","post_parent":0,"guid":"http:\/\/dev.claret.cat\/autor\/raul-berzosa-martinez\/","menu_order":0,"post_type":"autor","post_mime_type":"","comment_count":"0","filter":"raw"}]},"aioseo_notices":[],"_links":{"self":[{"href":"https:\/\/www.claret.cat\/es\/wp-json\/wp\/v2\/product\/179765","targetHints":{"allow":["GET"]}}],"collection":[{"href":"https:\/\/www.claret.cat\/es\/wp-json\/wp\/v2\/product"}],"about":[{"href":"https:\/\/www.claret.cat\/es\/wp-json\/wp\/v2\/types\/product"}],"wp:featuredmedia":[{"embeddable":true,"href":"https:\/\/www.claret.cat\/es\/wp-json\/wp\/v2\/media\/357846"}],"wp:attachment":[{"href":"https:\/\/www.claret.cat\/es\/wp-json\/wp\/v2\/media?parent=179765"}],"wp:term":[{"taxonomy":"product_brand","embeddable":true,"href":"https:\/\/www.claret.cat\/es\/wp-json\/wp\/v2\/product_brand?post=179765"},{"taxonomy":"product_cat","embeddable":true,"href":"https:\/\/www.claret.cat\/es\/wp-json\/wp\/v2\/product_cat?post=179765"},{"taxonomy":"product_tag","embeddable":true,"href":"https:\/\/www.claret.cat\/es\/wp-json\/wp\/v2\/product_tag?post=179765"}],"curies":[{"name":"wp","href":"https:\/\/api.w.org\/{rel}","templated":true}]}}