{"id":179771,"date":"2022-10-20T03:04:38","date_gmt":"2022-10-20T01:04:38","guid":{"rendered":"http:\/\/dev.claret.cat\/producte\/buscando-el-dialogo-interreligioso\/"},"modified":"2024-05-23T08:42:49","modified_gmt":"2024-05-23T06:42:49","slug":"buscando-el-dialogo-interreligioso-9788483539002","status":"publish","type":"product","link":"https:\/\/www.claret.cat\/es\/libro\/buscando-el-dialogo-interreligioso-9788483539002\/","title":{"rendered":"BUSCANDO EL DI\u00c1LOGO INTERRELIGIOSO"},"content":{"rendered":"<p>La obra que tienes en tus manos analiza lo curioso y particular de la religi\u00f3n, la trascendencia, a la hora de expresarse, de la cultura propia y de la globalizaci\u00f3n. Tambi\u00e9n, aborda el resurgir de nuevas formas religiosas ante el desprestigio de las religiones tradicionales, y estudia la sensibilidad generalizada que invoca la necesidad del di\u00e1logo interreligioso m\u00e1s all\u00e1 de las disparidades. Buscando ese di\u00e1logo, se ha analizado, concretamente, el tao\u00edsmo puro y el budismo tibetano. Todas las religiones hablan de un nombre que personaliza el n\u00facleo esencialmente significativo del \u201cGran Ser\u201d que no se puede expresar, o que se haga hincapi\u00e9 afirmando que lo Inefable est\u00e1 ante Dios. Todas se\u00f1alan lo Mismo. Y jam\u00e1s se insistir\u00e1 suficientemente que la entra\u00f1a honda de las religiones es, en su esencia, amor, comprensi\u00f3n y acogida. La misericordia, el coraz\u00f3n que se ensombrece y empatiza con la miseria humana y busca el remedio es, actualmente, el gran fundamento sobre el que se asienta y reposa, a gusto, el di\u00e1logo interreligioso.<\/p>\n","protected":false},"excerpt":{"rendered":"<p>CANCELO GARC\u00cdA, JOS\u00c9 LUIS<\/p>\n","protected":false},"featured_media":357850,"template":"","meta":{"_acf_changed":false,"om_disable_all_campaigns":false,"rs_blank_template":"","rs_page_bg_color":"","slide_template_v7":"","inline_featured_image":false,"_monsterinsights_skip_tracking":false,"_monsterinsights_sitenote_active":false,"_monsterinsights_sitenote_note":"","_monsterinsights_sitenote_category":0},"product_brand":[],"product_cat":[543,93,345,79,344,78,544,94],"product_tag":[],"class_list":{"0":"post-179771","1":"product","2":"type-product","3":"status-publish","4":"has-post-thumbnail","6":"product_cat-eclesiologia-es","7":"product_cat-eclesiologia","8":"product_cat-espiritualidad","9":"product_cat-espiritualitat","10":"product_cat-pastoral-1_espiritualidad","11":"product_cat-pastoral","12":"product_cat-religiones","13":"product_cat-religions","15":"first","16":"instock","17":"taxable","18":"shipping-taxable","19":"purchasable","20":"product-type-simple"},"acf":{"autor":"CANCELO GARC\u00cdA, JOS\u00c9 LUIS","codart":"848353900","libros-coleccion":"","ediciones":"1","encuadernacion":"R\u00fastica","fecha_de_publicacion":"25\/06\/2018","novedad":"1","paginas":"412","subtitulo":"","orden":"0","portada":"0","idioma":"spa","editorial":[{"ID":6309,"post_author":"3","post_date":"2022-07-28 17:49:25","post_date_gmt":"2022-07-28 15:49:25","post_content":"","post_title":"Monte Carmelo","post_excerpt":"","post_status":"publish","comment_status":"closed","ping_status":"closed","post_password":"","post_name":"monte-carmelo","to_ping":"","pinged":"","post_modified":"2022-07-28 17:49:25","post_modified_gmt":"2022-07-28 15:49:25","post_content_filtered":"","post_parent":0,"guid":"http:\/\/dev.claret.cat\/editorial\/monte-carmelo\/","menu_order":0,"post_type":"editorial","post_mime_type":"","comment_count":"0","filter":"raw"}],"autores-libros":[{"ID":160314,"post_author":"3","post_date":"2022-10-14 15:52:04","post_date_gmt":"2022-10-14 13:52:04","post_content":"","post_title":"JOS\u00c9 LUIS CANCELO GARC\u00cdA","post_excerpt":"","post_status":"publish","comment_status":"closed","ping_status":"closed","post_password":"","post_name":"jose-luis-cancelo-garcia","to_ping":"","pinged":"","post_modified":"2022-10-14 15:52:04","post_modified_gmt":"2022-10-14 13:52:04","post_content_filtered":"","post_parent":0,"guid":"http:\/\/dev.claret.cat\/autor\/jose-luis-cancelo-garcia\/","menu_order":0,"post_type":"autor","post_mime_type":"","comment_count":"0","filter":"raw"}]},"aioseo_notices":[],"_links":{"self":[{"href":"https:\/\/www.claret.cat\/es\/wp-json\/wp\/v2\/product\/179771","targetHints":{"allow":["GET"]}}],"collection":[{"href":"https:\/\/www.claret.cat\/es\/wp-json\/wp\/v2\/product"}],"about":[{"href":"https:\/\/www.claret.cat\/es\/wp-json\/wp\/v2\/types\/product"}],"wp:featuredmedia":[{"embeddable":true,"href":"https:\/\/www.claret.cat\/es\/wp-json\/wp\/v2\/media\/357850"}],"wp:attachment":[{"href":"https:\/\/www.claret.cat\/es\/wp-json\/wp\/v2\/media?parent=179771"}],"wp:term":[{"taxonomy":"product_brand","embeddable":true,"href":"https:\/\/www.claret.cat\/es\/wp-json\/wp\/v2\/product_brand?post=179771"},{"taxonomy":"product_cat","embeddable":true,"href":"https:\/\/www.claret.cat\/es\/wp-json\/wp\/v2\/product_cat?post=179771"},{"taxonomy":"product_tag","embeddable":true,"href":"https:\/\/www.claret.cat\/es\/wp-json\/wp\/v2\/product_tag?post=179771"}],"curies":[{"name":"wp","href":"https:\/\/api.w.org\/{rel}","templated":true}]}}