{"id":179804,"date":"2022-10-20T03:05:09","date_gmt":"2022-10-20T01:05:09","guid":{"rendered":"http:\/\/dev.claret.cat\/producte\/mantener-la-memoria\/"},"modified":"2026-01-28T12:26:51","modified_gmt":"2026-01-28T11:26:51","slug":"mantener-la-memoria-9788425440960","status":"publish","type":"product","link":"https:\/\/www.claret.cat\/es\/libro\/mantener-la-memoria-9788425440960\/","title":{"rendered":"MANTENER LA MEMORIA"},"content":{"rendered":"<p>Mantener la memoria abre el debate sobre c\u00f3mo una sociedad debe encarar el problema de las v\u00edctimas y su reconciliaci\u00f3n. Mediante el uso de argumentos filos\u00f3ficos, muchos de ellos de la mano de Walter Benjamin, presenta el ejemplo paradigm\u00e1tico de la experiencia jud\u00eda -desde el Israel b\u00edblico hasta el Holocausto- como muestra del imperativo de recordar y hacer memoria, para as\u00ed extrapolar su discurso a la experiencia humana en general.<br \/>Nunca antes se hab\u00eda cultivado tanto la historia y la memoria de los pueblos. Sin embargo, puede que ello no sea m\u00e1s que una fugaz apariencia y esconda un superficial deseo de curiosidad. La musealizaci\u00f3n de los recuerdos, el car\u00e1cter moment\u00e1neo de las nuevas tecnolog\u00edas y la idea social de vivir solo el presente dan prueba evidente de que somos una sociedad sin memoria, condenada a repetir los errores del pasado y carente de un sistema efectivo para el tratamiento de los derechos de las v\u00edctimas.<br \/>Mantener la memoria sigue la pista de la reconciliaci\u00f3n hist\u00f3rica del pueblo jud\u00edo, el cual ha sufrido constantes traumas que lo han escindido. De esta forma, este ejemplo sirve como punto de partida para entender que el tratamiento de la memoria sirve no solo para aprender del pasado y sus conflictos, sino para que sea reconocida su dimensi\u00f3n de culpa y la necesidad de un perd\u00f3n.<\/p>\n","protected":false},"excerpt":{"rendered":"<p>AMENGUAL, GABRIEL<\/p>\n","protected":false},"featured_media":331635,"template":"","meta":{"_acf_changed":false,"om_disable_all_campaigns":false,"rs_blank_template":"","rs_page_bg_color":"","slide_template_v7":"","inline_featured_image":false,"_monsterinsights_skip_tracking":false,"_monsterinsights_sitenote_active":false,"_monsterinsights_sitenote_note":"","_monsterinsights_sitenote_category":0},"product_brand":[],"product_cat":[83,349],"product_tag":[],"class_list":{"0":"post-179804","1":"product","2":"type-product","3":"status-publish","4":"has-post-thumbnail","6":"product_cat-filosofia","7":"product_cat-filosofia-2_humanidades","9":"first","10":"instock","11":"taxable","12":"shipping-taxable","13":"purchasable","14":"product-type-simple"},"acf":{"autor":"AMENGUAL, GABRIEL","codart":"842544096","libros-coleccion":"","ediciones":"1","encuadernacion":"R\u00fastica","fecha_de_publicacion":"20\/06\/2018","novedad":"1","paginas":"128","subtitulo":"","orden":"0","portada":"0","idioma":"spa","editorial":[{"ID":6266,"post_author":"3","post_date":"2022-07-28 17:48:31","post_date_gmt":"2022-07-28 15:48:31","post_content":"","post_title":"HERDER","post_excerpt":"","post_status":"publish","comment_status":"closed","ping_status":"closed","post_password":"","post_name":"herder","to_ping":"","pinged":"","post_modified":"2022-07-28 17:48:31","post_modified_gmt":"2022-07-28 15:48:31","post_content_filtered":"","post_parent":0,"guid":"http:\/\/dev.claret.cat\/editorial\/herder\/","menu_order":0,"post_type":"editorial","post_mime_type":"","comment_count":"0","filter":"raw"}],"autores-libros":[{"ID":271527,"post_author":"3","post_date":"2022-12-09 03:33:12","post_date_gmt":"2022-12-09 02:33:12","post_content":"","post_title":"GABRIEL AMENGUAL","post_excerpt":"","post_status":"publish","comment_status":"closed","ping_status":"closed","post_password":"","post_name":"gabriel-amengual","to_ping":"","pinged":"","post_modified":"2022-12-09 03:33:12","post_modified_gmt":"2022-12-09 02:33:12","post_content_filtered":"","post_parent":0,"guid":"http:\/\/dev.claret.cat\/autor\/gabriel-amengual\/","menu_order":0,"post_type":"autor","post_mime_type":"","comment_count":"0","filter":"raw"}],"booktrailer":"","resenas":""},"aioseo_notices":[],"_links":{"self":[{"href":"https:\/\/www.claret.cat\/es\/wp-json\/wp\/v2\/product\/179804","targetHints":{"allow":["GET"]}}],"collection":[{"href":"https:\/\/www.claret.cat\/es\/wp-json\/wp\/v2\/product"}],"about":[{"href":"https:\/\/www.claret.cat\/es\/wp-json\/wp\/v2\/types\/product"}],"wp:featuredmedia":[{"embeddable":true,"href":"https:\/\/www.claret.cat\/es\/wp-json\/wp\/v2\/media\/331635"}],"wp:attachment":[{"href":"https:\/\/www.claret.cat\/es\/wp-json\/wp\/v2\/media?parent=179804"}],"wp:term":[{"taxonomy":"product_brand","embeddable":true,"href":"https:\/\/www.claret.cat\/es\/wp-json\/wp\/v2\/product_brand?post=179804"},{"taxonomy":"product_cat","embeddable":true,"href":"https:\/\/www.claret.cat\/es\/wp-json\/wp\/v2\/product_cat?post=179804"},{"taxonomy":"product_tag","embeddable":true,"href":"https:\/\/www.claret.cat\/es\/wp-json\/wp\/v2\/product_tag?post=179804"}],"curies":[{"name":"wp","href":"https:\/\/api.w.org\/{rel}","templated":true}]}}