{"id":179813,"date":"2022-10-20T03:05:18","date_gmt":"2022-10-20T01:05:18","guid":{"rendered":"http:\/\/dev.claret.cat\/producte\/el-porvenir-de-los-terricolas\/"},"modified":"2024-05-02T16:34:04","modified_gmt":"2024-05-02T14:34:04","slug":"el-porvenir-de-los-terricolas-9788417341282","status":"publish","type":"product","link":"https:\/\/www.claret.cat\/es\/libro\/el-porvenir-de-los-terricolas-9788417341282\/","title":{"rendered":"EL PORVENIR DE LOS TERR\u00cdCOLAS"},"content":{"rendered":"<p>Abrumada por el imparable progreso tecnocient\u00edfico y decepcionada por las ideolog\u00edas de nuestro tiempo, la humanidad parece haberse quedado hoy en d\u00eda sin un \u00abfaro\u00bb que ilumine su camino hacia el futuro. Vivimos en un eterno presente caracterizado por desigualdades crecientes, violencias extendidas y una fuerte regresi\u00f3n ideol\u00f3gica.<br \/>Para definir esta condici\u00f3n social y humana, Aug\u00e9 utiliza la expresi\u00f3n \u00abprehistoria de la humanidad como sociedad planetaria\u00bb. Hemos entrado en una nueva era que se define por un desarrollo tecnol\u00f3gico sin precedentes, pero tambi\u00e9n por los movimientos migratorios globales, las crisis econ\u00f3mica, pol\u00edtica y ecol\u00f3gica, as\u00ed como la fuerte tensi\u00f3n entre la vida que se realiza en los no lugares (espacios de consumo, de tr\u00e1nsito y de comunicaci\u00f3n) y la necesidad de vivir en lugares reales, libres de relaciones virtuales.<br \/>Con su fina capacidad de an\u00e1lisis, Aug\u00e9 nos introduce en esta sugestiva cr\u00edtica del presente y nos sit\u00faa frente al reto de c\u00f3mo escapar de este impasse e inaugurar una era diferente. \u00bfSeremos capaces?<\/p>\n","protected":false},"excerpt":{"rendered":"<p>AUG\u00c9, MARC<\/p>\n","protected":false},"featured_media":330292,"template":"","meta":{"_acf_changed":false,"om_disable_all_campaigns":false,"rs_blank_template":"","rs_page_bg_color":"","slide_template_v7":"","inline_featured_image":false,"_monsterinsights_skip_tracking":false,"_monsterinsights_sitenote_active":false,"_monsterinsights_sitenote_note":"","_monsterinsights_sitenote_category":0},"product_brand":[],"product_cat":[84,350],"product_tag":[],"class_list":{"0":"post-179813","1":"product","2":"type-product","3":"status-publish","4":"has-post-thumbnail","6":"product_cat-sociologia","7":"product_cat-sociologia-2_humanidades","9":"first","10":"instock","11":"taxable","12":"shipping-taxable","13":"purchasable","14":"product-type-simple"},"acf":{"autor":"AUG\u00c9, MARC","codart":"841734128","libros-coleccion":"CLA-DE-MA \/ Antropolog\u00eda","ediciones":"1","encuadernacion":"R\u00fastica","fecha_de_publicacion":"20\/06\/2018","novedad":"1","paginas":"112","subtitulo":"EL FIN DE LA PREHISTORIA DE LA HUMANIDAD COMO SOCIEDAD PLANETARIA","orden":"0","portada":"0","idioma":"spa","editorial":[{"ID":147981,"post_author":"3","post_date":"2022-10-14 11:54:43","post_date_gmt":"2022-10-14 09:54:43","post_content":"","post_title":"EDITORIAL GEDISA","post_excerpt":"","post_status":"publish","comment_status":"closed","ping_status":"closed","post_password":"","post_name":"editorial-gedisa","to_ping":"","pinged":"","post_modified":"2022-10-14 11:54:43","post_modified_gmt":"2022-10-14 09:54:43","post_content_filtered":"","post_parent":0,"guid":"http:\/\/dev.claret.cat\/editorial\/editorial-gedisa\/","menu_order":0,"post_type":"editorial","post_mime_type":"","comment_count":"0","filter":"raw"}],"autores-libros":[{"ID":163287,"post_author":"3","post_date":"2022-10-14 17:37:49","post_date_gmt":"2022-10-14 15:37:49","post_content":"","post_title":"MARC AUG\u00c9","post_excerpt":"","post_status":"publish","comment_status":"closed","ping_status":"closed","post_password":"","post_name":"marc-auge","to_ping":"","pinged":"","post_modified":"2022-10-14 17:37:49","post_modified_gmt":"2022-10-14 15:37:49","post_content_filtered":"","post_parent":0,"guid":"http:\/\/dev.claret.cat\/autor\/marc-auge\/","menu_order":0,"post_type":"autor","post_mime_type":"","comment_count":"0","filter":"raw"}]},"aioseo_notices":[],"_links":{"self":[{"href":"https:\/\/www.claret.cat\/es\/wp-json\/wp\/v2\/product\/179813","targetHints":{"allow":["GET"]}}],"collection":[{"href":"https:\/\/www.claret.cat\/es\/wp-json\/wp\/v2\/product"}],"about":[{"href":"https:\/\/www.claret.cat\/es\/wp-json\/wp\/v2\/types\/product"}],"wp:featuredmedia":[{"embeddable":true,"href":"https:\/\/www.claret.cat\/es\/wp-json\/wp\/v2\/media\/330292"}],"wp:attachment":[{"href":"https:\/\/www.claret.cat\/es\/wp-json\/wp\/v2\/media?parent=179813"}],"wp:term":[{"taxonomy":"product_brand","embeddable":true,"href":"https:\/\/www.claret.cat\/es\/wp-json\/wp\/v2\/product_brand?post=179813"},{"taxonomy":"product_cat","embeddable":true,"href":"https:\/\/www.claret.cat\/es\/wp-json\/wp\/v2\/product_cat?post=179813"},{"taxonomy":"product_tag","embeddable":true,"href":"https:\/\/www.claret.cat\/es\/wp-json\/wp\/v2\/product_tag?post=179813"}],"curies":[{"name":"wp","href":"https:\/\/api.w.org\/{rel}","templated":true}]}}