{"id":179855,"date":"2022-10-20T03:06:00","date_gmt":"2022-10-20T01:06:00","guid":{"rendered":"http:\/\/dev.claret.cat\/producte\/por-que-ha-fracasado-el-liberalismo\/"},"modified":"2025-09-04T10:00:08","modified_gmt":"2025-09-04T08:00:08","slug":"por-que-ha-fracasado-el-liberalismo-9788432149993","status":"publish","type":"product","link":"https:\/\/www.claret.cat\/es\/libro\/por-que-ha-fracasado-el-liberalismo-9788432149993\/","title":{"rendered":"\u00bfPOR QU\u00c9 HA FRACASADO EL LIBERALISMO?"},"content":{"rendered":"<p>Deneen dibuja en trazos certeros los fundamentos de la visi\u00f3n del hombre y de la sociedad propia de la filosof\u00eda liberal, su individualismo y su estatismo. Se abordan los problemas de la democracia liberal, pero tambi\u00e9n la crisis de las humanidades, los retos de una econom\u00eda injusta, etc., y algunas pautas para lograr un liberalismo genuino.<\/p>\n","protected":false},"excerpt":{"rendered":"<p>DENEEN, PATRICK J.<\/p>\n","protected":false},"featured_media":344035,"template":"","meta":{"_acf_changed":false,"om_disable_all_campaigns":false,"rs_blank_template":"","rs_page_bg_color":"","slide_template_v7":"","inline_featured_image":false,"_monsterinsights_skip_tracking":false,"_monsterinsights_sitenote_active":false,"_monsterinsights_sitenote_note":"","_monsterinsights_sitenote_category":0},"product_brand":[],"product_cat":[120,569],"product_tag":[],"class_list":{"0":"post-179855","1":"product","2":"type-product","3":"status-publish","4":"has-post-thumbnail","6":"product_cat-politica","7":"product_cat-politica-2_humanidades-spa","9":"first","10":"instock","11":"taxable","12":"shipping-taxable","13":"purchasable","14":"product-type-simple"},"acf":{"autor":"DENEEN, PATRICK J.","codart":"843214999","libros-coleccion":"Pensamiento Actual","ediciones":"1","encuadernacion":"R\u00fastica","fecha_de_publicacion":"18\/06\/2018","novedad":"1","paginas":"256","subtitulo":"","orden":"0","portada":"0","idioma":"spa","editorial":[{"ID":6348,"post_author":"3","post_date":"2022-07-28 17:50:16","post_date_gmt":"2022-07-28 15:50:16","post_content":"","post_title":"Rialp","post_excerpt":"","post_status":"publish","comment_status":"closed","ping_status":"closed","post_password":"","post_name":"rialp","to_ping":"","pinged":"","post_modified":"2022-07-28 17:50:16","post_modified_gmt":"2022-07-28 15:50:16","post_content_filtered":"","post_parent":0,"guid":"http:\/\/dev.claret.cat\/editorial\/rialp\/","menu_order":0,"post_type":"editorial","post_mime_type":"","comment_count":"0","filter":"raw"}],"autores-libros":[{"ID":344034,"post_author":"3","post_date":"2023-01-13 18:41:10","post_date_gmt":"2023-01-13 17:41:10","post_content":"","post_title":"PATRICK J. DENEEN","post_excerpt":"","post_status":"publish","comment_status":"closed","ping_status":"closed","post_password":"","post_name":"patrick-j-deneen","to_ping":"","pinged":"","post_modified":"2023-01-13 18:41:10","post_modified_gmt":"2023-01-13 17:41:10","post_content_filtered":"","post_parent":0,"guid":"https:\/\/www.claret.cat\/autor\/patrick-j-deneen\/","menu_order":0,"post_type":"autor","post_mime_type":"","comment_count":"0","filter":"raw"}],"booktrailer":"","resenas":""},"aioseo_notices":[],"_links":{"self":[{"href":"https:\/\/www.claret.cat\/es\/wp-json\/wp\/v2\/product\/179855","targetHints":{"allow":["GET"]}}],"collection":[{"href":"https:\/\/www.claret.cat\/es\/wp-json\/wp\/v2\/product"}],"about":[{"href":"https:\/\/www.claret.cat\/es\/wp-json\/wp\/v2\/types\/product"}],"wp:featuredmedia":[{"embeddable":true,"href":"https:\/\/www.claret.cat\/es\/wp-json\/wp\/v2\/media\/344035"}],"wp:attachment":[{"href":"https:\/\/www.claret.cat\/es\/wp-json\/wp\/v2\/media?parent=179855"}],"wp:term":[{"taxonomy":"product_brand","embeddable":true,"href":"https:\/\/www.claret.cat\/es\/wp-json\/wp\/v2\/product_brand?post=179855"},{"taxonomy":"product_cat","embeddable":true,"href":"https:\/\/www.claret.cat\/es\/wp-json\/wp\/v2\/product_cat?post=179855"},{"taxonomy":"product_tag","embeddable":true,"href":"https:\/\/www.claret.cat\/es\/wp-json\/wp\/v2\/product_tag?post=179855"}],"curies":[{"name":"wp","href":"https:\/\/api.w.org\/{rel}","templated":true}]}}