{"id":180140,"date":"2022-10-20T03:10:36","date_gmt":"2022-10-20T01:10:36","guid":{"rendered":"http:\/\/dev.claret.cat\/producte\/yo-fui-johnny-thunders-bolsillo\/"},"modified":"2025-01-20T17:22:44","modified_gmt":"2025-01-20T16:22:44","slug":"yo-fui-johnny-thunders-bolsillo-9788491870517","status":"publish","type":"product","link":"https:\/\/www.claret.cat\/es\/libro\/yo-fui-johnny-thunders-bolsillo-9788491870517\/","title":{"rendered":"YO FUI JOHNNY THUNDERS (BOLSILLO)"},"content":{"rendered":"<p>Hubo una \u00e9poca en la que el rock&#8217;n&#8217;roll marc\u00f3 el ritmo de los sue\u00f1os de Francis, Mr. Frankie. esa vida hace tiempo que se esfum\u00f3. ahora Francis quiere empezar de nuevo en el barrio donde creci\u00f3. Quiere hacer las cosas bien, pero ni \u00e9l ni el barrio son los mismos. Y las cuentas pendientes tarde o temprano alguien tiene que pagarlas.<\/p>\n","protected":false},"excerpt":{"rendered":"<p>ZANON GARCIA, CARLOS<\/p>\n","protected":false},"featured_media":180141,"template":"","meta":{"_acf_changed":false,"om_disable_all_campaigns":false,"rs_blank_template":"","rs_page_bg_color":"","slide_template_v7":"","inline_featured_image":false,"_monsterinsights_skip_tracking":false,"_monsterinsights_sitenote_active":false,"_monsterinsights_sitenote_note":"","_monsterinsights_sitenote_category":0},"product_brand":[],"product_cat":[87,353],"product_tag":[],"class_list":{"0":"post-180140","1":"product","2":"type-product","3":"status-publish","4":"has-post-thumbnail","6":"product_cat-literatura","7":"product_cat-literatura-2_humanidades","9":"first","10":"instock","11":"taxable","12":"shipping-taxable","13":"purchasable","14":"product-type-simple"},"acf":{"autor":"ZANON GARCIA, CARLOS","codart":"849187051","libros-coleccion":"Ficci\u00f3n","ediciones":"1","encuadernacion":"R\u00fastica","fecha_de_publicacion":"01\/06\/2018","novedad":"1","paginas":"315","subtitulo":"","orden":"0","portada":"0","idioma":"spa","editorial":[{"ID":148734,"post_author":"3","post_date":"2022-10-14 12:00:33","post_date_gmt":"2022-10-14 10:00:33","post_content":"","post_title":"RBA Bolsillo","post_excerpt":"","post_status":"publish","comment_status":"closed","ping_status":"closed","post_password":"","post_name":"rba-bolsillo","to_ping":"","pinged":"","post_modified":"2022-10-14 12:00:33","post_modified_gmt":"2022-10-14 10:00:33","post_content_filtered":"","post_parent":0,"guid":"http:\/\/dev.claret.cat\/editorial\/rba-bolsillo\/","menu_order":0,"post_type":"editorial","post_mime_type":"","comment_count":"0","filter":"raw"}],"autores-libros":[{"ID":8302,"post_author":"3","post_date":"2022-09-30 09:47:33","post_date_gmt":"2022-09-30 07:47:33","post_content":"","post_title":"CARLOS ZANON GARCIA","post_excerpt":"","post_status":"publish","comment_status":"closed","ping_status":"closed","post_password":"","post_name":"carlos-zanon-garcia","to_ping":"","pinged":"","post_modified":"2022-09-30 09:47:33","post_modified_gmt":"2022-09-30 07:47:33","post_content_filtered":"","post_parent":0,"guid":"http:\/\/dev.claret.cat\/autor\/carlos-zanon-garcia\/","menu_order":0,"post_type":"autor","post_mime_type":"","comment_count":"0","filter":"raw"}]},"aioseo_notices":[],"_links":{"self":[{"href":"https:\/\/www.claret.cat\/es\/wp-json\/wp\/v2\/product\/180140","targetHints":{"allow":["GET"]}}],"collection":[{"href":"https:\/\/www.claret.cat\/es\/wp-json\/wp\/v2\/product"}],"about":[{"href":"https:\/\/www.claret.cat\/es\/wp-json\/wp\/v2\/types\/product"}],"wp:featuredmedia":[{"embeddable":true,"href":"https:\/\/www.claret.cat\/es\/wp-json\/wp\/v2\/media\/180141"}],"wp:attachment":[{"href":"https:\/\/www.claret.cat\/es\/wp-json\/wp\/v2\/media?parent=180140"}],"wp:term":[{"taxonomy":"product_brand","embeddable":true,"href":"https:\/\/www.claret.cat\/es\/wp-json\/wp\/v2\/product_brand?post=180140"},{"taxonomy":"product_cat","embeddable":true,"href":"https:\/\/www.claret.cat\/es\/wp-json\/wp\/v2\/product_cat?post=180140"},{"taxonomy":"product_tag","embeddable":true,"href":"https:\/\/www.claret.cat\/es\/wp-json\/wp\/v2\/product_tag?post=180140"}],"curies":[{"name":"wp","href":"https:\/\/api.w.org\/{rel}","templated":true}]}}