{"id":180272,"date":"2022-10-20T03:12:42","date_gmt":"2022-10-20T01:12:42","guid":{"rendered":"http:\/\/dev.claret.cat\/producte\/lise-meitner-2\/"},"modified":"2023-01-28T02:34:07","modified_gmt":"2023-01-28T01:34:07","slug":"lise-meitner-9788417137137","status":"publish","type":"product","link":"https:\/\/www.claret.cat\/es\/libro\/lise-meitner-9788417137137\/","title":{"rendered":"LISE MEITNER"},"content":{"rendered":"<p>En un m\u00f3n clarament dominat pels homes, Lise Meitner es va formar, va investigar sense descans i va aconseguir canviar la hist\u00f2ria d&#8217;una branca de la ci\u00e8ncia en la qual sempre va ser discriminada per ser dona. A m\u00e9s, va patir la persecuci\u00f3 dels nazis a Alemanya per ser jueva. Malgrat totes aquestes adversitats, va tenir un paper molt important en l&#8217;\u00e0mbit de la f\u00edsica, i les seves recerques van donar inici a l&#8217;era at\u00f2mica. Va aportar tant a la ci\u00e8ncia que sens dubte hauria merescut rebre el Premi Nobel. NO obstant aix\u00f2, mai l&#8217;hi van concedir.<\/p>\n","protected":false},"excerpt":{"rendered":"<p>VEGUETA EDICIONES<\/p>\n","protected":false},"featured_media":180273,"template":"","meta":{"_acf_changed":false,"om_disable_all_campaigns":false,"rs_blank_template":"","rs_page_bg_color":"","slide_template_v7":"","inline_featured_image":false,"_monsterinsights_skip_tracking":false,"_monsterinsights_sitenote_active":false,"_monsterinsights_sitenote_note":"","_monsterinsights_sitenote_category":0},"product_brand":[],"product_cat":[86],"product_tag":[],"class_list":{"0":"post-180272","1":"product","2":"type-product","3":"status-publish","4":"has-post-thumbnail","6":"product_cat-infantil","8":"first","9":"instock","10":"taxable","11":"shipping-taxable","12":"purchasable","13":"product-type-simple"},"acf":{"autor":"VEGUETA EDICIONES","codart":"841713713","libros-coleccion":"","ediciones":"1","encuadernacion":"Carton\u00e9","fecha_de_publicacion":"01\/06\/2018","novedad":"1","paginas":"36","subtitulo":"LA F\u00cdSICA QUE VA INICIAR L'ERA AT\u00d2MICA","orden":"0","portada":"0","idioma":"cat","editorial":[{"ID":6389,"post_author":"3","post_date":"2022-07-28 17:51:06","post_date_gmt":"2022-07-28 15:51:06","post_content":"","post_title":"VEGUETA EDICIONES","post_excerpt":"","post_status":"publish","comment_status":"closed","ping_status":"closed","post_password":"","post_name":"vegueta-ediciones","to_ping":"","pinged":"","post_modified":"2022-07-28 17:51:06","post_modified_gmt":"2022-07-28 15:51:06","post_content_filtered":"","post_parent":0,"guid":"http:\/\/dev.claret.cat\/editorial\/vegueta-ediciones\/","menu_order":0,"post_type":"editorial","post_mime_type":"","comment_count":"0","filter":"raw"}],"autores-libros":[{"ID":165333,"post_author":"3","post_date":"2022-10-14 17:54:20","post_date_gmt":"2022-10-14 15:54:20","post_content":"","post_title":"M\u00d3NICA RODR\u00cdGUEZ","post_excerpt":"","post_status":"publish","comment_status":"closed","ping_status":"closed","post_password":"","post_name":"monica-rodriguez","to_ping":"","pinged":"","post_modified":"2022-10-14 17:54:20","post_modified_gmt":"2022-10-14 15:54:20","post_content_filtered":"","post_parent":0,"guid":"http:\/\/dev.claret.cat\/autor\/monica-rodriguez\/","menu_order":0,"post_type":"autor","post_mime_type":"","comment_count":"0","filter":"raw"}]},"aioseo_notices":[],"_links":{"self":[{"href":"https:\/\/www.claret.cat\/es\/wp-json\/wp\/v2\/product\/180272","targetHints":{"allow":["GET"]}}],"collection":[{"href":"https:\/\/www.claret.cat\/es\/wp-json\/wp\/v2\/product"}],"about":[{"href":"https:\/\/www.claret.cat\/es\/wp-json\/wp\/v2\/types\/product"}],"wp:featuredmedia":[{"embeddable":true,"href":"https:\/\/www.claret.cat\/es\/wp-json\/wp\/v2\/media\/180273"}],"wp:attachment":[{"href":"https:\/\/www.claret.cat\/es\/wp-json\/wp\/v2\/media?parent=180272"}],"wp:term":[{"taxonomy":"product_brand","embeddable":true,"href":"https:\/\/www.claret.cat\/es\/wp-json\/wp\/v2\/product_brand?post=180272"},{"taxonomy":"product_cat","embeddable":true,"href":"https:\/\/www.claret.cat\/es\/wp-json\/wp\/v2\/product_cat?post=180272"},{"taxonomy":"product_tag","embeddable":true,"href":"https:\/\/www.claret.cat\/es\/wp-json\/wp\/v2\/product_tag?post=180272"}],"curies":[{"name":"wp","href":"https:\/\/api.w.org\/{rel}","templated":true}]}}