{"id":180299,"date":"2022-10-20T03:13:10","date_gmt":"2022-10-20T01:13:10","guid":{"rendered":"http:\/\/dev.claret.cat\/producte\/street-fighter\/"},"modified":"2023-01-28T16:00:07","modified_gmt":"2023-01-28T15:00:07","slug":"street-fighter-9788445005170","status":"publish","type":"product","link":"https:\/\/www.claret.cat\/es\/libro\/street-fighter-9788445005170\/","title":{"rendered":"STREET FIGHTER"},"content":{"rendered":"<p>DURANTE 30 A\u00d1OS, la saga Street Fighter ha ido creciendo sin parar, gracias a su sensacional combinaci\u00f3n de creatividad, estilo y t\u00e9cnica. Las innovadoras aportaciones del primer Street Fighter definieron el g\u00e9nero de los juegos de lucha, con sus combos \u00fanicos y personajes tan entra\u00f1ables como Ryu, Chun-Li o Akuma. Street Fighter no solo se convirti\u00f3 en un fen\u00f3meno global masivo en los a\u00f1os noventa, sino que dio lugar a una de las franquicias m\u00e1s perdurables e influyentes de la historia de los videojuegos.STREET FIGHTER te sumerge en el dise\u00f1o, la jugabilidad y la narrativa de Street Fighter y explora el impacto de la saga en la cultura popular y en el mundo de los juegos. STREET FIGHTER incluye im\u00e1genes ic\u00f3nicas, informaci\u00f3n entre bastidores y consejos estrat\u00e9gicos exclusivos de campeones mundiales. Son m\u00e1s de 300 p\u00e1ginas de entrevistas, arte e historia del universo Street Fighter&#8230; \u00a1Un t\u00edtulo imprescindible para cualquier amante de los juegos de lucha!<\/p>\n","protected":false},"excerpt":{"rendered":"<p>HENDERSHOT, STEVE<\/p>\n","protected":false},"featured_media":180300,"template":"","meta":{"_acf_changed":false,"om_disable_all_campaigns":false,"rs_blank_template":"","rs_page_bg_color":"","slide_template_v7":"","inline_featured_image":false,"_monsterinsights_skip_tracking":false,"_monsterinsights_sitenote_active":false,"_monsterinsights_sitenote_note":"","_monsterinsights_sitenote_category":0},"product_brand":[],"product_cat":[105,115],"product_tag":[],"class_list":{"0":"post-180299","1":"product","2":"type-product","3":"status-publish","4":"has-post-thumbnail","6":"product_cat-regal","7":"product_cat-videojocs","9":"first","10":"instock","11":"taxable","12":"shipping-taxable","13":"purchasable","14":"product-type-simple"},"acf":{"autor":"HENDERSHOT, STEVE","codart":"844500517","libros-coleccion":"MINOTAURO GAMES","ediciones":"1","encuadernacion":"Carton\u00e9","fecha_de_publicacion":"01\/06\/2018","novedad":"1","paginas":"304","subtitulo":"","orden":"0","portada":"0","idioma":"spa","editorial":[{"ID":6308,"post_author":"3","post_date":"2022-07-28 17:49:24","post_date_gmt":"2022-07-28 15:49:24","post_content":"","post_title":"Minotauro","post_excerpt":"","post_status":"publish","comment_status":"closed","ping_status":"closed","post_password":"","post_name":"minotauro","to_ping":"","pinged":"","post_modified":"2022-07-28 17:49:24","post_modified_gmt":"2022-07-28 15:49:24","post_content_filtered":"","post_parent":0,"guid":"http:\/\/dev.claret.cat\/editorial\/minotauro\/","menu_order":0,"post_type":"editorial","post_mime_type":"","comment_count":"0","filter":"raw"}]},"aioseo_notices":[],"_links":{"self":[{"href":"https:\/\/www.claret.cat\/es\/wp-json\/wp\/v2\/product\/180299","targetHints":{"allow":["GET"]}}],"collection":[{"href":"https:\/\/www.claret.cat\/es\/wp-json\/wp\/v2\/product"}],"about":[{"href":"https:\/\/www.claret.cat\/es\/wp-json\/wp\/v2\/types\/product"}],"wp:featuredmedia":[{"embeddable":true,"href":"https:\/\/www.claret.cat\/es\/wp-json\/wp\/v2\/media\/180300"}],"wp:attachment":[{"href":"https:\/\/www.claret.cat\/es\/wp-json\/wp\/v2\/media?parent=180299"}],"wp:term":[{"taxonomy":"product_brand","embeddable":true,"href":"https:\/\/www.claret.cat\/es\/wp-json\/wp\/v2\/product_brand?post=180299"},{"taxonomy":"product_cat","embeddable":true,"href":"https:\/\/www.claret.cat\/es\/wp-json\/wp\/v2\/product_cat?post=180299"},{"taxonomy":"product_tag","embeddable":true,"href":"https:\/\/www.claret.cat\/es\/wp-json\/wp\/v2\/product_tag?post=180299"}],"curies":[{"name":"wp","href":"https:\/\/api.w.org\/{rel}","templated":true}]}}