{"id":180308,"date":"2022-10-20T03:13:19","date_gmt":"2022-10-20T01:13:19","guid":{"rendered":"http:\/\/dev.claret.cat\/producte\/dones-uniques\/"},"modified":"2024-01-31T17:05:26","modified_gmt":"2024-01-31T16:05:26","slug":"dones-uniques-9788466423991","status":"publish","type":"product","link":"https:\/\/www.claret.cat\/es\/libro\/dones-uniques-9788466423991\/","title":{"rendered":"DONES \u00daNIQUES"},"content":{"rendered":"<p>Aquest llibre est\u00e0 protagonitzat per dones d&#8217;aqu\u00ed, dones catalanes d&#8217;una forma oberta i plural o simplement perqu\u00e8 tenen una relaci\u00f3 important amb aquest territori. Dones d&#8217;\u00e0mbits diferents (arts, ci\u00e8ncia, lletres, esports, activisme&#8230;) i de totes les \u00e8poques i condicions, tamb\u00e9 del present. Tan conegudes com Merc\u00e8 Rodoreda, Montserrat Caball\u00e9 i Emma Vilarasau o tan valuoses i desconegudes com Raimonda Matavacas o Elena Maseras. Superhero\u00efnes que van fer coses mai vistes o que van dedicar-se de ple a la seva vocaci\u00f3 i van tenir una vida plena i amb sentit. Dones que han arribat a ser tot all\u00f2 que han volgut ser, gr\u00e0cies tamb\u00e9 a altres dones com elles. Dones que no s&#8217;han posat cap l\u00edmit a l&#8217;hora de viure, investigar, explorar i ser.<\/p>\n","protected":false},"excerpt":{"rendered":"<p>BARDERI, MONTSE<\/p>\n","protected":false},"featured_media":180309,"template":"","meta":{"_acf_changed":false,"om_disable_all_campaigns":false,"rs_blank_template":"","rs_page_bg_color":"","slide_template_v7":"","inline_featured_image":false,"_monsterinsights_skip_tracking":false,"_monsterinsights_sitenote_active":false,"_monsterinsights_sitenote_note":"","_monsterinsights_sitenote_category":0},"product_brand":[],"product_cat":[549,99,105,555],"product_tag":[],"class_list":{"0":"post-180308","1":"product","2":"type-product","3":"status-publish","4":"has-post-thumbnail","6":"product_cat-biografias","7":"product_cat-biografies","8":"product_cat-regal","9":"product_cat-regalo","11":"first","12":"instock","13":"taxable","14":"shipping-taxable","15":"purchasable","16":"product-type-simple"},"acf":{"autor":"BARDERI, MONTSE","codart":"846642399","libros-coleccion":"FORA DE COL.LECCI\u00d3","ediciones":"1","encuadernacion":"Carton\u00e9","fecha_de_publicacion":"01\/06\/2018","novedad":"1","paginas":"350","subtitulo":"RELATS DE DONES D'AQU\u00cd QUE NO PODR\u00c0S OBLIDAR","orden":"0","portada":"0","idioma":"cat","editorial":[{"ID":6166,"post_author":"3","post_date":"2022-07-28 17:46:19","post_date_gmt":"2022-07-28 15:46:19","post_content":"","post_title":"Columna CAT","post_excerpt":"","post_status":"publish","comment_status":"closed","ping_status":"closed","post_password":"","post_name":"columna-cat","to_ping":"","pinged":"","post_modified":"2022-07-28 17:46:19","post_modified_gmt":"2022-07-28 15:46:19","post_content_filtered":"","post_parent":0,"guid":"http:\/\/dev.claret.cat\/editorial\/columna-cat\/","menu_order":0,"post_type":"editorial","post_mime_type":"","comment_count":"0","filter":"raw"}],"autores-libros":[{"ID":165378,"post_author":"3","post_date":"2022-10-14 17:54:42","post_date_gmt":"2022-10-14 15:54:42","post_content":"","post_title":"MONTSE BARDERI","post_excerpt":"","post_status":"publish","comment_status":"closed","ping_status":"closed","post_password":"","post_name":"montse-barderi","to_ping":"","pinged":"","post_modified":"2022-10-14 17:54:42","post_modified_gmt":"2022-10-14 15:54:42","post_content_filtered":"","post_parent":0,"guid":"http:\/\/dev.claret.cat\/autor\/montse-barderi\/","menu_order":0,"post_type":"autor","post_mime_type":"","comment_count":"0","filter":"raw"}]},"aioseo_notices":[],"_links":{"self":[{"href":"https:\/\/www.claret.cat\/es\/wp-json\/wp\/v2\/product\/180308","targetHints":{"allow":["GET"]}}],"collection":[{"href":"https:\/\/www.claret.cat\/es\/wp-json\/wp\/v2\/product"}],"about":[{"href":"https:\/\/www.claret.cat\/es\/wp-json\/wp\/v2\/types\/product"}],"wp:featuredmedia":[{"embeddable":true,"href":"https:\/\/www.claret.cat\/es\/wp-json\/wp\/v2\/media\/180309"}],"wp:attachment":[{"href":"https:\/\/www.claret.cat\/es\/wp-json\/wp\/v2\/media?parent=180308"}],"wp:term":[{"taxonomy":"product_brand","embeddable":true,"href":"https:\/\/www.claret.cat\/es\/wp-json\/wp\/v2\/product_brand?post=180308"},{"taxonomy":"product_cat","embeddable":true,"href":"https:\/\/www.claret.cat\/es\/wp-json\/wp\/v2\/product_cat?post=180308"},{"taxonomy":"product_tag","embeddable":true,"href":"https:\/\/www.claret.cat\/es\/wp-json\/wp\/v2\/product_tag?post=180308"}],"curies":[{"name":"wp","href":"https:\/\/api.w.org\/{rel}","templated":true}]}}