{"id":180347,"date":"2022-10-20T03:14:00","date_gmt":"2022-10-20T01:14:00","guid":{"rendered":"http:\/\/dev.claret.cat\/producte\/pensajocs-4\/"},"modified":"2026-01-20T17:27:55","modified_gmt":"2026-01-20T16:27:55","slug":"pensajocs-4-9788417091569","status":"publish","type":"product","link":"https:\/\/www.claret.cat\/es\/libro\/pensajocs-4-9788417091569\/","title":{"rendered":"PENSAJOCS 4"},"content":{"rendered":"<p>Pensajocs \u00e9s una col.lecci\u00f3 de quaderns que t\u00e9 com a objectiu estimular les principals funcions cognitives dels infants. S&#8217;hi proposen una gran varietat d&#8217;activitats que fan refer\u00e8ncia a atenci\u00f3, mem\u00f2ria, percepci\u00f3, llenguatge, pensament i raonament l\u00f2gic. En moltes d&#8217;aquestes activitats, els infants no nom\u00e9s hauran de pensar i raonar sin\u00f3 que tamb\u00e9 hauran d&#8217;utilitzar l&#8217;enginy a l&#8217;hora de trobar-ne la soluci\u00f3.<br \/> Tenint en compte que aquestes funcions cognitives estan a la base de tot el proc\u00e9s d&#8217;aprenentatge, Pensajocs esdevindr\u00e0 una eina de gran utilitat per tal de millorar el rendiment escolar dels infants. Tamb\u00e9 ser\u00e0 molt \u00fatil per als infants que presentin dificultats en alguna de les funcions cognitives (manca d&#8217;atenci\u00f3 i concentraci\u00f3, de capacitat de raonament, de mem\u00f2ria&#8230;)<br \/> Aquesta col.lecci\u00f3 consta de sis quaderns, un per cada curs de l&#8217;Educaci\u00f3 Primaria. En cada quadern, s&#8217;hi plantegen activitats de forma l\u00fadica i divertida. Mitjan\u00e7ant un personatge, que ser\u00e0 diferent a cada quadern, s&#8217;hi expliquen algunes curiositats i s&#8217;hi plantegen enigmes que els infants hauran de resoldre.<\/p>\n","protected":false},"excerpt":{"rendered":"<p>ESCUDERO ANGL\u00c8S, NEUS \/ GENOVER HUGUET, ROSER<\/p>\n","protected":false},"featured_media":1075294,"template":"","meta":{"_acf_changed":false,"om_disable_all_campaigns":false,"rs_blank_template":"","rs_page_bg_color":"","slide_template_v7":"","inline_featured_image":false,"_monsterinsights_skip_tracking":false,"_monsterinsights_sitenote_active":false,"_monsterinsights_sitenote_note":"","_monsterinsights_sitenote_category":0},"product_brand":[],"product_cat":[333,352,86,122],"product_tag":[],"class_list":{"0":"post-180347","1":"product","2":"type-product","3":"status-publish","4":"has-post-thumbnail","6":"product_cat-cuadernos-de-vacaciones","7":"product_cat-infantil-3_infantil-juvenil-spa","8":"product_cat-infantil","9":"product_cat-quaderns-de-vacances","11":"first","12":"instock","13":"taxable","14":"shipping-taxable","15":"purchasable","16":"product-type-simple"},"acf":{"autor":"ESCUDERO ANGL\u00c8S, NEUS \/ GENOVER HUGUET, ROSER","codart":"841709156","libros-coleccion":"Pensajocs","ediciones":"1","encuadernacion":"R\u00fastica","fecha_de_publicacion":"01\/06\/2018","novedad":"1","paginas":"39","subtitulo":"","orden":"0","portada":"0","idioma":"spa","editorial":[{"ID":148775,"post_author":"3","post_date":"2022-10-14 12:00:53","post_date_gmt":"2022-10-14 10:00:53","post_content":"","post_title":"Salvatella","post_excerpt":"","post_status":"publish","comment_status":"closed","ping_status":"closed","post_password":"","post_name":"salvatella","to_ping":"","pinged":"","post_modified":"2022-10-14 12:00:53","post_modified_gmt":"2022-10-14 10:00:53","post_content_filtered":"","post_parent":0,"guid":"http:\/\/dev.claret.cat\/editorial\/salvatella\/","menu_order":0,"post_type":"editorial","post_mime_type":"","comment_count":"0","filter":"raw"}],"autores-libros":[{"ID":168588,"post_author":"3","post_date":"2022-10-14 22:20:19","post_date_gmt":"2022-10-14 20:20:19","post_content":"","post_title":"ROSER GENOVER HUGUET","post_excerpt":"","post_status":"publish","comment_status":"closed","ping_status":"closed","post_password":"","post_name":"roser-genover-huguet","to_ping":"","pinged":"","post_modified":"2022-10-14 22:20:19","post_modified_gmt":"2022-10-14 20:20:19","post_content_filtered":"","post_parent":0,"guid":"http:\/\/dev.claret.cat\/autor\/roser-genover-huguet\/","menu_order":0,"post_type":"autor","post_mime_type":"","comment_count":"0","filter":"raw"},{"ID":268817,"post_author":"3","post_date":"2022-12-01 18:21:25","post_date_gmt":"2022-12-01 17:21:25","post_content":"","post_title":"NEUS ESCUDERO ANGL\u00c9S","post_excerpt":"","post_status":"publish","comment_status":"closed","ping_status":"closed","post_password":"","post_name":"neus-escudero-angles","to_ping":"","pinged":"","post_modified":"2022-12-01 18:21:25","post_modified_gmt":"2022-12-01 17:21:25","post_content_filtered":"","post_parent":0,"guid":"http:\/\/dev.claret.cat\/autor\/neus-escudero-angles\/","menu_order":0,"post_type":"autor","post_mime_type":"","comment_count":"0","filter":"raw"}],"booktrailer":"","resenas":""},"aioseo_notices":[],"_links":{"self":[{"href":"https:\/\/www.claret.cat\/es\/wp-json\/wp\/v2\/product\/180347","targetHints":{"allow":["GET"]}}],"collection":[{"href":"https:\/\/www.claret.cat\/es\/wp-json\/wp\/v2\/product"}],"about":[{"href":"https:\/\/www.claret.cat\/es\/wp-json\/wp\/v2\/types\/product"}],"wp:featuredmedia":[{"embeddable":true,"href":"https:\/\/www.claret.cat\/es\/wp-json\/wp\/v2\/media\/1075294"}],"wp:attachment":[{"href":"https:\/\/www.claret.cat\/es\/wp-json\/wp\/v2\/media?parent=180347"}],"wp:term":[{"taxonomy":"product_brand","embeddable":true,"href":"https:\/\/www.claret.cat\/es\/wp-json\/wp\/v2\/product_brand?post=180347"},{"taxonomy":"product_cat","embeddable":true,"href":"https:\/\/www.claret.cat\/es\/wp-json\/wp\/v2\/product_cat?post=180347"},{"taxonomy":"product_tag","embeddable":true,"href":"https:\/\/www.claret.cat\/es\/wp-json\/wp\/v2\/product_tag?post=180347"}],"curies":[{"name":"wp","href":"https:\/\/api.w.org\/{rel}","templated":true}]}}