{"id":1804,"date":"2022-07-27T21:01:32","date_gmt":"2022-07-27T19:01:32","guid":{"rendered":"http:\/\/dev.claret.cat\/producto\/sant-francesc-dassis-8497794303\/"},"modified":"2026-01-29T16:31:15","modified_gmt":"2026-01-29T15:31:15","slug":"sant-francesc-dassis-9788497794305","status":"publish","type":"product","link":"https:\/\/www.claret.cat\/es\/libro\/sant-francesc-dassis-9788497794305\/","title":{"rendered":"SANT FRANCESC D&#8217;ASS\u00cdS"},"content":{"rendered":"<p>L\u2019estudi o assaig \u2014m\u00e9s que biografia\u2014 sobre sant Francesc d\u2019Ass\u00eds fou el primer llibre que Chesterton va escriure despr\u00e9s de la seva conversi\u00f3 al catolicisme (1922). El va redactar amb una pau interior profunda que es reflecteix a cada p\u00e0gina, la qual cosa li va permetre estructurar-lo gaireb\u00e9 com un poema simf\u00f2nic. La compenetraci\u00f3 de l\u2019autor amb el seu protagonista permet que el lector entri en aspectes del sant que molts d\u2019altres havien passat per alt. El llibre \u00e9s una obra liter\u00e0ria de gran bellesa, f\u00e0cil de llegir, que va dedicat als qui, lliures de prejudicis, se senten capa\u00e7os d\u2019admirar el \u201cPobris\u00f3 d\u2019Ass\u00eds\u201d.<\/p>\n","protected":false},"excerpt":{"rendered":"<p>CHESTERTON, G.K.<\/p>\n","protected":false},"featured_media":1079719,"template":"","meta":{"_acf_changed":false,"om_disable_all_campaigns":false,"rs_blank_template":"","rs_page_bg_color":"","slide_template_v7":"","inline_featured_image":false,"_monsterinsights_skip_tracking":false,"_monsterinsights_sitenote_active":false,"_monsterinsights_sitenote_note":"","_monsterinsights_sitenote_category":0},"product_brand":[],"product_cat":[493,243,491,241],"product_tag":[],"class_list":{"0":"post-1804","1":"product","2":"type-product","3":"status-publish","4":"has-post-thumbnail","6":"product_cat-franciscana-espiritualidad-1_espiritualidad","7":"product_cat-franciscana","8":"product_cat-testimonios","9":"product_cat-testimonis","11":"first","12":"instock","13":"taxable","14":"shipping-taxable","15":"purchasable","16":"product-type-simple"},"acf":{"autor":"CHESTERTON, G.K.","codart":"849779430","ediciones":"3","encuadernacion":"R\u00fastica","fecha_de_publicacion":"01\/06\/2007","novedad":"0","paginas":"189","subtitulo":"","orden":"999","portada":"0","idioma":"cat","libros-coleccion":"","autores-libros":[{"ID":5501,"post_author":"3","post_date":"2022-07-28 17:25:20","post_date_gmt":"2022-07-28 15:25:20","post_content":"","post_title":"G.K. CHESTERTON","post_excerpt":"","post_status":"publish","comment_status":"closed","ping_status":"closed","post_password":"","post_name":"g-k-chesterton","to_ping":"","pinged":"","post_modified":"2022-07-28 17:25:20","post_modified_gmt":"2022-07-28 15:25:20","post_content_filtered":"","post_parent":0,"guid":"http:\/\/dev.claret.cat\/autor\/g-k-chesterton\/","menu_order":0,"post_type":"autor","post_mime_type":"","comment_count":"0","filter":"raw"}],"editorial":[{"ID":6322,"post_author":"3","post_date":"2022-07-28 17:49:42","post_date_gmt":"2022-07-28 15:49:42","post_content":"","post_title":"PAG\u00c8S EDITORS","post_excerpt":"","post_status":"publish","comment_status":"closed","ping_status":"closed","post_password":"","post_name":"pages-editors","to_ping":"","pinged":"","post_modified":"2022-07-28 17:49:42","post_modified_gmt":"2022-07-28 15:49:42","post_content_filtered":"","post_parent":0,"guid":"http:\/\/dev.claret.cat\/editorial\/pages-editors\/","menu_order":0,"post_type":"editorial","post_mime_type":"","comment_count":"0","filter":"raw"}],"booktrailer":"","resenas":""},"aioseo_notices":[],"_links":{"self":[{"href":"https:\/\/www.claret.cat\/es\/wp-json\/wp\/v2\/product\/1804","targetHints":{"allow":["GET"]}}],"collection":[{"href":"https:\/\/www.claret.cat\/es\/wp-json\/wp\/v2\/product"}],"about":[{"href":"https:\/\/www.claret.cat\/es\/wp-json\/wp\/v2\/types\/product"}],"wp:featuredmedia":[{"embeddable":true,"href":"https:\/\/www.claret.cat\/es\/wp-json\/wp\/v2\/media\/1079719"}],"wp:attachment":[{"href":"https:\/\/www.claret.cat\/es\/wp-json\/wp\/v2\/media?parent=1804"}],"wp:term":[{"taxonomy":"product_brand","embeddable":true,"href":"https:\/\/www.claret.cat\/es\/wp-json\/wp\/v2\/product_brand?post=1804"},{"taxonomy":"product_cat","embeddable":true,"href":"https:\/\/www.claret.cat\/es\/wp-json\/wp\/v2\/product_cat?post=1804"},{"taxonomy":"product_tag","embeddable":true,"href":"https:\/\/www.claret.cat\/es\/wp-json\/wp\/v2\/product_tag?post=1804"}],"curies":[{"name":"wp","href":"https:\/\/api.w.org\/{rel}","templated":true}]}}